{"id":739763,"date":"2025-03-03T18:05:25","date_gmt":"2025-03-03T17:05:25","guid":{"rendered":"https:\/\/stoic-curie.212-227-153-4.plesk.page\/producto\/mega-bokobran-crni-1500x1250mm\/"},"modified":"2026-02-25T00:00:36","modified_gmt":"2026-02-25T00:00:36","slug":"mega-bokobran-crni-1500x1250mm","status":"publish","type":"product","link":"https:\/\/stoic-curie.212-227-153-4.plesk.page\/hr\/product\/mega-bokobran-crni-1500x1250mm\/","title":{"rendered":"MegaFender Fendress 1500 x 1250mm"},"content":{"rendered":"<p>MegaFender Fendress 1500 x 1250mm &#8211; <\/p>\n<p style=\"color: rgb(34, 34, 34); font-family: Arial, Helvetica, sans-serif; font-size: small;\">Mega Fender napuhani fenderi posebno su dizajnirani za za\u0161titu velikih plovila i mega jahti. Lagani su i jednostavni za rukovanje. Njihov inovativni sustav ventila i visoka fleksibilnost omogu\u0107uju jednostavno ispuhivanje i pohranu, \u010dak i u sku\u010denim prostorima.<\/p>\n<p style=\"color: rgb(34, 34, 34); font-family: Arial, Helvetica, sans-serif; font-size: small;\">Ovi fenderi su dizajnirani za dugovje\u010dnost, s robusnim prstenovima od nehr\u0111aju\u0107eg \u010delika i trakama oja\u010danim Kevlarom\u00ae koje pru\u017eaju \u010dvrsto\u0107u do 3,5 tona. Uspje\u0161no kombiniraju malu te\u017einu s izvanrednom snagom.<\/p>\n<p style=\"color: rgb(34, 34, 34); font-family: Arial, Helvetica, sans-serif; font-size: small;\">Istaknute zna\u010dajke uklju\u010duju:<\/p>\n<ul style=\"color: rgb(34, 34, 34); font-family: Arial, Helvetica, sans-serif; font-size: small;\">\n<li>Oja\u010dane trake za pobolj\u0161anu izdr\u017eljivost<\/li>\n<li>Jednostavno rukovanje za prakti\u010dnost<\/li>\n<li>Prstenovi u obliku slova D od nehr\u0111aju\u0107eg \u010delika za sigurnu vezivanje<\/li>\n<li>Standardni vodootporni ventil za jednostavno napuhavanje i ispuhivanje<\/li>\n<\/ul>\n<p style=\"color: rgb(34, 34, 34); font-family: Arial, Helvetica, sans-serif; font-size: small;\">S Mega Fenderom mo\u017eete biti sigurni da je va\u0161e plovilo dobro za\u0161ti\u0107eno.<\/p>\n<p style=\"color: rgb(34, 34, 34); font-family: Arial, Helvetica, sans-serif; font-size: small;\">Fendress napuhani fenderi proizvode se na Dalekom Istoku i omiljeni su me\u0111u posadama superjahti zbog svog laganog, kompaktnog dizajna i izdr\u017eljivosti. Izra\u0111eni su od kombinacije konsolidiranog PVC-a i Kevlar oja\u010danja, \u0161to ih \u010dini robusnim i otpornim na probijanje i habanje.<\/p>\n<p style=\"color: rgb(34, 34, 34); font-family: Arial, Helvetica, sans-serif; font-size: small;\">Klju\u010dne zna\u010dajke Fendress napuhanih fendera uklju\u010duju:<\/p>\n<ul style=\"color: rgb(34, 34, 34); font-family: Arial, Helvetica, sans-serif; font-size: small;\">\n<li>Lagani i kompaktni: Znatno su lak\u0161i od konvencionalnih gumiranih fendera, \u0161to ih \u010dini lak\u0161ima za rukovanje i pohranu.<\/li>\n<li>\u010cvrsti i izdr\u017eljivi: Kombinacija konsolidiranog PVC-a i Kevlar oja\u010danja pru\u017ea izvrsnu za\u0161titu od probijanja i abrazije.<\/li>\n<li>Jednostavno napuhavanje i ispuhivanje: Mogu se napuhati pomo\u0107u bilo koje standardne pumpe i brzo ispuhati radi jednostavne pohrane.<\/li>\n<li>Dostupni u razli\u010ditim veli\u010dinama: Fendress fenderi dolaze u razli\u010ditim veli\u010dinama kako bi zadovoljili razli\u010dite veli\u010dine plovila i zahtjeve.<\/li>\n<\/ul>\n<p style=\"color: rgb(34, 34, 34); font-family: Arial, Helvetica, sans-serif; font-size: small;\">U sa\u017eetku, Fendress napuhani fenderi izvrsna su opcija za posade superjahti koje tra\u017ee lagani, izdr\u017eljivi i lako upotrebljivi napuhani fender.<\/p>\n","protected":false},"excerpt":{"rendered":"<p>MegaFender Fendress 1500 x 1250mm &#8211; Mega Fender napuhani fenderi posebno su dizajnirani za za\u0161titu velikih plovila i mega jahti.<\/p>\n","protected":false},"featured_media":5936924,"comment_status":"open","ping_status":"closed","template":"","meta":[],"product_brand":[2936],"product_cat":[1848],"product_tag":[],"class_list":{"0":"post-739763","1":"product","2":"type-product","3":"status-publish","4":"has-post-thumbnail","6":"product_brand-fendress-hr","7":"product_cat-brodski-bokobrani","9":"first","10":"instock","11":"shipping-taxable","12":"purchasable","13":"product-type-simple"},"_links":{"self":[{"href":"https:\/\/stoic-curie.212-227-153-4.plesk.page\/hr\/wp-json\/wp\/v2\/product\/739763","targetHints":{"allow":["GET"]}}],"collection":[{"href":"https:\/\/stoic-curie.212-227-153-4.plesk.page\/hr\/wp-json\/wp\/v2\/product"}],"about":[{"href":"https:\/\/stoic-curie.212-227-153-4.plesk.page\/hr\/wp-json\/wp\/v2\/types\/product"}],"replies":[{"embeddable":true,"href":"https:\/\/stoic-curie.212-227-153-4.plesk.page\/hr\/wp-json\/wp\/v2\/comments?post=739763"}],"version-history":[{"count":0,"href":"https:\/\/stoic-curie.212-227-153-4.plesk.page\/hr\/wp-json\/wp\/v2\/product\/739763\/revisions"}],"wp:featuredmedia":[{"embeddable":true,"href":"https:\/\/stoic-curie.212-227-153-4.plesk.page\/hr\/wp-json\/wp\/v2\/media\/5936924"}],"wp:attachment":[{"href":"https:\/\/stoic-curie.212-227-153-4.plesk.page\/hr\/wp-json\/wp\/v2\/media?parent=739763"}],"wp:term":[{"taxonomy":"product_brand","embeddable":true,"href":"https:\/\/stoic-curie.212-227-153-4.plesk.page\/hr\/wp-json\/wp\/v2\/product_brand?post=739763"},{"taxonomy":"product_cat","embeddable":true,"href":"https:\/\/stoic-curie.212-227-153-4.plesk.page\/hr\/wp-json\/wp\/v2\/product_cat?post=739763"},{"taxonomy":"product_tag","embeddable":true,"href":"https:\/\/stoic-curie.212-227-153-4.plesk.page\/hr\/wp-json\/wp\/v2\/product_tag?post=739763"}],"curies":[{"name":"wp","href":"https:\/\/api.w.org\/{rel}","templated":true}]}}