{"id":739770,"date":"2025-03-03T18:05:27","date_gmt":"2025-03-03T17:05:27","guid":{"rendered":"https:\/\/stoic-curie.212-227-153-4.plesk.page\/producto\/pramcana-platforma-r-marine-65x33cm-nehrdajuci-celik-i-tikovina\/"},"modified":"2026-02-25T00:00:36","modified_gmt":"2026-02-25T00:00:36","slug":"pramcana-platforma-r-marine-65x33cm-nehrdajuci-celik-i-tikovina","status":"publish","type":"product","link":"https:\/\/stoic-curie.212-227-153-4.plesk.page\/hr\/product\/pramcana-platforma-r-marine-65x33cm-nehrdajuci-celik-i-tikovina\/","title":{"rendered":"Pram\u010dana platforma R.Marine 65x33cm, nehr\u0111aju\u0107i \u010delik i tikovina"},"content":{"rendered":"<p>Pram\u010dana platforma R.Marine 65x33cm, nehr\u0111aju\u0107i \u010delik i tikovina &#8211; <\/p>\n<p>Cijevi od nehr\u0111aju\u0107eg \u010delika 316 i platforma za hardver. Teak drvena platforma.<\/p>\n","protected":false},"excerpt":{"rendered":"<p>Pram\u010dana platforma R.Marine 65x33cm, nehr\u0111aju\u0107i \u010delik i tikovina &#8211; Cijevi od nehr\u0111aju\u0107eg \u010delika 316 i platforma za hardver. Teak drvena<\/p>\n","protected":false},"featured_media":5936993,"comment_status":"open","ping_status":"closed","template":"","meta":[],"product_brand":[3491],"product_cat":[1694,1614],"product_tag":[],"class_list":{"0":"post-739770","1":"product","2":"type-product","3":"status-publish","4":"has-post-thumbnail","6":"product_brand-trem-hr","7":"product_cat-brodske-krmene-platforme","8":"product_cat-platforme-za-plivanje-na-brodu","10":"first","11":"instock","12":"shipping-taxable","13":"purchasable","14":"product-type-simple"},"_links":{"self":[{"href":"https:\/\/stoic-curie.212-227-153-4.plesk.page\/hr\/wp-json\/wp\/v2\/product\/739770","targetHints":{"allow":["GET"]}}],"collection":[{"href":"https:\/\/stoic-curie.212-227-153-4.plesk.page\/hr\/wp-json\/wp\/v2\/product"}],"about":[{"href":"https:\/\/stoic-curie.212-227-153-4.plesk.page\/hr\/wp-json\/wp\/v2\/types\/product"}],"replies":[{"embeddable":true,"href":"https:\/\/stoic-curie.212-227-153-4.plesk.page\/hr\/wp-json\/wp\/v2\/comments?post=739770"}],"version-history":[{"count":0,"href":"https:\/\/stoic-curie.212-227-153-4.plesk.page\/hr\/wp-json\/wp\/v2\/product\/739770\/revisions"}],"wp:featuredmedia":[{"embeddable":true,"href":"https:\/\/stoic-curie.212-227-153-4.plesk.page\/hr\/wp-json\/wp\/v2\/media\/5936993"}],"wp:attachment":[{"href":"https:\/\/stoic-curie.212-227-153-4.plesk.page\/hr\/wp-json\/wp\/v2\/media?parent=739770"}],"wp:term":[{"taxonomy":"product_brand","embeddable":true,"href":"https:\/\/stoic-curie.212-227-153-4.plesk.page\/hr\/wp-json\/wp\/v2\/product_brand?post=739770"},{"taxonomy":"product_cat","embeddable":true,"href":"https:\/\/stoic-curie.212-227-153-4.plesk.page\/hr\/wp-json\/wp\/v2\/product_cat?post=739770"},{"taxonomy":"product_tag","embeddable":true,"href":"https:\/\/stoic-curie.212-227-153-4.plesk.page\/hr\/wp-json\/wp\/v2\/product_tag?post=739770"}],"curies":[{"name":"wp","href":"https:\/\/api.w.org\/{rel}","templated":true}]}}