{"id":739784,"date":"2025-03-03T18:05:32","date_gmt":"2025-03-03T17:05:32","guid":{"rendered":"https:\/\/stoic-curie.212-227-153-4.plesk.page\/producto\/polirani-mesingani-sat-150mm\/"},"modified":"2026-02-25T00:00:36","modified_gmt":"2026-02-25T00:00:36","slug":"polirani-mesingani-sat-150mm","status":"publish","type":"product","link":"https:\/\/stoic-curie.212-227-153-4.plesk.page\/hr\/product\/polirani-mesingani-sat-150mm\/","title":{"rendered":"Polirani mesingani sat 150mm"},"content":{"rendered":"<p>Polirani mesingani sat 150mm &#8211; <\/p>\n<p>Profesionalna polirana mjerenja od punog mesinga za vremenske uvjete. Stalak i brava hublja omogu\u0107uju lako odr\u017eavanje i promjenu baterija. Izuzetno jasno otporno staklo. \u010cvrsta izrada s visokokvalitetnom zavr\u0161nom obradom.<\/p>\n","protected":false},"excerpt":{"rendered":"<p>Polirani mesingani sat 150mm &#8211; Profesionalna polirana mjerenja od punog mesinga za vremenske uvjete. Stalak i brava hublja omogu\u0107uju lako<\/p>\n","protected":false},"featured_media":5937028,"comment_status":"open","ping_status":"closed","template":"","meta":[],"product_brand":[2816],"product_cat":[1640,1777],"product_tag":[],"class_list":{"0":"post-739784","1":"product","2":"type-product","3":"status-publish","4":"has-post-thumbnail","6":"product_brand-barigo-hr","7":"product_cat-nauticki-dekor","8":"product_cat-nauticki-instrumenti","10":"first","11":"instock","12":"shipping-taxable","13":"purchasable","14":"product-type-simple"},"_links":{"self":[{"href":"https:\/\/stoic-curie.212-227-153-4.plesk.page\/hr\/wp-json\/wp\/v2\/product\/739784","targetHints":{"allow":["GET"]}}],"collection":[{"href":"https:\/\/stoic-curie.212-227-153-4.plesk.page\/hr\/wp-json\/wp\/v2\/product"}],"about":[{"href":"https:\/\/stoic-curie.212-227-153-4.plesk.page\/hr\/wp-json\/wp\/v2\/types\/product"}],"replies":[{"embeddable":true,"href":"https:\/\/stoic-curie.212-227-153-4.plesk.page\/hr\/wp-json\/wp\/v2\/comments?post=739784"}],"version-history":[{"count":0,"href":"https:\/\/stoic-curie.212-227-153-4.plesk.page\/hr\/wp-json\/wp\/v2\/product\/739784\/revisions"}],"wp:featuredmedia":[{"embeddable":true,"href":"https:\/\/stoic-curie.212-227-153-4.plesk.page\/hr\/wp-json\/wp\/v2\/media\/5937028"}],"wp:attachment":[{"href":"https:\/\/stoic-curie.212-227-153-4.plesk.page\/hr\/wp-json\/wp\/v2\/media?parent=739784"}],"wp:term":[{"taxonomy":"product_brand","embeddable":true,"href":"https:\/\/stoic-curie.212-227-153-4.plesk.page\/hr\/wp-json\/wp\/v2\/product_brand?post=739784"},{"taxonomy":"product_cat","embeddable":true,"href":"https:\/\/stoic-curie.212-227-153-4.plesk.page\/hr\/wp-json\/wp\/v2\/product_cat?post=739784"},{"taxonomy":"product_tag","embeddable":true,"href":"https:\/\/stoic-curie.212-227-153-4.plesk.page\/hr\/wp-json\/wp\/v2\/product_tag?post=739784"}],"curies":[{"name":"wp","href":"https:\/\/api.w.org\/{rel}","templated":true}]}}