{"id":739790,"date":"2025-03-03T18:05:34","date_gmt":"2025-03-03T17:05:34","guid":{"rendered":"https:\/\/stoic-curie.212-227-153-4.plesk.page\/producto\/hladnjak-vitrifrigo-c42l-12-24v\/"},"modified":"2026-02-25T00:00:36","modified_gmt":"2026-02-25T00:00:36","slug":"hladnjak-vitrifrigo-c42l-12-24v","status":"publish","type":"product","link":"https:\/\/stoic-curie.212-227-153-4.plesk.page\/hr\/product\/hladnjak-vitrifrigo-c42l-12-24v\/","title":{"rendered":"Hladnjak Vitrifrigo C42L"},"content":{"rendered":"<p>Hladnjak Vitrifrigo C42L &#8211; <\/p>\n<p style=\"color: rgb(34, 34, 34); font-family: Arial, Helvetica, sans-serif; font-size: small;\">Predstavljamo Vitrifrigo C42L Airlock hladnjak-zamrziva\u010d u sivoj boji. Ovaj hladnjak radi na vanjskoj Danfoss rashladnoj jedinici od 12\/24V, koja se mo\u017ee postaviti do 1,5 metara udaljenosti. Ima obrnuta vrata koja se mogu prilagoditi za ventilaciju tijekom razdoblja kada se ne koristi. Ure\u0111aj je opremljen LED svjetlom i mehani\u010dkim termostatom za jednostavno upravljanje temperaturom.<\/p>\n<p style=\"color: rgb(34, 34, 34); font-family: Arial, Helvetica, sans-serif; font-size: small;\">C42L CHR hladnjak-zamrziva\u010d iz Airlock serije nudi bogati ukupni kapacitet od 42 litre, \u0161to ga \u010dini izvrsnim izborom za va\u0161e potrebe. Rashladna jedinica je prakti\u010dno smje\u0161tena izvan glavnog odjeljka.<\/p>\n<p style=\"color: rgb(34, 34, 34); font-family: Arial, Helvetica, sans-serif; font-size: small;\">Istaknute zna\u010dajke uklju\u010duju stilizirana siva vrata s sustavom zaklju\u010davanja koji sprje\u010dava slu\u010dajno otvaranje. Osim toga, ru\u010dka vrata uklju\u010duje jedinstveni sustav &#8220;vent pozicija&#8221;, koji omogu\u0107uje djelomi\u010dno otvaranje kada ure\u0111aj nije u upotrebi. Ova zna\u010dajka poma\u017ee u sprje\u010davanju plijesni i neugodnih mirisa, dok osigurava da va\u0161a hrana ostane svje\u017ea.<\/p>\n<p style=\"color: rgb(34, 34, 34); font-family: Arial, Helvetica, sans-serif; font-size: small;\"><strong>Specifikacije:<\/strong><\/p>\n<ul style=\"color: rgb(34, 34, 34); font-family: Arial, Helvetica, sans-serif; font-size: small;\">\n<li><strong>Obrada vrata:<\/strong>&nbsp;Laminat<\/li>\n<li><strong>Kapacitet:<\/strong>&nbsp;42 litara<\/li>\n<li><strong>Visina:<\/strong>&nbsp;532 mm<\/li>\n<li><strong>Du\u017eina:<\/strong>&nbsp;380 mm<\/li>\n<li><strong>Dubina:<\/strong>&nbsp;384 mm<\/li>\n<li><strong>Te\u017eina:<\/strong>&nbsp;16 kg<\/li>\n<li><strong>Serija:<\/strong>&nbsp;AIRLOCK<\/li>\n<li><strong>Obrnuta vrata:<\/strong>&nbsp;Da<\/li>\n<li><strong>Termostat:<\/strong>&nbsp;Mehani\u010dki<\/li>\n<li><strong>Rashladna tehnologija:<\/strong>&nbsp;Kompresor<\/li>\n<li><strong>Rashladna jedinica:<\/strong>&nbsp;Vanjska<\/li>\n<li><strong>Otvor za vrata:<\/strong>&nbsp;Jedna prednja vrata<\/li>\n<li><strong>Napon:<\/strong>&nbsp;12\/24 VDC<\/li>\n<\/ul>\n<p style=\"color: rgb(34, 34, 34); font-family: Arial, Helvetica, sans-serif; font-size: small;\">Ovaj hladnjak-zamrziva\u010d je pouzdano i u\u010dinkovito rje\u0161enje za va\u0161e potrebe hla\u0111enja.<\/p>\n","protected":false},"excerpt":{"rendered":"<p>Hladnjak Vitrifrigo C42L &#8211; Predstavljamo Vitrifrigo C42L Airlock hladnjak-zamrziva\u010d u sivoj boji. Ovaj hladnjak radi na vanjskoj Danfoss rashladnoj jedinici<\/p>\n","protected":false},"featured_media":5937037,"comment_status":"open","ping_status":"closed","template":"","meta":[],"product_brand":[3526],"product_cat":[1751],"product_tag":[],"class_list":{"0":"post-739790","1":"product","2":"type-product","3":"status-publish","4":"has-post-thumbnail","6":"product_brand-vitrifrigo-hr","7":"product_cat-hladnjaci-i-zamrzivaci","9":"first","10":"instock","11":"shipping-taxable","12":"purchasable","13":"product-type-simple"},"_links":{"self":[{"href":"https:\/\/stoic-curie.212-227-153-4.plesk.page\/hr\/wp-json\/wp\/v2\/product\/739790","targetHints":{"allow":["GET"]}}],"collection":[{"href":"https:\/\/stoic-curie.212-227-153-4.plesk.page\/hr\/wp-json\/wp\/v2\/product"}],"about":[{"href":"https:\/\/stoic-curie.212-227-153-4.plesk.page\/hr\/wp-json\/wp\/v2\/types\/product"}],"replies":[{"embeddable":true,"href":"https:\/\/stoic-curie.212-227-153-4.plesk.page\/hr\/wp-json\/wp\/v2\/comments?post=739790"}],"version-history":[{"count":0,"href":"https:\/\/stoic-curie.212-227-153-4.plesk.page\/hr\/wp-json\/wp\/v2\/product\/739790\/revisions"}],"wp:featuredmedia":[{"embeddable":true,"href":"https:\/\/stoic-curie.212-227-153-4.plesk.page\/hr\/wp-json\/wp\/v2\/media\/5937037"}],"wp:attachment":[{"href":"https:\/\/stoic-curie.212-227-153-4.plesk.page\/hr\/wp-json\/wp\/v2\/media?parent=739790"}],"wp:term":[{"taxonomy":"product_brand","embeddable":true,"href":"https:\/\/stoic-curie.212-227-153-4.plesk.page\/hr\/wp-json\/wp\/v2\/product_brand?post=739790"},{"taxonomy":"product_cat","embeddable":true,"href":"https:\/\/stoic-curie.212-227-153-4.plesk.page\/hr\/wp-json\/wp\/v2\/product_cat?post=739790"},{"taxonomy":"product_tag","embeddable":true,"href":"https:\/\/stoic-curie.212-227-153-4.plesk.page\/hr\/wp-json\/wp\/v2\/product_tag?post=739790"}],"curies":[{"name":"wp","href":"https:\/\/api.w.org\/{rel}","templated":true}]}}