{"id":739791,"date":"2025-03-03T18:05:34","date_gmt":"2025-03-03T17:05:34","guid":{"rendered":"https:\/\/stoic-curie.212-227-153-4.plesk.page\/producto\/hladnjak-vitrifrigo-c75l\/"},"modified":"2026-02-25T00:00:36","modified_gmt":"2026-02-25T00:00:36","slug":"hladnjak-vitrifrigo-c75l","status":"publish","type":"product","link":"https:\/\/stoic-curie.212-227-153-4.plesk.page\/hr\/product\/hladnjak-vitrifrigo-c75l\/","title":{"rendered":"Hladnjak Vitrifrigo C75L"},"content":{"rendered":"<p>Hladnjak Vitrifrigo C75L &#8211; <\/p>\n<p style=\"color: rgb(34, 34, 34); font-family: Arial, Helvetica, sans-serif; font-size: small;\"><strong>Fri\u017eider-zamrziva\u010d, C75L CHR, Siva, Vitrifrigo<\/strong><\/p>\n<p style=\"color: rgb(34, 34, 34); font-family: Arial, Helvetica, sans-serif; font-size: small;\">Fri\u017eider-zamrziva\u010d Chromelock C75L CHR odli\u010dan je izbor, s ukupnim kapacitetom od 75 litara, a opcionalni zamrziva\u010d mo\u017ee primiti 10,2 litara. Jedinica za hla\u0111enje nalazi se vani.<\/p>\n<p style=\"color: rgb(34, 34, 34); font-family: Arial, Helvetica, sans-serif; font-size: small;\">Ovaj model ima sivu vrata koja se mogu oblo\u017eiti i opremljena su sustavom za zaklju\u010davanje kako bi se sprije\u010dilo slu\u010dajno otvaranje.<\/p>\n<p style=\"color: rgb(34, 34, 34); font-family: Arial, Helvetica, sans-serif; font-size: small;\">Osim toga, vrata uklju\u010duju jedinstveni sustav &#8220;vent pozicija&#8221; ugra\u0111en u ru\u010dku. Ovaj sustav omogu\u0107ava djelomi\u010dno otvaranje tijekom neaktivnosti, \u0161to poma\u017ee u sprje\u010davanju plijesni i neugodnih mirisa, istovremeno pobolj\u0161avaju\u0107i o\u010duvanje hrane.<\/p>\n<p style=\"color: rgb(34, 34, 34); font-family: Arial, Helvetica, sans-serif; font-size: small;\"><strong>Specifikacije:<\/strong><\/p>\n<ul style=\"color: rgb(34, 34, 34); font-family: Arial, Helvetica, sans-serif; font-size: small; font-style: normal; font-variant-ligatures: normal; font-variant-caps: normal; font-weight: 400; letter-spacing: normal; orphans: 2; text-align: start; text-indent: 0px; text-transform: none; widows: 2; word-spacing: 0px; -webkit-text-stroke-width: 0px; white-space: normal; text-decoration-thickness: initial; text-decoration-style: initial; text-decoration-color: initial;\">\n<li><strong>Zavr\u0161etak vrata:<\/strong><span>&amp;nbsp;<\/span>Laminate<\/li>\n<li><strong>Kapacitet:<\/strong><span>&amp;nbsp;<\/span>75.00 litara<\/li>\n<li><strong>Visina:<\/strong><span>&amp;nbsp;<\/span>622.00 mm<\/li>\n<li><strong>Du\u017eina:<\/strong><span>&amp;nbsp;<\/span>470.00 mm<\/li>\n<li><strong>Dubina:<\/strong><span>&amp;nbsp;<\/span>460.00 mm<\/li>\n<li><strong>Te\u017eina:<\/strong><span>&amp;nbsp;<\/span>18.60 kg<\/li>\n<li><strong>Serija:<\/strong><span>&amp;nbsp;<\/span>CHROMELOCK<\/li>\n<li><strong>Obratna vrata:<\/strong><span>&amp;nbsp;<\/span>Da<\/li>\n<li><strong>Termostat:<\/strong><span>&amp;nbsp;<\/span>Mehani\u010dki<\/li>\n<li><strong>Tehnologija hla\u0111enja:<\/strong><span>&amp;nbsp;<\/span>Kompresor<\/li>\n<li><strong>Hladionik:<\/strong><span>&amp;nbsp;<\/span>Vanjski<\/li>\n<li><strong>Otvaranje vrata:<\/strong><span>&amp;nbsp;<\/span>Jedna prednja vrata<\/li>\n<li><strong>Napon:<\/strong><span>&amp;nbsp;<\/span>12\/24 VDC<\/li>\n<\/ul>\n","protected":false},"excerpt":{"rendered":"<p>Hladnjak Vitrifrigo C75L &#8211; Fri\u017eider-zamrziva\u010d, C75L CHR, Siva, Vitrifrigo Fri\u017eider-zamrziva\u010d Chromelock C75L CHR odli\u010dan je izbor, s ukupnim kapacitetom od<\/p>\n","protected":false},"featured_media":5937042,"comment_status":"open","ping_status":"closed","template":"","meta":[],"product_brand":[3526],"product_cat":[1751],"product_tag":[],"class_list":{"0":"post-739791","1":"product","2":"type-product","3":"status-publish","4":"has-post-thumbnail","6":"product_brand-vitrifrigo-hr","7":"product_cat-hladnjaci-i-zamrzivaci","9":"first","10":"instock","11":"shipping-taxable","12":"purchasable","13":"product-type-simple"},"_links":{"self":[{"href":"https:\/\/stoic-curie.212-227-153-4.plesk.page\/hr\/wp-json\/wp\/v2\/product\/739791","targetHints":{"allow":["GET"]}}],"collection":[{"href":"https:\/\/stoic-curie.212-227-153-4.plesk.page\/hr\/wp-json\/wp\/v2\/product"}],"about":[{"href":"https:\/\/stoic-curie.212-227-153-4.plesk.page\/hr\/wp-json\/wp\/v2\/types\/product"}],"replies":[{"embeddable":true,"href":"https:\/\/stoic-curie.212-227-153-4.plesk.page\/hr\/wp-json\/wp\/v2\/comments?post=739791"}],"version-history":[{"count":0,"href":"https:\/\/stoic-curie.212-227-153-4.plesk.page\/hr\/wp-json\/wp\/v2\/product\/739791\/revisions"}],"wp:featuredmedia":[{"embeddable":true,"href":"https:\/\/stoic-curie.212-227-153-4.plesk.page\/hr\/wp-json\/wp\/v2\/media\/5937042"}],"wp:attachment":[{"href":"https:\/\/stoic-curie.212-227-153-4.plesk.page\/hr\/wp-json\/wp\/v2\/media?parent=739791"}],"wp:term":[{"taxonomy":"product_brand","embeddable":true,"href":"https:\/\/stoic-curie.212-227-153-4.plesk.page\/hr\/wp-json\/wp\/v2\/product_brand?post=739791"},{"taxonomy":"product_cat","embeddable":true,"href":"https:\/\/stoic-curie.212-227-153-4.plesk.page\/hr\/wp-json\/wp\/v2\/product_cat?post=739791"},{"taxonomy":"product_tag","embeddable":true,"href":"https:\/\/stoic-curie.212-227-153-4.plesk.page\/hr\/wp-json\/wp\/v2\/product_tag?post=739791"}],"curies":[{"name":"wp","href":"https:\/\/api.w.org\/{rel}","templated":true}]}}