{"id":739803,"date":"2025-03-03T18:05:37","date_gmt":"2025-03-03T17:05:37","guid":{"rendered":"https:\/\/stoic-curie.212-227-153-4.plesk.page\/producto\/antena-visesmjerna-supergain-ballade-tv-dvbt-hdtv\/"},"modified":"2026-02-25T00:00:36","modified_gmt":"2026-02-25T00:00:36","slug":"antena-visesmjerna-supergain-ballade-tv-dvbt-hdtv","status":"publish","type":"product","link":"https:\/\/stoic-curie.212-227-153-4.plesk.page\/hr\/product\/antena-visesmjerna-supergain-ballade-tv-dvbt-hdtv\/","title":{"rendered":"Antena vi\u0161esmjerna Supergain Ballade TV DVBT\/HDTV"},"content":{"rendered":"<p>Antena vi\u0161esmjerna Supergain Ballade TV DVBT\/HDTV &#8211; <\/p>\n<p>Omnidirekcijska Supergain Ballade TV DVBT\/HDTV antena. Male dimenzije i jednostavna instalacija zahvaljuju\u0107i integriranom nosa\u010du. Opremljena poja\u010dalom, 5 m koaksijalnim kablom i 12V adapterom. Frekvencija: 170\/890 MHz &#8211; Impedancija: 75 Ohm.<\/p>\n","protected":false},"excerpt":{"rendered":"<p>Antena vi\u0161esmjerna Supergain Ballade TV DVBT\/HDTV &#8211; Omnidirekcijska Supergain Ballade TV DVBT\/HDTV antena. Male dimenzije i jednostavna instalacija zahvaljuju\u0107i integriranom<\/p>\n","protected":false},"featured_media":5937069,"comment_status":"open","ping_status":"closed","template":"","meta":[],"product_brand":[3446],"product_cat":[1754],"product_tag":[],"class_list":{"0":"post-739803","1":"product","2":"type-product","3":"status-publish","4":"has-post-thumbnail","6":"product_brand-supergain-hr","7":"product_cat-tv-antene","9":"first","10":"instock","11":"shipping-taxable","12":"purchasable","13":"product-type-simple"},"_links":{"self":[{"href":"https:\/\/stoic-curie.212-227-153-4.plesk.page\/hr\/wp-json\/wp\/v2\/product\/739803","targetHints":{"allow":["GET"]}}],"collection":[{"href":"https:\/\/stoic-curie.212-227-153-4.plesk.page\/hr\/wp-json\/wp\/v2\/product"}],"about":[{"href":"https:\/\/stoic-curie.212-227-153-4.plesk.page\/hr\/wp-json\/wp\/v2\/types\/product"}],"replies":[{"embeddable":true,"href":"https:\/\/stoic-curie.212-227-153-4.plesk.page\/hr\/wp-json\/wp\/v2\/comments?post=739803"}],"version-history":[{"count":0,"href":"https:\/\/stoic-curie.212-227-153-4.plesk.page\/hr\/wp-json\/wp\/v2\/product\/739803\/revisions"}],"wp:featuredmedia":[{"embeddable":true,"href":"https:\/\/stoic-curie.212-227-153-4.plesk.page\/hr\/wp-json\/wp\/v2\/media\/5937069"}],"wp:attachment":[{"href":"https:\/\/stoic-curie.212-227-153-4.plesk.page\/hr\/wp-json\/wp\/v2\/media?parent=739803"}],"wp:term":[{"taxonomy":"product_brand","embeddable":true,"href":"https:\/\/stoic-curie.212-227-153-4.plesk.page\/hr\/wp-json\/wp\/v2\/product_brand?post=739803"},{"taxonomy":"product_cat","embeddable":true,"href":"https:\/\/stoic-curie.212-227-153-4.plesk.page\/hr\/wp-json\/wp\/v2\/product_cat?post=739803"},{"taxonomy":"product_tag","embeddable":true,"href":"https:\/\/stoic-curie.212-227-153-4.plesk.page\/hr\/wp-json\/wp\/v2\/product_tag?post=739803"}],"curies":[{"name":"wp","href":"https:\/\/api.w.org\/{rel}","templated":true}]}}