{"id":739811,"date":"2025-03-03T18:05:39","date_gmt":"2025-03-03T17:05:39","guid":{"rendered":"https:\/\/stoic-curie.212-227-153-4.plesk.page\/producto\/brodski-bimini-f2-plavi-2-luka-od-aluminija-170-cm-sirina-x-180-cm-duzina-x-110-cm-visina\/"},"modified":"2026-02-25T00:00:38","modified_gmt":"2026-02-25T00:00:38","slug":"brodski-bimini-f2-plavi-2-luka-od-aluminija-170-cm-sirina-x-180-cm-duzina-x-110-cm-visina","status":"publish","type":"product","link":"https:\/\/stoic-curie.212-227-153-4.plesk.page\/hr\/product\/brodski-bimini-f2-plavi-2-luka-od-aluminija-170-cm-sirina-x-180-cm-duzina-x-110-cm-visina\/","title":{"rendered":"Brodski bimini F2 plavi, 2 luka od aluminija 170 cm \u0160irina x 180 cm du\u017eina x 110 cm Visina"},"content":{"rendered":"<p>Brodski bimini F2 plavi, 2 luka od aluminija 170 cm \u0160irina x 180 cm du\u017eina x 110 cm Visina &#8211; <\/p>\n<p>Bimini za sunce i vodu s 2 luka. Anodizirani aluminijski okvir, 100% poliester s PVC premazom. Cijevi promjera 20 mm.<\/p>\n","protected":false},"excerpt":{"rendered":"<p>Brodski bimini F2 plavi, 2 luka od aluminija 170 cm \u0160irina x 180 cm du\u017eina x 110 cm Visina &#8211;<\/p>\n","protected":false},"featured_media":5937074,"comment_status":"open","ping_status":"closed","template":"","meta":[],"product_brand":[3186],"product_cat":[1689],"product_tag":[],"class_list":{"0":"post-739811","1":"product","2":"type-product","3":"status-publish","4":"has-post-thumbnail","6":"product_brand-nettuno-hr","7":"product_cat-bimini-tende","9":"first","10":"instock","11":"shipping-taxable","12":"purchasable","13":"product-type-simple"},"_links":{"self":[{"href":"https:\/\/stoic-curie.212-227-153-4.plesk.page\/hr\/wp-json\/wp\/v2\/product\/739811","targetHints":{"allow":["GET"]}}],"collection":[{"href":"https:\/\/stoic-curie.212-227-153-4.plesk.page\/hr\/wp-json\/wp\/v2\/product"}],"about":[{"href":"https:\/\/stoic-curie.212-227-153-4.plesk.page\/hr\/wp-json\/wp\/v2\/types\/product"}],"replies":[{"embeddable":true,"href":"https:\/\/stoic-curie.212-227-153-4.plesk.page\/hr\/wp-json\/wp\/v2\/comments?post=739811"}],"version-history":[{"count":0,"href":"https:\/\/stoic-curie.212-227-153-4.plesk.page\/hr\/wp-json\/wp\/v2\/product\/739811\/revisions"}],"wp:featuredmedia":[{"embeddable":true,"href":"https:\/\/stoic-curie.212-227-153-4.plesk.page\/hr\/wp-json\/wp\/v2\/media\/5937074"}],"wp:attachment":[{"href":"https:\/\/stoic-curie.212-227-153-4.plesk.page\/hr\/wp-json\/wp\/v2\/media?parent=739811"}],"wp:term":[{"taxonomy":"product_brand","embeddable":true,"href":"https:\/\/stoic-curie.212-227-153-4.plesk.page\/hr\/wp-json\/wp\/v2\/product_brand?post=739811"},{"taxonomy":"product_cat","embeddable":true,"href":"https:\/\/stoic-curie.212-227-153-4.plesk.page\/hr\/wp-json\/wp\/v2\/product_cat?post=739811"},{"taxonomy":"product_tag","embeddable":true,"href":"https:\/\/stoic-curie.212-227-153-4.plesk.page\/hr\/wp-json\/wp\/v2\/product_tag?post=739811"}],"curies":[{"name":"wp","href":"https:\/\/api.w.org\/{rel}","templated":true}]}}