{"id":739819,"date":"2025-03-03T18:05:41","date_gmt":"2025-03-03T17:05:41","guid":{"rendered":"https:\/\/stoic-curie.212-227-153-4.plesk.page\/producto\/f3-bimini-od-nehrdajuceg-celika-3-luka-plavi-200-x-185-x-h140-cm\/"},"modified":"2026-02-25T00:00:38","modified_gmt":"2026-02-25T00:00:38","slug":"f3-bimini-od-nehrdajuceg-celika-3-luka-plavi-200-x-185-x-h140-cm","status":"publish","type":"product","link":"https:\/\/stoic-curie.212-227-153-4.plesk.page\/hr\/product\/f3-bimini-od-nehrdajuceg-celika-3-luka-plavi-200-x-185-x-h140-cm\/","title":{"rendered":"Bimini od nehr\u0111aju\u0107eg \u010delika, 3 luka, plavi, 200 x 185 x H140 cm"},"content":{"rendered":"<p>Bimini od nehr\u0111aju\u0107eg \u010delika, 3 luka, plavi, 200 x 185 x H140 cm &#8211; <\/p>\n<p><span style=\"font-weight: 700;\">F3 Bimini od nehr\u0111aju\u0107eg \u010delika s 3 luka plava 200 x 185 x H140 cm.&nbsp;<\/span><strong>Bimini s 3 luka od nehr\u0111aju\u0107eg \u010delika: Pouzdana opcija sjenila za va\u0161u plovilu<\/strong><\/p>\n<p>Bimini s 3 luka od nehr\u0111aju\u0107eg \u010delika izvrstan je izbor za mnoge \u010damce. Odli\u010dno se uklapa za otvorene \u010damce, aluminijske \u010damce i gumenjake. S jakim okvirom od \u00d822mm 316 nehr\u0111aju\u0107eg \u010delika, pru\u017ea pouzdanu sjenu i za\u0161titu tijekom va\u0161ih izleta na vodi.<\/p>\n<p><strong>Kvalitetni materijali za dug \u017eivot<\/strong><\/p>\n<p>Ovaj Bimini izra\u0111en je od 310 g\/m\u00b2 ATLAS marine kvalitete. Otporan je na UV zrake i vremenske utjecaje, osiguravaju\u0107i da traje i zadr\u017ei svoju boju u te\u0161kim morskim uvjetima. Set uklju\u010duje okvir od nehr\u0111aju\u0107eg \u010delika, platneni krov s torbom za pohranu, robusne trake i popre\u010dne \u0161ipke. To olak\u0161ava instalaciju. Dobro obavlja svoj zadatak i osigurava udobnost na vodi pri brzinama do 40 \u010dvorova.<\/p>\n<p><strong>Napomene o hardveru<\/strong><\/p>\n<p>Set sadr\u017ei sav potrebni hardver za sastavljanje. Me\u0111utim, ne uklju\u010duje spojnice za pri\u010dvr\u0161\u0107ivanje Bimini okvira na va\u0161 \u010damac. Morat \u0107ete prona\u0107i odgovaraju\u0107e spojnice ovisno o materijalu va\u0161eg \u010damca.<\/p>\n<p><strong>Jednostavne opcije za pohranu<\/strong><\/p>\n<p>Bimini je dizajniran za jednostavno pohranjivanje. Dolazi s torbom za pohranu koja poma\u017ee odr\u017eati platno urednim. Mo\u017eete ga polo\u017eiti ravno na rub \u010damca ili ga potpuno ukloniti odspajanjem monta\u017ea za palubu.<\/p>\n<p><strong>Klju\u010dne zna\u010dajke:<\/strong><\/p>\n<ul>\n<li>Vodootporno i prozra\u010dno platno<\/li>\n<li>Otporno na UV zrake i vremenske utjecaje s postojano\u0161\u0107u boje 6-7<\/li>\n<li>Otporno na plijesan i gljivice<\/li>\n<li>Jak okvir od nehr\u0111aju\u0107eg \u010delika i morski kvalitetni dijelovi<\/li>\n<li>Udobno pri brzinama do 40 \u010dvorova<\/li>\n<\/ul>\n","protected":false},"excerpt":{"rendered":"<p>Bimini od nehr\u0111aju\u0107eg \u010delika, 3 luka, plavi, 200 x 185 x H140 cm &#8211; F3 Bimini od nehr\u0111aju\u0107eg \u010delika s<\/p>\n","protected":false},"featured_media":5937087,"comment_status":"open","ping_status":"closed","template":"","meta":[],"product_brand":[3186],"product_cat":[1689],"product_tag":[],"class_list":{"0":"post-739819","1":"product","2":"type-product","3":"status-publish","4":"has-post-thumbnail","6":"product_brand-nettuno-hr","7":"product_cat-bimini-tende","9":"first","10":"instock","11":"shipping-taxable","12":"purchasable","13":"product-type-simple"},"_links":{"self":[{"href":"https:\/\/stoic-curie.212-227-153-4.plesk.page\/hr\/wp-json\/wp\/v2\/product\/739819","targetHints":{"allow":["GET"]}}],"collection":[{"href":"https:\/\/stoic-curie.212-227-153-4.plesk.page\/hr\/wp-json\/wp\/v2\/product"}],"about":[{"href":"https:\/\/stoic-curie.212-227-153-4.plesk.page\/hr\/wp-json\/wp\/v2\/types\/product"}],"replies":[{"embeddable":true,"href":"https:\/\/stoic-curie.212-227-153-4.plesk.page\/hr\/wp-json\/wp\/v2\/comments?post=739819"}],"version-history":[{"count":0,"href":"https:\/\/stoic-curie.212-227-153-4.plesk.page\/hr\/wp-json\/wp\/v2\/product\/739819\/revisions"}],"wp:featuredmedia":[{"embeddable":true,"href":"https:\/\/stoic-curie.212-227-153-4.plesk.page\/hr\/wp-json\/wp\/v2\/media\/5937087"}],"wp:attachment":[{"href":"https:\/\/stoic-curie.212-227-153-4.plesk.page\/hr\/wp-json\/wp\/v2\/media?parent=739819"}],"wp:term":[{"taxonomy":"product_brand","embeddable":true,"href":"https:\/\/stoic-curie.212-227-153-4.plesk.page\/hr\/wp-json\/wp\/v2\/product_brand?post=739819"},{"taxonomy":"product_cat","embeddable":true,"href":"https:\/\/stoic-curie.212-227-153-4.plesk.page\/hr\/wp-json\/wp\/v2\/product_cat?post=739819"},{"taxonomy":"product_tag","embeddable":true,"href":"https:\/\/stoic-curie.212-227-153-4.plesk.page\/hr\/wp-json\/wp\/v2\/product_tag?post=739819"}],"curies":[{"name":"wp","href":"https:\/\/api.w.org\/{rel}","templated":true}]}}