{"id":739820,"date":"2025-03-03T18:05:41","date_gmt":"2025-03-03T17:05:41","guid":{"rendered":"https:\/\/stoic-curie.212-227-153-4.plesk.page\/producto\/odobreni-prsluk-za-spasavanje-vsg-kid-yellow-15-30-kg-100n\/"},"modified":"2026-02-25T00:00:38","modified_gmt":"2026-02-25T00:00:38","slug":"odobreni-prsluk-za-spasavanje-vsg-kid-yellow-15-30-kg-100n","status":"publish","type":"product","link":"https:\/\/stoic-curie.212-227-153-4.plesk.page\/hr\/product\/odobreni-prsluk-za-spasavanje-vsg-kid-yellow-15-30-kg-100n\/","title":{"rendered":"Odobreni prsluk za spa\u0161avanje VSG Kid Yellow 15-30 Kg 100N"},"content":{"rendered":"<p>Odobreni prsluk za spa\u0161avanje VSG Kid Yellow 15-30 Kg 100N &#8211; <\/p>\n<p>100N vrlo udoban i nosiv dje\u010dji plasti\u010dni prsluk za spa\u0161avanje, EN ISO 12402-4 certificiran za vikend na moru unutar 6 nauti\u010dkih milja od obale. Zna\u010dajke: materijal otporan na kidanje, ovratnik dizajniran za bolju za\u0161titu glave, patentni zatvara\u010d, remen s brzo otpu\u0161tanjem, donji i me\u0111uno\u017eni pojas, reflektiraju\u0107i mirisi i zvi\u017edaljka. 100N &#8211; Pogodno za osobe koje znaju plivati. Nije pogodno za nesvjesne osobe.<\/p>\n","protected":false},"excerpt":{"rendered":"<p>Odobreni prsluk za spa\u0161avanje VSG Kid Yellow 15-30 Kg 100N &#8211; 100N vrlo udoban i nosiv dje\u010dji plasti\u010dni prsluk za<\/p>\n","protected":false},"featured_media":5937089,"comment_status":"open","ping_status":"closed","template":"","meta":[],"product_brand":[2193,3516],"product_cat":[1606],"product_tag":[],"class_list":{"0":"post-739820","1":"product","2":"type-product","3":"status-publish","4":"has-post-thumbnail","6":"product_brand-veleria-san-giorgio","7":"product_brand-veleria-san-giorgio-hr","8":"product_cat-djecji-prsluci-za-spasavanje","10":"first","11":"instock","12":"shipping-taxable","13":"purchasable","14":"product-type-simple"},"_links":{"self":[{"href":"https:\/\/stoic-curie.212-227-153-4.plesk.page\/hr\/wp-json\/wp\/v2\/product\/739820","targetHints":{"allow":["GET"]}}],"collection":[{"href":"https:\/\/stoic-curie.212-227-153-4.plesk.page\/hr\/wp-json\/wp\/v2\/product"}],"about":[{"href":"https:\/\/stoic-curie.212-227-153-4.plesk.page\/hr\/wp-json\/wp\/v2\/types\/product"}],"replies":[{"embeddable":true,"href":"https:\/\/stoic-curie.212-227-153-4.plesk.page\/hr\/wp-json\/wp\/v2\/comments?post=739820"}],"version-history":[{"count":0,"href":"https:\/\/stoic-curie.212-227-153-4.plesk.page\/hr\/wp-json\/wp\/v2\/product\/739820\/revisions"}],"wp:featuredmedia":[{"embeddable":true,"href":"https:\/\/stoic-curie.212-227-153-4.plesk.page\/hr\/wp-json\/wp\/v2\/media\/5937089"}],"wp:attachment":[{"href":"https:\/\/stoic-curie.212-227-153-4.plesk.page\/hr\/wp-json\/wp\/v2\/media?parent=739820"}],"wp:term":[{"taxonomy":"product_brand","embeddable":true,"href":"https:\/\/stoic-curie.212-227-153-4.plesk.page\/hr\/wp-json\/wp\/v2\/product_brand?post=739820"},{"taxonomy":"product_cat","embeddable":true,"href":"https:\/\/stoic-curie.212-227-153-4.plesk.page\/hr\/wp-json\/wp\/v2\/product_cat?post=739820"},{"taxonomy":"product_tag","embeddable":true,"href":"https:\/\/stoic-curie.212-227-153-4.plesk.page\/hr\/wp-json\/wp\/v2\/product_tag?post=739820"}],"curies":[{"name":"wp","href":"https:\/\/api.w.org\/{rel}","templated":true}]}}