{"id":739822,"date":"2025-03-03T18:05:42","date_gmt":"2025-03-03T17:05:42","guid":{"rendered":"https:\/\/stoic-curie.212-227-153-4.plesk.page\/producto\/djecji-sigurnosni-prsluk-150n-do-15-kg\/"},"modified":"2026-02-25T00:00:38","modified_gmt":"2026-02-25T00:00:38","slug":"djecji-sigurnosni-prsluk-150n-do-15-kg","status":"publish","type":"product","link":"https:\/\/stoic-curie.212-227-153-4.plesk.page\/hr\/product\/djecji-sigurnosni-prsluk-150n-do-15-kg\/","title":{"rendered":"Dje\u010dji sigurnosni prsluk 150N do 15 kg"},"content":{"rendered":"<p>Dje\u010dji sigurnosni prsluk 150N do 15 kg &#8211; <\/p>\n<p>Drago nam je predstaviti na\u0161u baby pjenastu prsluk za spa\u0161avanje snage 150N, izra\u0111en za udobnost i jednostavnost kori\u0161tenja. Ovaj prsluk ima EN ISO 12402-3 certifikat, \u0161to ga \u010dini prikladnim za rekreativno plovidbu izvan 6 milja od obale. Njegov dizajn s plovnom snagom poma\u017ee osigurati da dojen\u010dad ostane u najboljoj poziciji dok su u vodi. Zna\u010dajke uklju\u010duju patentni zatvara\u010d, podesivu strukovu traku, ru\u010dku za hvatanje, reflektivne trake i zvi\u017edaljku. S ocjenom 150N, ovaj prsluk za spa\u0161avanje savr\u0161en je za situacije na otvorenom moru, \u010dak i za one koji bi mogli biti nesvjesni.<\/p>\n","protected":false},"excerpt":{"rendered":"<p>Dje\u010dji sigurnosni prsluk 150N do 15 kg &#8211; Drago nam je predstaviti na\u0161u baby pjenastu prsluk za spa\u0161avanje snage 150N,<\/p>\n","protected":false},"featured_media":5937092,"comment_status":"open","ping_status":"closed","template":"","meta":[],"product_brand":[3516],"product_cat":[1606],"product_tag":[],"class_list":{"0":"post-739822","1":"product","2":"type-product","3":"status-publish","4":"has-post-thumbnail","6":"product_brand-veleria-san-giorgio-hr","7":"product_cat-djecji-prsluci-za-spasavanje","9":"first","10":"instock","11":"shipping-taxable","12":"purchasable","13":"product-type-simple"},"_links":{"self":[{"href":"https:\/\/stoic-curie.212-227-153-4.plesk.page\/hr\/wp-json\/wp\/v2\/product\/739822","targetHints":{"allow":["GET"]}}],"collection":[{"href":"https:\/\/stoic-curie.212-227-153-4.plesk.page\/hr\/wp-json\/wp\/v2\/product"}],"about":[{"href":"https:\/\/stoic-curie.212-227-153-4.plesk.page\/hr\/wp-json\/wp\/v2\/types\/product"}],"replies":[{"embeddable":true,"href":"https:\/\/stoic-curie.212-227-153-4.plesk.page\/hr\/wp-json\/wp\/v2\/comments?post=739822"}],"version-history":[{"count":0,"href":"https:\/\/stoic-curie.212-227-153-4.plesk.page\/hr\/wp-json\/wp\/v2\/product\/739822\/revisions"}],"wp:featuredmedia":[{"embeddable":true,"href":"https:\/\/stoic-curie.212-227-153-4.plesk.page\/hr\/wp-json\/wp\/v2\/media\/5937092"}],"wp:attachment":[{"href":"https:\/\/stoic-curie.212-227-153-4.plesk.page\/hr\/wp-json\/wp\/v2\/media?parent=739822"}],"wp:term":[{"taxonomy":"product_brand","embeddable":true,"href":"https:\/\/stoic-curie.212-227-153-4.plesk.page\/hr\/wp-json\/wp\/v2\/product_brand?post=739822"},{"taxonomy":"product_cat","embeddable":true,"href":"https:\/\/stoic-curie.212-227-153-4.plesk.page\/hr\/wp-json\/wp\/v2\/product_cat?post=739822"},{"taxonomy":"product_tag","embeddable":true,"href":"https:\/\/stoic-curie.212-227-153-4.plesk.page\/hr\/wp-json\/wp\/v2\/product_tag?post=739822"}],"curies":[{"name":"wp","href":"https:\/\/api.w.org\/{rel}","templated":true}]}}