{"id":739853,"date":"2025-03-03T18:05:50","date_gmt":"2025-03-03T17:05:50","guid":{"rendered":"https:\/\/stoic-curie.212-227-153-4.plesk.page\/producto\/pramcani-potisnik-vetus-55kgf-24v\/"},"modified":"2026-02-25T00:00:38","modified_gmt":"2026-02-25T00:00:38","slug":"pramcani-potisnik-vetus-55kgf-24v","status":"publish","type":"product","link":"https:\/\/stoic-curie.212-227-153-4.plesk.page\/hr\/product\/pramcani-potisnik-vetus-55kgf-24v\/","title":{"rendered":"Pramcani potisnik Vetus 55kgf 24V"},"content":{"rendered":"<p>Pramcani potisnik Vetus 55kgf 24V &#8211; <\/p>\n<p>Vetus 55kgf BOW5524D \u0161iroko se smatra jednim od najpopularnijih sustava za propulziju za jahte i plovila do 12,5 metara (42 stope). Izra\u0111en je od premium materijala, osiguravaju\u0107i visoku snagu i dug vijek trajanja. Zanimljivo je da Vetus 55kgf jedinica ima tunel promjera 150 mm, \u0161to pojednostavljuje instalaciju u odnosu na konkurente koji obi\u010dno koriste standardne jedinice od 185 mm.<\/p>\n<p>Klju\u010dne zna\u010dajke Vetus sustava propulzije uklju\u010duju:<\/p>\n<ul>\n<li>Fleksibilna spojka izme\u0111u stra\u017enjeg dijela i motora koja u\u010dinkovito eliminira vibracije.<\/li>\n<li>Energijski u\u010dinkovita konstrukcija motora.<\/li>\n<li>P pojednostavljeni proces instalacije.<\/li>\n<li>Jedna propeler koja stvara manje poreme\u0107aja toka unutar tunela.<\/li>\n<li>Jedinstven dizajn o\u0161trica propelera koji minimizira buku od kavitacije.<\/li>\n<li>Robusni sinteti\u010dki propeler koji je otporan na koroziju i lagan.<\/li>\n<li>Spiralni zup\u010danici koji smanjuju prijenosnu buku.<\/li>\n<li>Usagla\u0161enost s EMC zahtjevima.<\/li>\n<\/ul>\n<p>Prednosti odabira Vetus sustava propulzije su:<\/p>\n<ul>\n<li>Kvalitetan, visokosnazan 24V DC motor.<\/li>\n<li>Oblikovani donji sustav od bronce za pobolj\u0161ane performanse.<\/li>\n<li>Jednostruki \u0161estokraki propeler, posebno dizajniran u suradnji s MARIN-om, koji daje 9% ve\u0107i potisak i jednako dobro funkcionira u oba smjera, \u0161to rezultira smanjenjem kavitacije i buke tunela.<\/li>\n<li>Fleksibilna pogonska spojka koja eliminira potrebu za bifakorom.<\/li>\n<li>Opcije upravljanja s vi\u0161e stanica s jednostavnim povezivanjem.<\/li>\n<li>Jaka globalna reputacija za pouzdanost.<\/li>\n<\/ul>\n<p>Specifikacije modela:<\/p>\n<ul>\n<li>Potisak: 55 Kgf<\/li>\n<li>Snaga: 3 kW (4 hp)<\/li>\n<li>Obrnuti DC motor: Da<\/li>\n<li>Unutarnji promjer tunela: 150 mm<\/li>\n<li>Te\u017eina (bez tunela): 20 kg<\/li>\n<\/ul>\n<p>Specifikacije napajanja:<\/p>\n<ul>\n<li>Potro\u0161nja struje: 200 Ampera<\/li>\n<li>Maksimalno vrijeme rada: 4 minute<\/li>\n<li>Glavna osigura\u010d (&#8216;Slow Blow&#8217;): 125 Ampera<\/li>\n<li>Baterijski kabeli (m\/mm\u00b2): 0-11\/35<\/li>\n<\/ul>\n<p>Ovaj sveobuhvatan pregled isti\u010de Vetus 55kgf BOW5524D kao pouzdanu i u\u010dinkovitu opciju za vlasnike plovila koji tra\u017ee visokokvalitetni sustav propulzije.<\/p>\n","protected":false},"excerpt":{"rendered":"<p>Pramcani potisnik Vetus 55kgf 24V &#8211; Vetus 55kgf BOW5524D \u0161iroko se smatra jednim od najpopularnijih sustava za propulziju za jahte<\/p>\n","protected":false},"featured_media":5936409,"comment_status":"open","ping_status":"closed","template":"","meta":[],"product_brand":[3521],"product_cat":[1609],"product_tag":[],"class_list":{"0":"post-739853","1":"product","2":"type-product","3":"status-publish","4":"has-post-thumbnail","6":"product_brand-vetus-hr","7":"product_cat-pramcani-potisnici-vetus","9":"first","10":"instock","11":"shipping-taxable","12":"purchasable","13":"product-type-simple"},"_links":{"self":[{"href":"https:\/\/stoic-curie.212-227-153-4.plesk.page\/hr\/wp-json\/wp\/v2\/product\/739853","targetHints":{"allow":["GET"]}}],"collection":[{"href":"https:\/\/stoic-curie.212-227-153-4.plesk.page\/hr\/wp-json\/wp\/v2\/product"}],"about":[{"href":"https:\/\/stoic-curie.212-227-153-4.plesk.page\/hr\/wp-json\/wp\/v2\/types\/product"}],"replies":[{"embeddable":true,"href":"https:\/\/stoic-curie.212-227-153-4.plesk.page\/hr\/wp-json\/wp\/v2\/comments?post=739853"}],"version-history":[{"count":0,"href":"https:\/\/stoic-curie.212-227-153-4.plesk.page\/hr\/wp-json\/wp\/v2\/product\/739853\/revisions"}],"wp:featuredmedia":[{"embeddable":true,"href":"https:\/\/stoic-curie.212-227-153-4.plesk.page\/hr\/wp-json\/wp\/v2\/media\/5936409"}],"wp:attachment":[{"href":"https:\/\/stoic-curie.212-227-153-4.plesk.page\/hr\/wp-json\/wp\/v2\/media?parent=739853"}],"wp:term":[{"taxonomy":"product_brand","embeddable":true,"href":"https:\/\/stoic-curie.212-227-153-4.plesk.page\/hr\/wp-json\/wp\/v2\/product_brand?post=739853"},{"taxonomy":"product_cat","embeddable":true,"href":"https:\/\/stoic-curie.212-227-153-4.plesk.page\/hr\/wp-json\/wp\/v2\/product_cat?post=739853"},{"taxonomy":"product_tag","embeddable":true,"href":"https:\/\/stoic-curie.212-227-153-4.plesk.page\/hr\/wp-json\/wp\/v2\/product_tag?post=739853"}],"curies":[{"name":"wp","href":"https:\/\/api.w.org\/{rel}","templated":true}]}}