{"id":739854,"date":"2025-03-03T18:05:50","date_gmt":"2025-03-03T17:05:50","guid":{"rendered":"https:\/\/stoic-curie.212-227-153-4.plesk.page\/producto\/pramcani-potisnik-vetus-75kgf-12v\/"},"modified":"2026-02-25T00:00:38","modified_gmt":"2026-02-25T00:00:38","slug":"pramcani-potisnik-vetus-75kgf-12v","status":"publish","type":"product","link":"https:\/\/stoic-curie.212-227-153-4.plesk.page\/hr\/product\/pramcani-potisnik-vetus-75kgf-12v\/","title":{"rendered":"Pramcani potisnik Vetus 75kgf 12V"},"content":{"rendered":"<p>Pramcani potisnik Vetus 75kgf 12V &#8211; <\/p>\n<p>Vetus BOW7512D potisni motor, dizajniran za jahte i motorne brodove do 15 metara, izra\u0111en je od vrhunskih materijala kako bi se osigurale visoke performanse i dugotrajnost.<\/p>\n<p><strong>Klju\u010dne prednosti Vetus potisnog motora:<\/strong><\/p>\n<ul>\n<li>Kvalitetan 12V DC motor s visokom snagom.<\/li>\n<li>Streamlined bron\u010dano donje noge za pobolj\u0161anu u\u010dinkovitost.<\/li>\n<li>Jedan 6-zup\u010dasti propeler, razvijen u suradnji s MARIN-om, koji daje 9% vi\u0161e potisne snage u oba smjera, smanjuju\u0107i kavitatiju i buku tunela.<\/li>\n<li>Fleksibilna spojna sklopka koja eliminira potrebu za prekidnom iglom.<\/li>\n<li>Kontrolne opcije s vi\u0161e stanica uz jednostavno povezivanje.<\/li>\n<li>Svjetski poznata kvaliteta i pouzdanost.<\/li>\n<\/ul>\n<p><strong>Tehni\u010dke specifikacije Vetus BOW7512D potisnog motora:<\/strong><\/p>\n<ul>\n<li>Potisna snaga: 75 kgf<\/li>\n<li>Napajanje: 12V<\/li>\n<li>Promjer: 185 mm<\/li>\n<\/ul>\n<p><strong>Prednosti Vetus potisnih motora:<\/strong><\/p>\n<ul>\n<li>Dizajn s jednim propelerom minimizira ometanje protoka unutar tunela.<\/li>\n<li>Jedinstveni dizajn listova propelera smanjuje buku od kavitatije.<\/li>\n<li>Fleksibilna sklopka izme\u0111u stra\u017enjeg dijela i motora smanjuje vibracije.<\/li>\n<li>Svi Vetus sustavi imaju streamlined donji dio za optimalan protok.<\/li>\n<li>Robustan sinteti\u010dki propeler otporan je na koroziju i smanjuje te\u017einu.<\/li>\n<li>Instalacija je jednostavna, a dolaze s jasnim uputama.<\/li>\n<li>Vetus nudi novu liniju kontrolnih panela od aluminija visoke kvalitete koji su kompatibilni sa starijim modelima.<\/li>\n<li>U svi Vetus manevriraju\u0107i sustavi udovoljavaju EMC zahtjevima.<\/li>\n<\/ul>\n<p><strong>Tehni\u010dke specifikacije:<\/strong><\/p>\n<ul>\n<li>Napajanje: 12V DC<\/li>\n<li>Potro\u0161nja struje: 500A<\/li>\n<li>Kontinuirano radno vrijeme: 2 minute<\/li>\n<li>Glavna osigura\u010d (spora): 355A<\/li>\n<li>Zahtjevi za bateriju: 12V, minimum\/maksimum Ah: 1&#215;120 \/ 1&#215;225<\/li>\n<li>Glavni prekida\u010d za bateriju: Model BATSW \/ Tip BPMAIN250 \/ 12<\/li>\n<li>Maksimalno vrijeme rada: 2 minute<\/li>\n<li>Reverzibilni DC motor: Da<\/li>\n<li>Za\u0161tita od paljenja: Ne<\/li>\n<li>Potisna snaga: 800N \/ 176 lbf<\/li>\n<li>Snaga: 6 hp<\/li>\n<li>Unutarnji promjer tunela: 185 mm<\/li>\n<li>Te\u017eina: 26 kg<\/li>\n<li>Duljina baterijskog kabela (pozitivno\/negativno): 0-8\/70 \/ 8-11\/95<\/li>\n<\/ul>\n<p><strong>Detalji o modelu:<\/strong><\/p>\n<ul>\n<li>Potisna snaga: 80 kgf<\/li>\n<li>Snaga: 4.4 kW (6 hp)<\/li>\n<li>Reverzibilni DC motor: Da<\/li>\n<li>Unutarnji promjer tunela: 185 mm<\/li>\n<li>Te\u017eina (bez tunela): 26 kg<\/li>\n<\/ul>\n<p>Ovaj sveobuhvatan pregled Vetus BOW7512D potisnog motora isti\u010de njegove izvanredne karakteristike i specifikacije, osiguravaju\u0107i da vlasnici brodova mogu donijeti informiranu odluku prilikom odabira pouzdane opreme za svoje brodove.<\/p>\n","protected":false},"excerpt":{"rendered":"<p>Pramcani potisnik Vetus 75kgf 12V &#8211; Vetus BOW7512D potisni motor, dizajniran za jahte i motorne brodove do 15 metara, izra\u0111en<\/p>\n","protected":false},"featured_media":5936550,"comment_status":"open","ping_status":"closed","template":"","meta":[],"product_brand":[3521],"product_cat":[1609],"product_tag":[],"class_list":{"0":"post-739854","1":"product","2":"type-product","3":"status-publish","4":"has-post-thumbnail","6":"product_brand-vetus-hr","7":"product_cat-pramcani-potisnici-vetus","9":"first","10":"instock","11":"shipping-taxable","12":"purchasable","13":"product-type-simple"},"_links":{"self":[{"href":"https:\/\/stoic-curie.212-227-153-4.plesk.page\/hr\/wp-json\/wp\/v2\/product\/739854","targetHints":{"allow":["GET"]}}],"collection":[{"href":"https:\/\/stoic-curie.212-227-153-4.plesk.page\/hr\/wp-json\/wp\/v2\/product"}],"about":[{"href":"https:\/\/stoic-curie.212-227-153-4.plesk.page\/hr\/wp-json\/wp\/v2\/types\/product"}],"replies":[{"embeddable":true,"href":"https:\/\/stoic-curie.212-227-153-4.plesk.page\/hr\/wp-json\/wp\/v2\/comments?post=739854"}],"version-history":[{"count":0,"href":"https:\/\/stoic-curie.212-227-153-4.plesk.page\/hr\/wp-json\/wp\/v2\/product\/739854\/revisions"}],"wp:featuredmedia":[{"embeddable":true,"href":"https:\/\/stoic-curie.212-227-153-4.plesk.page\/hr\/wp-json\/wp\/v2\/media\/5936550"}],"wp:attachment":[{"href":"https:\/\/stoic-curie.212-227-153-4.plesk.page\/hr\/wp-json\/wp\/v2\/media?parent=739854"}],"wp:term":[{"taxonomy":"product_brand","embeddable":true,"href":"https:\/\/stoic-curie.212-227-153-4.plesk.page\/hr\/wp-json\/wp\/v2\/product_brand?post=739854"},{"taxonomy":"product_cat","embeddable":true,"href":"https:\/\/stoic-curie.212-227-153-4.plesk.page\/hr\/wp-json\/wp\/v2\/product_cat?post=739854"},{"taxonomy":"product_tag","embeddable":true,"href":"https:\/\/stoic-curie.212-227-153-4.plesk.page\/hr\/wp-json\/wp\/v2\/product_tag?post=739854"}],"curies":[{"name":"wp","href":"https:\/\/api.w.org\/{rel}","templated":true}]}}