{"id":739855,"date":"2025-03-03T18:05:50","date_gmt":"2025-03-03T17:05:50","guid":{"rendered":"https:\/\/stoic-curie.212-227-153-4.plesk.page\/producto\/pramcani-potisnik-vetus-75kgf-24v\/"},"modified":"2026-02-25T00:00:38","modified_gmt":"2026-02-25T00:00:38","slug":"pramcani-potisnik-vetus-75kgf-24v","status":"publish","type":"product","link":"https:\/\/stoic-curie.212-227-153-4.plesk.page\/hr\/product\/pramcani-potisnik-vetus-75kgf-24v\/","title":{"rendered":"Pramcani potisnik Vetus 75kgf 24V"},"content":{"rendered":"<p>Pramcani potisnik Vetus 75kgf 24V &#8211; <\/p>\n<p>Vetus BOW7524D 75Kgf propeler za pramac je dizajniran za jahte i motorne \u010damce du\u017eine do 15 metara (50 stopa). Izra\u0111en je od vrhunskih materijala, osiguravaju\u0107i visoke performanse i dug vijek trajanja. Ovaj propeler za pramac isporu\u010duje potisnu snagu od 75 kgf, \u0161to ga \u010dini pogodnim za plovila u rasponu od 10,5 do 15 metara.<\/p>\n<p><strong>Prednosti Vetus propelera za pramac:<\/strong><\/p>\n<ul>\n<li>Jednostavni dizajn propellera smanjuje smetnje u protoku unutar tunela.<\/li>\n<li>Jedinstveni dizajn lopatica propelera Vetus minimizira buku kavitacije.<\/li>\n<li>Fleksibilna spojka izme\u0111u stra\u017enjeg dijela i motora u\u010dinkovito uklanja vibracije.<\/li>\n<li>Svi Vetus sustavi imaju aerodinami\u010dnu stra\u017enju stranu za optimalan protok.<\/li>\n<li>Robusni sinteti\u010dki propeler otporan je na koroziju i lagan.<\/li>\n<li>Instalacija je jednostavna, uz jasne upute za instalaciju i rad.<\/li>\n<li>Vetus nudi novu liniju visokokvalitetnih aluminijskih kontrolnih panela koji su kompatibilni sa starijim modelima.<\/li>\n<li>Svi Vetus sustavi upravljanja zadovoljavaju EMC zahtjeve.<\/li>\n<\/ul>\n<p><strong>Klju\u010dne prednosti Vetus propelera za pramac:<\/strong><\/p>\n<ul>\n<li>Visokokvalitetni, visokootporni 24V DC motor.<\/li>\n<li>Bron\u010dani aerodinami\u010dni donji dio za pobolj\u0161anje performansi.<\/li>\n<li>Jedinstveni propeler sa \u0161est lopatica, posebno razvijen u suradnji s MARIN-om, osigurava 9% ve\u0107u potisnu snagu, osiguravaju\u0107i jednaku u\u010dinkovitost u oba smjera dok smanjuje buku kavitacije i tunela.<\/li>\n<li>Fleksibilna pogonska spojka eliminira potrebu za \u0161rafom za savijanje.<\/li>\n<li>Opcije kontrola na vi\u0161e stanica sa jednostavnom o\u017ei\u010denjem.<\/li>\n<li>Globalno prepoznata reputacija za kvalitetu i pouzdanost.<\/li>\n<\/ul>\n<p><strong>Pojedinosti o modelu:<\/strong><\/p>\n<ul>\n<li>Potisna snaga: 85 Kgf<\/li>\n<li>Snaga: 4,4 kW (6 KS)<\/li>\n<li>Reverzibilni DC motor: Da<\/li>\n<li>Unutarnji promjer tunela: 185 mm<\/li>\n<li>Te\u017eina (bez tunela): 26 kg<\/li>\n<\/ul>\n<p><strong>Specifikacije napajanja:<\/strong><\/p>\n<ul>\n<li>Potro\u0161nja struje: 280 Ampera<\/li>\n<li>Maksimalno vrijeme rada: 3 minute<\/li>\n<li>Glavna osigura\u010d (&#8216;Slow Blow&#8217;): 200 Ampera<\/li>\n<li>Baterija Ah Minimum\/Maksimum: 2 x 108 \/ 2 x 143<\/li>\n<li>Baterijski kablovi: 0-21 m \/ 50 mm\u00b2<\/li>\n<li>Baterijski prekida\u010d: 250 Ampera<\/li>\n<\/ul>\n<p>Ovaj sveobuhvatan pregled Vetus BOW7524D propelera za pramac isti\u010de njegovu kvalitetu, performanse i jednostavnost kori\u0161tenja, \u010dine\u0107i ga izvrsnim izborom za vlasnike plovila koji tra\u017ee pouzdanu opremu.<\/p>\n","protected":false},"excerpt":{"rendered":"<p>Pramcani potisnik Vetus 75kgf 24V &#8211; Vetus BOW7524D 75Kgf propeler za pramac je dizajniran za jahte i motorne \u010damce du\u017eine<\/p>\n","protected":false},"featured_media":5936550,"comment_status":"open","ping_status":"closed","template":"","meta":[],"product_brand":[3521],"product_cat":[1609],"product_tag":[],"class_list":{"0":"post-739855","1":"product","2":"type-product","3":"status-publish","4":"has-post-thumbnail","6":"product_brand-vetus-hr","7":"product_cat-pramcani-potisnici-vetus","9":"first","10":"instock","11":"shipping-taxable","12":"purchasable","13":"product-type-simple"},"_links":{"self":[{"href":"https:\/\/stoic-curie.212-227-153-4.plesk.page\/hr\/wp-json\/wp\/v2\/product\/739855","targetHints":{"allow":["GET"]}}],"collection":[{"href":"https:\/\/stoic-curie.212-227-153-4.plesk.page\/hr\/wp-json\/wp\/v2\/product"}],"about":[{"href":"https:\/\/stoic-curie.212-227-153-4.plesk.page\/hr\/wp-json\/wp\/v2\/types\/product"}],"replies":[{"embeddable":true,"href":"https:\/\/stoic-curie.212-227-153-4.plesk.page\/hr\/wp-json\/wp\/v2\/comments?post=739855"}],"version-history":[{"count":0,"href":"https:\/\/stoic-curie.212-227-153-4.plesk.page\/hr\/wp-json\/wp\/v2\/product\/739855\/revisions"}],"wp:featuredmedia":[{"embeddable":true,"href":"https:\/\/stoic-curie.212-227-153-4.plesk.page\/hr\/wp-json\/wp\/v2\/media\/5936550"}],"wp:attachment":[{"href":"https:\/\/stoic-curie.212-227-153-4.plesk.page\/hr\/wp-json\/wp\/v2\/media?parent=739855"}],"wp:term":[{"taxonomy":"product_brand","embeddable":true,"href":"https:\/\/stoic-curie.212-227-153-4.plesk.page\/hr\/wp-json\/wp\/v2\/product_brand?post=739855"},{"taxonomy":"product_cat","embeddable":true,"href":"https:\/\/stoic-curie.212-227-153-4.plesk.page\/hr\/wp-json\/wp\/v2\/product_cat?post=739855"},{"taxonomy":"product_tag","embeddable":true,"href":"https:\/\/stoic-curie.212-227-153-4.plesk.page\/hr\/wp-json\/wp\/v2\/product_tag?post=739855"}],"curies":[{"name":"wp","href":"https:\/\/api.w.org\/{rel}","templated":true}]}}