{"id":739857,"date":"2025-03-03T18:05:51","date_gmt":"2025-03-03T17:05:51","guid":{"rendered":"https:\/\/stoic-curie.212-227-153-4.plesk.page\/producto\/pramcani-potisnik-vetus-95kgf-24v\/"},"modified":"2026-02-25T00:00:38","modified_gmt":"2026-02-25T00:00:38","slug":"pramcani-potisnik-vetus-95kgf-24v","status":"publish","type":"product","link":"https:\/\/stoic-curie.212-227-153-4.plesk.page\/hr\/product\/pramcani-potisnik-vetus-95kgf-24v\/","title":{"rendered":"Pramcani potisnik Vetus 95kgf 24V"},"content":{"rendered":"<p>Pramcani potisnik Vetus 95kgf 24V &#8211; <\/p>\n<p>Vetus BOW9524D 95Kgf potisni sustav je posebno dizajniran za jahte i motorne brodove du\u017eine do 17 metara (56 stopa). Izra\u0111en od visokokvalitetnih materijala, jam\u010di izvanredne performanse i dug \u017eivotni vijek.<\/p>\n<p><strong>Klju\u010dne zna\u010dajke Vetus potisnog sustava:<\/strong><\/p>\n<ul>\n<li>Jedinstveni dizajn propelera minimizira ometanje protoka unutar tunela.<\/li>\n<li>Jedinstveni dizajn lopatica propelera od Vetusa smanjuje buku od kavitationa.<\/li>\n<li>Fleksibilna spojka izme\u0111u stra\u017enje komponente i motora u\u010dinkovito eliminira vibracije.<\/li>\n<li>Svi Vetus sustavi uklju\u010duju aerodinami\u010dnu stra\u017enju komponentu za optimalan protok.<\/li>\n<li>\u010cvrsti sinteti\u010dki propeler sprje\u010dava koroziju i smanjuje ukupnu te\u017einu.<\/li>\n<li>Instalacija je jednostavna, uz jasne upute za instalaciju i rad.<\/li>\n<li>Svi Vetus sustavi manevriranja udovoljavaju EMC zahtjevima.<\/li>\n<\/ul>\n<p><strong>Klju\u010dne prednosti Vetus potisnog sustava:<\/strong><\/p>\n<ul>\n<li>Visokokvalitetni, visokohu\u010dni 24V DC motor.<\/li>\n<li>Bron\u010dani strujni donji dio pove\u0107ava u\u010dinkovitost.<\/li>\n<li>Jedinstveni \u0161estokraki propeler, razvijen u suradnji s MARIN-om, isporu\u010duje 9% vi\u0161e potiska, jednak potisak u oba smjera, smanjenu kavitationu i ni\u017eu buku u tunelu.<\/li>\n<li>Fleksibilna pogonska spojka uklanja potrebu za zaustavnom iglom.<\/li>\n<li>Opcije kontrola za vi\u0161e stanica dostupne su s jednostavnom instalacijom.<\/li>\n<li>Globalno priznat po pouzdanosti i performansama.<\/li>\n<\/ul>\n<p><strong>Tehni\u010dke specifikacije:<\/strong><\/p>\n<p><strong>Informacije o modelu:<\/strong><\/p>\n<ul>\n<li>Potisak: 95 Kgf<\/li>\n<li>Snaga: 5,7 kW (8 HP)<\/li>\n<li>Reverzibilni DC motor: Da<\/li>\n<li>Unutarnji promjer tunela: 185 mm<\/li>\n<li>Te\u017eina (bez tunela): 30 kg<\/li>\n<\/ul>\n<p><strong>Snage specifi\u010dnosti:<\/strong><\/p>\n<ul>\n<li>Potro\u0161nja struje: 320 Ampera<\/li>\n<li>Maksimalno vrijeme rada: 3 minute<\/li>\n<li>Glavna osigura\u010d (polako): 200 Ampera<\/li>\n<li>Kapacitet baterije (Ah Min\/Max): 1 x 165 \/ 2 x 143<\/li>\n<li>Kablovi za bateriju: 0-21 m \/ 50 mm\u00b2<\/li>\n<li>Baterijski prekida\u010d: 250 Ampera<\/li>\n<\/ul>\n<p>Ovaj potisni sustav kombinira naprednu in\u017eenjersku tehnologiju s korisni\u010dki prijateljskim zna\u010dajkama, \u0161to ga \u010dini izvrsnim izborom za vlasnike brodova u potrazi za pouzdanim i u\u010dinkovitim opremom.<\/p>\n","protected":false},"excerpt":{"rendered":"<p>Pramcani potisnik Vetus 95kgf 24V &#8211; Vetus BOW9524D 95Kgf potisni sustav je posebno dizajniran za jahte i motorne brodove du\u017eine<\/p>\n","protected":false},"featured_media":5936550,"comment_status":"open","ping_status":"closed","template":"","meta":[],"product_brand":[3521],"product_cat":[1609],"product_tag":[],"class_list":{"0":"post-739857","1":"product","2":"type-product","3":"status-publish","4":"has-post-thumbnail","6":"product_brand-vetus-hr","7":"product_cat-pramcani-potisnici-vetus","9":"first","10":"instock","11":"shipping-taxable","12":"purchasable","13":"product-type-simple"},"_links":{"self":[{"href":"https:\/\/stoic-curie.212-227-153-4.plesk.page\/hr\/wp-json\/wp\/v2\/product\/739857","targetHints":{"allow":["GET"]}}],"collection":[{"href":"https:\/\/stoic-curie.212-227-153-4.plesk.page\/hr\/wp-json\/wp\/v2\/product"}],"about":[{"href":"https:\/\/stoic-curie.212-227-153-4.plesk.page\/hr\/wp-json\/wp\/v2\/types\/product"}],"replies":[{"embeddable":true,"href":"https:\/\/stoic-curie.212-227-153-4.plesk.page\/hr\/wp-json\/wp\/v2\/comments?post=739857"}],"version-history":[{"count":0,"href":"https:\/\/stoic-curie.212-227-153-4.plesk.page\/hr\/wp-json\/wp\/v2\/product\/739857\/revisions"}],"wp:featuredmedia":[{"embeddable":true,"href":"https:\/\/stoic-curie.212-227-153-4.plesk.page\/hr\/wp-json\/wp\/v2\/media\/5936550"}],"wp:attachment":[{"href":"https:\/\/stoic-curie.212-227-153-4.plesk.page\/hr\/wp-json\/wp\/v2\/media?parent=739857"}],"wp:term":[{"taxonomy":"product_brand","embeddable":true,"href":"https:\/\/stoic-curie.212-227-153-4.plesk.page\/hr\/wp-json\/wp\/v2\/product_brand?post=739857"},{"taxonomy":"product_cat","embeddable":true,"href":"https:\/\/stoic-curie.212-227-153-4.plesk.page\/hr\/wp-json\/wp\/v2\/product_cat?post=739857"},{"taxonomy":"product_tag","embeddable":true,"href":"https:\/\/stoic-curie.212-227-153-4.plesk.page\/hr\/wp-json\/wp\/v2\/product_tag?post=739857"}],"curies":[{"name":"wp","href":"https:\/\/api.w.org\/{rel}","templated":true}]}}