{"id":739859,"date":"2025-03-03T18:05:51","date_gmt":"2025-03-03T17:05:51","guid":{"rendered":"https:\/\/stoic-curie.212-227-153-4.plesk.page\/producto\/ploca-vetus-ezdock2\/"},"modified":"2026-02-25T00:00:38","modified_gmt":"2026-02-25T00:00:38","slug":"ploca-vetus-ezdock2","status":"publish","type":"product","link":"https:\/\/stoic-curie.212-227-153-4.plesk.page\/hr\/product\/ploca-vetus-ezdock2\/","title":{"rendered":"Plo\u010da Vetus EZDOCK2"},"content":{"rendered":"<p>Plo\u010da Vetus EZDOCK2 &#8211; <\/p>\n<p style=\"color: rgb(34, 34, 34); font-family: Arial, Helvetica, sans-serif; font-size: small;\">VETUS Easy Docking sustav dizajniran za potisnike uklju\u010duje funkciju vremenskog odmaka. Ova kontrolna plo\u010da kombinira mogu\u0107nosti dva joysticka u jednu lako upravljivu tipku. Vodootporna je s IP67 ocjenom i funkcionira na naponu od 12\/24V. Model EZDOCK2 omogu\u0107ava simultano upravljanje i pram\u010danim i krmnim propelerima putem kontrolne tipke.<\/p>\n<p style=\"color: rgb(34, 34, 34); font-family: Arial, Helvetica, sans-serif; font-size: small;\"><strong>Dimenzije:<\/strong>&nbsp;85 x 138 mm<\/p>\n<p style=\"color: rgb(34, 34, 34); font-family: Arial, Helvetica, sans-serif; font-size: small;\"><strong>Tehni\u010dke specifikacije:<\/strong><\/p>\n<ul style=\"color: rgb(34, 34, 34); font-family: Arial, Helvetica, sans-serif; font-size: small;\">\n<li><strong>Napon (V):<\/strong>&nbsp;12\/24<\/li>\n<li><strong>Funkcija:<\/strong>&nbsp;Kontrola potisnika<\/li>\n<li><strong>Vrsta upravljanja:<\/strong>&nbsp;Gumb<\/li>\n<li><strong>Proporcionalna kontrola:<\/strong>&nbsp;Ne<\/li>\n<li><strong>Vremenski odmak:<\/strong>&nbsp;Da<\/li>\n<li><strong>V-CAN:<\/strong>&nbsp;Ne<\/li>\n<li><strong>Sigurnost za djecu:<\/strong>&nbsp;Da<\/li>\n<li><strong>Materijal okvira:<\/strong>&nbsp;Sinteti\u010dki<\/li>\n<li><strong>Dimenzije rezanja (mm):<\/strong>&nbsp;130 x 75<\/li>\n<li><strong>Dubina ugradnje (mm):<\/strong>&nbsp;90<\/li>\n<li><strong>Visina (mm):<\/strong>&nbsp;85<\/li>\n<li><strong>\u0160irina (mm):<\/strong>&nbsp;138<\/li>\n<\/ul>\n","protected":false},"excerpt":{"rendered":"<p>Plo\u010da Vetus EZDOCK2 &#8211; VETUS Easy Docking sustav dizajniran za potisnike uklju\u010duje funkciju vremenskog odmaka. Ova kontrolna plo\u010da kombinira mogu\u0107nosti<\/p>\n","protected":false},"featured_media":5937163,"comment_status":"open","ping_status":"closed","template":"","meta":[],"product_brand":[3521],"product_cat":[1609],"product_tag":[],"class_list":{"0":"post-739859","1":"product","2":"type-product","3":"status-publish","4":"has-post-thumbnail","6":"product_brand-vetus-hr","7":"product_cat-pramcani-potisnici-vetus","9":"first","10":"instock","11":"shipping-taxable","12":"purchasable","13":"product-type-simple"},"_links":{"self":[{"href":"https:\/\/stoic-curie.212-227-153-4.plesk.page\/hr\/wp-json\/wp\/v2\/product\/739859","targetHints":{"allow":["GET"]}}],"collection":[{"href":"https:\/\/stoic-curie.212-227-153-4.plesk.page\/hr\/wp-json\/wp\/v2\/product"}],"about":[{"href":"https:\/\/stoic-curie.212-227-153-4.plesk.page\/hr\/wp-json\/wp\/v2\/types\/product"}],"replies":[{"embeddable":true,"href":"https:\/\/stoic-curie.212-227-153-4.plesk.page\/hr\/wp-json\/wp\/v2\/comments?post=739859"}],"version-history":[{"count":0,"href":"https:\/\/stoic-curie.212-227-153-4.plesk.page\/hr\/wp-json\/wp\/v2\/product\/739859\/revisions"}],"wp:featuredmedia":[{"embeddable":true,"href":"https:\/\/stoic-curie.212-227-153-4.plesk.page\/hr\/wp-json\/wp\/v2\/media\/5937163"}],"wp:attachment":[{"href":"https:\/\/stoic-curie.212-227-153-4.plesk.page\/hr\/wp-json\/wp\/v2\/media?parent=739859"}],"wp:term":[{"taxonomy":"product_brand","embeddable":true,"href":"https:\/\/stoic-curie.212-227-153-4.plesk.page\/hr\/wp-json\/wp\/v2\/product_brand?post=739859"},{"taxonomy":"product_cat","embeddable":true,"href":"https:\/\/stoic-curie.212-227-153-4.plesk.page\/hr\/wp-json\/wp\/v2\/product_cat?post=739859"},{"taxonomy":"product_tag","embeddable":true,"href":"https:\/\/stoic-curie.212-227-153-4.plesk.page\/hr\/wp-json\/wp\/v2\/product_tag?post=739859"}],"curies":[{"name":"wp","href":"https:\/\/api.w.org\/{rel}","templated":true}]}}