{"id":739868,"date":"2025-03-03T18:05:54","date_gmt":"2025-03-03T17:05:54","guid":{"rendered":"https:\/\/stoic-curie.212-227-153-4.plesk.page\/producto\/solarni-ventilator-za-odzracivanje-od-nehrdajuceg-celika-220-x-35-mm-dan-i-noc\/"},"modified":"2026-02-25T00:00:38","modified_gmt":"2026-02-25T00:00:38","slug":"solarni-ventilator-za-odzracivanje-od-nehrdajuceg-celika-220-x-35-mm-dan-i-noc","status":"publish","type":"product","link":"https:\/\/stoic-curie.212-227-153-4.plesk.page\/hr\/product\/solarni-ventilator-za-odzracivanje-od-nehrdajuceg-celika-220-x-35-mm-dan-i-noc\/","title":{"rendered":"Solarni ventilator za odzra\u010divanje od nehr\u0111aju\u0107eg \u010delika 220 x 35 mm (dan i noc)"},"content":{"rendered":"<p>Solarni ventilator za odzra\u010divanje od nehr\u0111aju\u0107eg \u010delika 220 x 35 mm (dan i noc) &#8211; <\/p>\n<p>Vodootporna ventilacija na solarni pogon s ku\u0107i\u0161tem od nehr\u0111aju\u0107eg \u010delika. Svaki ventilator dolazi s dva tipa krila (usis i ispu\u0161tanje). U na\u010dinu rada Dan i No\u0107 radi i tijekom no\u0107i zahvaljuju\u0107i punjivoj solarnoj bateriji.<\/p>\n","protected":false},"excerpt":{"rendered":"<p>Solarni ventilator za odzra\u010divanje od nehr\u0111aju\u0107eg \u010delika 220 x 35 mm (dan i noc) &#8211; Vodootporna ventilacija na solarni pogon<\/p>\n","protected":false},"featured_media":5937175,"comment_status":"open","ping_status":"closed","template":"","meta":[],"product_brand":[3236],"product_cat":[1699],"product_tag":[],"class_list":{"0":"post-739868","1":"product","2":"type-product","3":"status-publish","4":"has-post-thumbnail","6":"product_brand-osculati-hr","7":"product_cat-palubni-ventilacijski-otvori","9":"first","10":"instock","11":"shipping-taxable","12":"purchasable","13":"product-type-simple"},"_links":{"self":[{"href":"https:\/\/stoic-curie.212-227-153-4.plesk.page\/hr\/wp-json\/wp\/v2\/product\/739868","targetHints":{"allow":["GET"]}}],"collection":[{"href":"https:\/\/stoic-curie.212-227-153-4.plesk.page\/hr\/wp-json\/wp\/v2\/product"}],"about":[{"href":"https:\/\/stoic-curie.212-227-153-4.plesk.page\/hr\/wp-json\/wp\/v2\/types\/product"}],"replies":[{"embeddable":true,"href":"https:\/\/stoic-curie.212-227-153-4.plesk.page\/hr\/wp-json\/wp\/v2\/comments?post=739868"}],"version-history":[{"count":0,"href":"https:\/\/stoic-curie.212-227-153-4.plesk.page\/hr\/wp-json\/wp\/v2\/product\/739868\/revisions"}],"wp:featuredmedia":[{"embeddable":true,"href":"https:\/\/stoic-curie.212-227-153-4.plesk.page\/hr\/wp-json\/wp\/v2\/media\/5937175"}],"wp:attachment":[{"href":"https:\/\/stoic-curie.212-227-153-4.plesk.page\/hr\/wp-json\/wp\/v2\/media?parent=739868"}],"wp:term":[{"taxonomy":"product_brand","embeddable":true,"href":"https:\/\/stoic-curie.212-227-153-4.plesk.page\/hr\/wp-json\/wp\/v2\/product_brand?post=739868"},{"taxonomy":"product_cat","embeddable":true,"href":"https:\/\/stoic-curie.212-227-153-4.plesk.page\/hr\/wp-json\/wp\/v2\/product_cat?post=739868"},{"taxonomy":"product_tag","embeddable":true,"href":"https:\/\/stoic-curie.212-227-153-4.plesk.page\/hr\/wp-json\/wp\/v2\/product_tag?post=739868"}],"curies":[{"name":"wp","href":"https:\/\/api.w.org\/{rel}","templated":true}]}}