{"id":739869,"date":"2025-03-03T18:05:54","date_gmt":"2025-03-03T17:05:54","guid":{"rendered":"https:\/\/stoic-curie.212-227-153-4.plesk.page\/producto\/brodski-wc-tecma-compass-short-12v-s-eco-panel-om\/"},"modified":"2026-02-25T00:00:38","modified_gmt":"2026-02-25T00:00:38","slug":"brodski-wc-tecma-compass-short-12v-s-eco-panel-om","status":"publish","type":"product","link":"https:\/\/stoic-curie.212-227-153-4.plesk.page\/hr\/product\/brodski-wc-tecma-compass-short-12v-s-eco-panel-om\/","title":{"rendered":"Toaletni Tecma Compass Short 12V (Ekolo\u0161ka plo\u010da)"},"content":{"rendered":"<p>Toaletni Tecma Compass Short 12V (Ekolo\u0161ka plo\u010da) &#8211; <\/p>\n<p>Toalet Tecma Compass Short 12V s Eco Panalom, <span style=\"color: rgb(34, 34, 34); font-family: Arial, Helvetica, sans-serif; font-size: small;\">Toalet Tecma Compass ima jedinstven i svestran oblik koji se savr\u0161eno uklapa u svaki dizajn trupa. Dolazi s termoplasti\u010dnim sjedalom koje ima mehanizam za tiho zatvaranje, \u0161to poma\u017ee smanjenju buke i sprje\u010davanju o\u0161te\u0107enja. Pumpa s reza\u010dem visoke kvalitete dizajnirana je za rad s minimalnom potro\u0161njom vode, energije i buke. Instalacija je jednostavna i brza, a ne zahtijeva odr\u017eavanje.<\/span><\/p>\n<p style=\"color: rgb(34, 34, 34); font-family: Arial, Helvetica, sans-serif; font-size: small;\">Mo\u017eete birati izme\u0111u dva kontrolna panela:<\/p>\n<ul style=\"color: rgb(34, 34, 34); font-family: Arial, Helvetica, sans-serif; font-size: small;\">\n<li><strong>Eco Panel<\/strong>: Sustav s jednim dugmetom za punjenje i ispiranje.<\/li>\n<li><strong>All-in-One SFT Panel<\/strong>: Sustav s dva dugmeta koji uklju\u010duje tehnologiju pametnog ispiranja, u\u010dinkovito smanjuju\u0107i potro\u0161nju vode i razinu buke.<\/li>\n<\/ul>\n<p style=\"color: rgb(34, 34, 34); font-family: Arial, Helvetica, sans-serif; font-size: small;\">Osim toga, ova toilet je opremljena pokaziva\u010dem razine crne vode i za\u0161titom od povratnog toka.<\/p>\n<p style=\"color: rgb(34, 34, 34); font-family: Arial, Helvetica, sans-serif; font-size: small;\">Tankog dizajna i pametnog stra\u017enjeg dijela, toalet Compass omogu\u0107uje optimalnu upotrebu prostora i fleksibilnost, bez obzira na to gdje je instaliran na va\u0161em brodu. Mo\u017ee se montirati izravno uz zid ili bli\u017ee trupu zahvaljuju\u0107i svom reznom dizajnu. Ova zna\u010dajka uklanja ograni\u010denja koja postavlja vertikalna stra\u017enja strana, osiguravaju\u0107i vizualno privla\u010dnu instalaciju bez obzira na dostupni prostor. Kompaktne dimenzije i raspored cijevi \u010dine instalaciju jednostavnom, s ispustnim cijevima koje se mogu spojiti ispod stepenice ili montirati na povr\u0161inu u bilo kojem smjeru. Serija Compass nudi visoke i kratke profile, pru\u017eaju\u0107i maksimalnu prilagodljivost na brodu.<\/p>\n<p style=\"color: rgb(34, 34, 34); font-family: Arial, Helvetica, sans-serif; font-size: small;\">Performanse pumpe s reza\u010dem zadovoljavaju sve standarde kvalitete, a tehnologija toaleta je fino pode\u0161ena kako bi se minimizirale emisije zvuka, dok se istovremeno odr\u017eava niska potro\u0161nja vode i elektri\u010dne energije. Instalacija, vodovod i elektri\u010dne instalacije su jednostavni i brzi, s gotovo nikakvim odr\u017eavanjem.<\/p>\n<p style=\"color: rgb(34, 34, 34); font-family: Arial, Helvetica, sans-serif; font-size: small;\">Modeli Compass High i Short imaju inovativni sustav mekog zatvaranja. Nje\u017ean dodir na poklopac aktivira mehanizam za tiho zatvaranje, kontroliraju\u0107i brzinu zatvaranja poklopca. Ova zna\u010dajka ne samo da pobolj\u0161ava korisni\u010dku udobnost, ve\u0107 tako\u0111er smanjuje buku i sprje\u010dava potencijalna o\u0161te\u0107enja sjedi\u0161ta toaleta.<\/p>\n<p style=\"color: rgb(34, 34, 34); font-family: Arial, Helvetica, sans-serif; font-size: small;\">Mehanizam za tiho zatvaranje jedinstven je dizajn od Tecme.<\/p>\n","protected":false},"excerpt":{"rendered":"<p>Toaletni Tecma Compass Short 12V (Ekolo\u0161ka plo\u010da) &#8211; Toalet Tecma Compass Short 12V s Eco Panalom, Toalet Tecma Compass ima<\/p>\n","protected":false},"featured_media":5937178,"comment_status":"open","ping_status":"closed","template":"","meta":[],"product_brand":[3471],"product_cat":[1675],"product_tag":[],"class_list":{"0":"post-739869","1":"product","2":"type-product","3":"status-publish","4":"has-post-thumbnail","6":"product_brand-tecma-hr","7":"product_cat-brodski-wc","9":"first","10":"instock","11":"shipping-taxable","12":"purchasable","13":"product-type-simple"},"_links":{"self":[{"href":"https:\/\/stoic-curie.212-227-153-4.plesk.page\/hr\/wp-json\/wp\/v2\/product\/739869","targetHints":{"allow":["GET"]}}],"collection":[{"href":"https:\/\/stoic-curie.212-227-153-4.plesk.page\/hr\/wp-json\/wp\/v2\/product"}],"about":[{"href":"https:\/\/stoic-curie.212-227-153-4.plesk.page\/hr\/wp-json\/wp\/v2\/types\/product"}],"replies":[{"embeddable":true,"href":"https:\/\/stoic-curie.212-227-153-4.plesk.page\/hr\/wp-json\/wp\/v2\/comments?post=739869"}],"version-history":[{"count":0,"href":"https:\/\/stoic-curie.212-227-153-4.plesk.page\/hr\/wp-json\/wp\/v2\/product\/739869\/revisions"}],"wp:featuredmedia":[{"embeddable":true,"href":"https:\/\/stoic-curie.212-227-153-4.plesk.page\/hr\/wp-json\/wp\/v2\/media\/5937178"}],"wp:attachment":[{"href":"https:\/\/stoic-curie.212-227-153-4.plesk.page\/hr\/wp-json\/wp\/v2\/media?parent=739869"}],"wp:term":[{"taxonomy":"product_brand","embeddable":true,"href":"https:\/\/stoic-curie.212-227-153-4.plesk.page\/hr\/wp-json\/wp\/v2\/product_brand?post=739869"},{"taxonomy":"product_cat","embeddable":true,"href":"https:\/\/stoic-curie.212-227-153-4.plesk.page\/hr\/wp-json\/wp\/v2\/product_cat?post=739869"},{"taxonomy":"product_tag","embeddable":true,"href":"https:\/\/stoic-curie.212-227-153-4.plesk.page\/hr\/wp-json\/wp\/v2\/product_tag?post=739869"}],"curies":[{"name":"wp","href":"https:\/\/api.w.org\/{rel}","templated":true}]}}