{"id":739870,"date":"2025-03-03T18:05:54","date_gmt":"2025-03-03T17:05:54","guid":{"rendered":"https:\/\/stoic-curie.212-227-153-4.plesk.page\/producto\/brodski-wc-tecma-compass-short-24v-s-eco-panel-om\/"},"modified":"2026-02-25T00:00:38","modified_gmt":"2026-02-25T00:00:38","slug":"brodski-wc-tecma-compass-short-24v-s-eco-panel-om","status":"publish","type":"product","link":"https:\/\/stoic-curie.212-227-153-4.plesk.page\/hr\/product\/brodski-wc-tecma-compass-short-24v-s-eco-panel-om\/","title":{"rendered":"Toaletni Tecma Compass Short 24V (Eko panel)"},"content":{"rendered":"<p>Toaletni Tecma Compass Short 24V (Eko panel) &#8211; <\/p>\n<p>WC Tecma Compass Short 24V s Eco Panelom,&nbsp;<span style=\"color: rgb(34, 34, 34); font-family: Arial, Helvetica, sans-serif; font-size: small;\">Toalet Tecma Compass odlikuje se posebnom i prilagodljivom oblikom koji se bez napora uklapa u svaki dizajn trupa. Opremljen je sjedalom s termoijaliziranim materijalom koje ima mehanizam za tiho zatvaranje, \u010dime se smanjuje buka i \u0161titi od o\u0161te\u0107enja. Kvalitetna makerator pumpa dizajnirana je za rad s minimalnom koli\u010dinom vode, snage i buke. Instalacija je jednostavna i brza, a zahtijeva gotovo nikakvo odr\u017eavanje.<\/span><\/p>\n<p style=\"color: rgb(34, 34, 34); font-family: Arial, Helvetica, sans-serif; font-size: small;\">Mo\u017eete odabrati izme\u0111u dva kontrolna panela:<\/p>\n<ul style=\"color: rgb(34, 34, 34); font-family: Arial, Helvetica, sans-serif; font-size: small;\">\n<li><strong>Eco Panel<\/strong>: Sustav s jednim gumbom koji upravlja punjenjem i ispu\u0161tanjem.<\/li>\n<li><strong>All-in-One SFT Panel<\/strong>: Sustav s dva gumba koji uklju\u010duje tehnologiju Smart Flush, u\u010dinkovito smanjuju\u0107i potro\u0161nju vode i razine buke.<\/li>\n<\/ul>\n<p style=\"color: rgb(34, 34, 34); font-family: Arial, Helvetica, sans-serif; font-size: small;\">Osim toga, ovaj toalet dolazi s indikatorom za pra\u0107enje crne vode i sustavom za\u0161tite od povratnog protoka.<\/p>\n<p style=\"color: rgb(34, 34, 34); font-family: Arial, Helvetica, sans-serif; font-size: small;\">Suvremeni dizajn i pametni stra\u017enji dio WC-a Compass optimiziraju kori\u0161tenje prostora i fleksibilnost, bez obzira na to gdje je postavljen na brodu. Mo\u017ee se montirati izravno uz zid ili bli\u017ee trupu zahvaljuju\u0107i svom reznom dizajnu. Ova funkcija eliminira ograni\u010denja koja name\u0107e vertikalna stra\u017enja strana, osiguravaju\u0107i estetski ugodnu instalaciju bez obzira na dostupni prostor. Kompaktne dimenzije i konfiguracija crijeva pojednostavljuju instalaciju, s ispu\u0161nim cijevima koja se mogu spojiti ispod stepenice ili montirati na povr\u0161inu u bilo kojem smjeru. Serija Compass nudi visoke i kratke profile, pru\u017eaju\u0107i maksimalnu prilagodljivost na brodu.<\/p>\n<p style=\"color: rgb(34, 34, 34); font-family: Arial, Helvetica, sans-serif; font-size: small;\">Performanse makerator pumpe udovoljavaju svim standardima kvalitete, a tehnologija toaleta pobolj\u0161ana je kako bi se smanjile emisije zvuka uz odr\u017eavanje niske potro\u0161nje vode i elektri\u010dne energije. Instalacija, vodovod i elektri\u010dne veze su jednostavni i brzi, s gotovo nikakvim potrebama za odr\u017eavanjem.<\/p>\n<p style=\"color: rgb(34, 34, 34); font-family: Arial, Helvetica, sans-serif; font-size: small;\">I modeli Compass High i Short uklju\u010duju inovativni sustav za tiho zatvaranje. Lagani dodir na poklopac aktivira mehanizam za tiho zatvaranje, reguliraju\u0107i brzinu zatvaranja poklopca. Ova funkcija pobolj\u0161ava udobnost kori\u0161tenja te tako\u0111er smanjuje buku i sprje\u010dava potencijalna o\u0161te\u0107enja sjedala toaleta.<\/p>\n<p style=\"color: rgb(34, 34, 34); font-family: Arial, Helvetica, sans-serif; font-size: small;\">Mehanizam za tiho zatvaranje jedinstveni je dizajn marke Tecma.<\/p>\n","protected":false},"excerpt":{"rendered":"<p>Toaletni Tecma Compass Short 24V (Eko panel) &#8211; WC Tecma Compass Short 24V s Eco Panelom,&nbsp;Toalet Tecma Compass odlikuje se<\/p>\n","protected":false},"featured_media":5937178,"comment_status":"open","ping_status":"closed","template":"","meta":[],"product_brand":[3471],"product_cat":[1675],"product_tag":[],"class_list":{"0":"post-739870","1":"product","2":"type-product","3":"status-publish","4":"has-post-thumbnail","6":"product_brand-tecma-hr","7":"product_cat-brodski-wc","9":"first","10":"instock","11":"shipping-taxable","12":"purchasable","13":"product-type-simple"},"_links":{"self":[{"href":"https:\/\/stoic-curie.212-227-153-4.plesk.page\/hr\/wp-json\/wp\/v2\/product\/739870","targetHints":{"allow":["GET"]}}],"collection":[{"href":"https:\/\/stoic-curie.212-227-153-4.plesk.page\/hr\/wp-json\/wp\/v2\/product"}],"about":[{"href":"https:\/\/stoic-curie.212-227-153-4.plesk.page\/hr\/wp-json\/wp\/v2\/types\/product"}],"replies":[{"embeddable":true,"href":"https:\/\/stoic-curie.212-227-153-4.plesk.page\/hr\/wp-json\/wp\/v2\/comments?post=739870"}],"version-history":[{"count":0,"href":"https:\/\/stoic-curie.212-227-153-4.plesk.page\/hr\/wp-json\/wp\/v2\/product\/739870\/revisions"}],"wp:featuredmedia":[{"embeddable":true,"href":"https:\/\/stoic-curie.212-227-153-4.plesk.page\/hr\/wp-json\/wp\/v2\/media\/5937178"}],"wp:attachment":[{"href":"https:\/\/stoic-curie.212-227-153-4.plesk.page\/hr\/wp-json\/wp\/v2\/media?parent=739870"}],"wp:term":[{"taxonomy":"product_brand","embeddable":true,"href":"https:\/\/stoic-curie.212-227-153-4.plesk.page\/hr\/wp-json\/wp\/v2\/product_brand?post=739870"},{"taxonomy":"product_cat","embeddable":true,"href":"https:\/\/stoic-curie.212-227-153-4.plesk.page\/hr\/wp-json\/wp\/v2\/product_cat?post=739870"},{"taxonomy":"product_tag","embeddable":true,"href":"https:\/\/stoic-curie.212-227-153-4.plesk.page\/hr\/wp-json\/wp\/v2\/product_tag?post=739870"}],"curies":[{"name":"wp","href":"https:\/\/api.w.org\/{rel}","templated":true}]}}