{"id":739871,"date":"2025-03-03T18:05:54","date_gmt":"2025-03-03T17:05:54","guid":{"rendered":"https:\/\/stoic-curie.212-227-153-4.plesk.page\/producto\/wc-tecma-compass-kratki-12v-s-panelom-all-in-one-sft\/"},"modified":"2026-02-25T00:00:38","modified_gmt":"2026-02-25T00:00:38","slug":"wc-tecma-compass-kratki-12v-s-panelom-all-in-one-sft","status":"publish","type":"product","link":"https:\/\/stoic-curie.212-227-153-4.plesk.page\/hr\/product\/wc-tecma-compass-kratki-12v-s-panelom-all-in-one-sft\/","title":{"rendered":"WC Tecma Compass kratki 12V s panelom All-in-One SFT"},"content":{"rendered":"<p>WC Tecma Compass kratki 12V s panelom All-in-One SFT &#8211; <\/p>\n<p>Toalet Tecma Compass Short 12V s Panelom All-in-One SFT, &nbsp;<span style=\"color: rgb(34, 34, 34); font-family: Arial, Helvetica, sans-serif; font-size: small;\">Toalet Tecma Compass ima jedinstven i svestran oblik koji se uklapa u bilo koji dizajn trupa. Uklju\u010duje sjedi\u0161te od termoseta s mekim zatvaranjem s amortizerima, \u0161to poma\u017ee u smanjenju buke i sprje\u010dava o\u0161te\u0107enja. Pumpa za usitnjavanje visokog kvaliteta dizajnirana je da koristi minimalnu vodu, energiju i buku. Instalacija je brza i jednostavna, a ne zahtijeva odr\u017eavanje.<\/span><\/p>\n<p style=\"color: rgb(34, 34, 34); font-family: Arial, Helvetica, sans-serif; font-size: small;\">Mo\u017eete birati izme\u0111u dva kontrolna panela:<\/p>\n<ul style=\"color: rgb(34, 34, 34); font-family: Arial, Helvetica, sans-serif; font-size: small;\">\n<li><strong>Eco Panel<\/strong>: Jednopritisni panel za punjenje i ispiranje.<\/li>\n<li><strong>All-in-One SFT Panel<\/strong>: Dvopritisni panel s tehnologijom Smart Flush koja smanjuje potro\u0161nju vode i nivoe buke.<\/li>\n<\/ul>\n<p style=\"color: rgb(34, 34, 34); font-family: Arial, Helvetica, sans-serif; font-size: small;\">Ovaj toalet tako\u0111er dolazi s indikatorskom lampicom za pra\u0107enje crnog spremnika i za\u0161titom od povratnog toka.<\/p>\n<p style=\"color: rgb(34, 34, 34); font-family: Arial, Helvetica, sans-serif; font-size: small;\">Uski dizajn i pametna zadnja strana toaleta Compass omogu\u0107uju maksimalan prostor i fleksibilnost bilo gdje na va\u0161oj plovilu. Mo\u017ee se montirati direktno uz zid ili jo\u0161 bli\u017ee trupu zbog svog dizajna s odrezanom stra\u017enjom stranom. To zna\u010di da nije ograni\u010den vertikalnom stra\u017enjom stranom, osiguravaju\u0107i vizualno privla\u010dnu instalaciju bez obzira na dostupni prostor. Kompaktna veli\u010dina i dizajn crijeva olak\u0161avaju instalaciju, s ispusnim cijevima koja se mogu povezati ispod stepenice ili montirati na povr\u0161inu u bilo kojem smjeru. Compass serija nudi visoke i kratke profile, pru\u017eaju\u0107i maksimalnu fleksibilnost na brodu.<\/p>\n<p style=\"color: rgb(34, 34, 34); font-family: Arial, Helvetica, sans-serif; font-size: small;\">Performanse pumpe za usitnjavanje zadovoljavaju sve standarde kvalitete, a tehnologija toaleta unaprijedila je kako bi se umanjile emisije zvuka, dok se istovremeno dr\u017ei niska potro\u0161nja vode i struje. Instalacija, vodovod i o\u017ei\u010denje su jednostavni i brzi, gotovo bez potrebe za odr\u017eavanjem.<\/p>\n<p style=\"color: rgb(34, 34, 34); font-family: Arial, Helvetica, sans-serif; font-size: small;\">I verzije Compass High i Short imaju inovativni sustav mekog zatvaranja. Nje\u017eni dodir na poklopcu aktivira mehanizam za meko zatvaranje, kontroliraju\u0107i brzinu zatvaranja poklopca. Ovo ne samo da pobolj\u0161ava udobnost korisnika, ve\u0107 tako\u0111er smanjuje buku i sprje\u010dava potencijalna o\u0161te\u0107enja sjedala toaleta.<\/p>\n<p style=\"color: rgb(34, 34, 34); font-family: Arial, Helvetica, sans-serif; font-size: small;\">Mehanizam za meko zatvaranje jedinstven je dizajn tvrtke Tecma.<\/p>\n","protected":false},"excerpt":{"rendered":"<p>WC Tecma Compass kratki 12V s panelom All-in-One SFT &#8211; Toalet Tecma Compass Short 12V s Panelom All-in-One SFT, &nbsp;Toalet<\/p>\n","protected":false},"featured_media":5937178,"comment_status":"open","ping_status":"closed","template":"","meta":[],"product_brand":[3471],"product_cat":[1675],"product_tag":[],"class_list":{"0":"post-739871","1":"product","2":"type-product","3":"status-publish","4":"has-post-thumbnail","6":"product_brand-tecma-hr","7":"product_cat-brodski-wc","9":"first","10":"instock","11":"shipping-taxable","12":"purchasable","13":"product-type-simple"},"_links":{"self":[{"href":"https:\/\/stoic-curie.212-227-153-4.plesk.page\/hr\/wp-json\/wp\/v2\/product\/739871","targetHints":{"allow":["GET"]}}],"collection":[{"href":"https:\/\/stoic-curie.212-227-153-4.plesk.page\/hr\/wp-json\/wp\/v2\/product"}],"about":[{"href":"https:\/\/stoic-curie.212-227-153-4.plesk.page\/hr\/wp-json\/wp\/v2\/types\/product"}],"replies":[{"embeddable":true,"href":"https:\/\/stoic-curie.212-227-153-4.plesk.page\/hr\/wp-json\/wp\/v2\/comments?post=739871"}],"version-history":[{"count":0,"href":"https:\/\/stoic-curie.212-227-153-4.plesk.page\/hr\/wp-json\/wp\/v2\/product\/739871\/revisions"}],"wp:featuredmedia":[{"embeddable":true,"href":"https:\/\/stoic-curie.212-227-153-4.plesk.page\/hr\/wp-json\/wp\/v2\/media\/5937178"}],"wp:attachment":[{"href":"https:\/\/stoic-curie.212-227-153-4.plesk.page\/hr\/wp-json\/wp\/v2\/media?parent=739871"}],"wp:term":[{"taxonomy":"product_brand","embeddable":true,"href":"https:\/\/stoic-curie.212-227-153-4.plesk.page\/hr\/wp-json\/wp\/v2\/product_brand?post=739871"},{"taxonomy":"product_cat","embeddable":true,"href":"https:\/\/stoic-curie.212-227-153-4.plesk.page\/hr\/wp-json\/wp\/v2\/product_cat?post=739871"},{"taxonomy":"product_tag","embeddable":true,"href":"https:\/\/stoic-curie.212-227-153-4.plesk.page\/hr\/wp-json\/wp\/v2\/product_tag?post=739871"}],"curies":[{"name":"wp","href":"https:\/\/api.w.org\/{rel}","templated":true}]}}