{"id":739872,"date":"2025-03-03T18:05:55","date_gmt":"2025-03-03T17:05:55","guid":{"rendered":"https:\/\/stoic-curie.212-227-153-4.plesk.page\/producto\/brodski-wc-tecma-compass-short-24v-s-panelom-all-in-one-sft\/"},"modified":"2026-02-25T00:00:38","modified_gmt":"2026-02-25T00:00:38","slug":"brodski-wc-tecma-compass-short-24v-s-panelom-all-in-one-sft","status":"publish","type":"product","link":"https:\/\/stoic-curie.212-227-153-4.plesk.page\/hr\/product\/brodski-wc-tecma-compass-short-24v-s-panelom-all-in-one-sft\/","title":{"rendered":"WC Tecma Compass Short 24V (Panel All-in-One SFT)"},"content":{"rendered":"<p>WC Tecma Compass Short 24V (Panel All-in-One SFT) &#8211; <\/p>\n<p>Toaletni ure\u0111aj Tecma Compass Short 24V s panelom All-in-One SFT, <span style=\"color: rgb(34, 34, 34); font-family: Arial, Helvetica, sans-serif; font-size: small;\">Toalet Tecma Compass se ponosi jedinstvenim i prilagodljivim oblikom koji se besprijekorno uklapa u svaki dizajn trupa. Sadr\u017ei termoset sjedalo opremljeno mehanizmom za sporo zatvaranje, \u0161to smanjuje buku i sprje\u010dava o\u0161te\u0107enja. Pumpa za usitnjavanje visoke kvalitete dizajnirana je za rad s minimalnom potro\u0161njom vode, energije i buke. Instalacija je jednostavna i brza, bez potrebe za trajnim odr\u017eavanjem.<\/span><\/p>\n<p style=\"color: rgb(34, 34, 34); font-family: Arial, Helvetica, sans-serif; font-size: small;\">Imate mogu\u0107nost odabrati izme\u0111u dva kontrolna panela:<\/p>\n<ul style=\"color: rgb(34, 34, 34); font-family: Arial, Helvetica, sans-serif; font-size: small;\">\n<li><strong>Eco Panel<\/strong>: Su\u010delje s jednim gumbom za punjenje i ispiranje.<\/li>\n<li><strong>All-in-One SFT Panel<\/strong>: Su\u010delje s dva gumba koje uklju\u010duje tehnologiju Smart Flush, koja u\u010dinkovito smanjuje potro\u0161nju vode i razinu buke.<\/li>\n<\/ul>\n<p style=\"color: rgb(34, 34, 34); font-family: Arial, Helvetica, sans-serif; font-size: small;\">Osim toga, ova toaletna jedinica opremljena je indikatorom za pra\u0107enje crne vode i za\u0161titom od povratnog toka.<\/p>\n<p style=\"color: rgb(34, 34, 34); font-family: Arial, Helvetica, sans-serif; font-size: small;\">Slim dizajn i pametna stra\u017enja strana toaleta Compass omogu\u0107uju optimalnu iskoristivost prostora i fleksibilnost, bez obzira na to gdje je postavljen na va\u0161em plovilu. Mo\u017ee se montirati izravno uz zid ili bli\u017ee trupu zahvaljuju\u0107i svom obliku. Ova zna\u010dajka eliminira ograni\u010denja koja name\u0107e vertikalna stra\u017enja strana, osiguravaju\u0107i estetski ugodnu instalaciju bez obzira na dostupni prostor. Kompaktne dimenzije i konfiguracija cijevi olak\u0161avaju instalaciju, uz odvodne cijevi koje se mogu spojiti ispod stepenice ili montirati na povr\u0161inu u bilo kojem smjeru. Serija Compass nudi visoke i kratke profile, pru\u017eaju\u0107i maksimalnu prilagodljivost na brodu.<\/p>\n<p style=\"color: rgb(34, 34, 34); font-family: Arial, Helvetica, sans-serif; font-size: small;\">Performanse pumpe za usitnjavanje udovoljavaju svim standardima kvalitete, a tehnologija toaleta je rafinirana kako bi se minimizirao emisija zvuka uz odr\u017eavanje niske potro\u0161nje vode i elektri\u010dne energije. Instalacija, vodovod i elektri\u010dne instalacije su jednostavne i brze, s gotovo bez odr\u017eavanja.<\/p>\n<p style=\"color: rgb(34, 34, 34); font-family: Arial, Helvetica, sans-serif; font-size: small;\">I modeli Compass High i Short uklju\u010duju inovativni sustav mekog zatvaranja. Lagani dodir na poklopac aktivira mehanizam za sporo zatvaranje, reguliraju\u0107i brzinu zatvaranja poklopca. Ova zna\u010dajka ne samo da pobolj\u0161ava udobnost korisnika, ve\u0107 i smanjuje buku te sprje\u010dava potencijalna o\u0161te\u0107enja na sjedalu toaleta.<\/p>\n<p style=\"color: rgb(34, 34, 34); font-family: Arial, Helvetica, sans-serif; font-size: small;\">Mehanizam za sporo zatvaranje je jedinstveni dizajn Tecme.<\/p>\n","protected":false},"excerpt":{"rendered":"<p>WC Tecma Compass Short 24V (Panel All-in-One SFT) &#8211; Toaletni ure\u0111aj Tecma Compass Short 24V s panelom All-in-One SFT, Toalet<\/p>\n","protected":false},"featured_media":5937178,"comment_status":"open","ping_status":"closed","template":"","meta":[],"product_brand":[3471],"product_cat":[1675],"product_tag":[],"class_list":{"0":"post-739872","1":"product","2":"type-product","3":"status-publish","4":"has-post-thumbnail","6":"product_brand-tecma-hr","7":"product_cat-brodski-wc","9":"first","10":"instock","11":"shipping-taxable","12":"purchasable","13":"product-type-simple"},"_links":{"self":[{"href":"https:\/\/stoic-curie.212-227-153-4.plesk.page\/hr\/wp-json\/wp\/v2\/product\/739872","targetHints":{"allow":["GET"]}}],"collection":[{"href":"https:\/\/stoic-curie.212-227-153-4.plesk.page\/hr\/wp-json\/wp\/v2\/product"}],"about":[{"href":"https:\/\/stoic-curie.212-227-153-4.plesk.page\/hr\/wp-json\/wp\/v2\/types\/product"}],"replies":[{"embeddable":true,"href":"https:\/\/stoic-curie.212-227-153-4.plesk.page\/hr\/wp-json\/wp\/v2\/comments?post=739872"}],"version-history":[{"count":0,"href":"https:\/\/stoic-curie.212-227-153-4.plesk.page\/hr\/wp-json\/wp\/v2\/product\/739872\/revisions"}],"wp:featuredmedia":[{"embeddable":true,"href":"https:\/\/stoic-curie.212-227-153-4.plesk.page\/hr\/wp-json\/wp\/v2\/media\/5937178"}],"wp:attachment":[{"href":"https:\/\/stoic-curie.212-227-153-4.plesk.page\/hr\/wp-json\/wp\/v2\/media?parent=739872"}],"wp:term":[{"taxonomy":"product_brand","embeddable":true,"href":"https:\/\/stoic-curie.212-227-153-4.plesk.page\/hr\/wp-json\/wp\/v2\/product_brand?post=739872"},{"taxonomy":"product_cat","embeddable":true,"href":"https:\/\/stoic-curie.212-227-153-4.plesk.page\/hr\/wp-json\/wp\/v2\/product_cat?post=739872"},{"taxonomy":"product_tag","embeddable":true,"href":"https:\/\/stoic-curie.212-227-153-4.plesk.page\/hr\/wp-json\/wp\/v2\/product_tag?post=739872"}],"curies":[{"name":"wp","href":"https:\/\/api.w.org\/{rel}","templated":true}]}}