{"id":739877,"date":"2025-03-03T18:05:56","date_gmt":"2025-03-03T17:05:56","guid":{"rendered":"https:\/\/stoic-curie.212-227-153-4.plesk.page\/producto\/sklopiva-stolica-plava-forma-marathon-m100-82x47-cm-h42-cm\/"},"modified":"2026-02-25T00:00:38","modified_gmt":"2026-02-25T00:00:38","slug":"sklopiva-stolica-plava-forma-marathon-m100-82x47-cm-h42-cm","status":"publish","type":"product","link":"https:\/\/stoic-curie.212-227-153-4.plesk.page\/hr\/product\/sklopiva-stolica-plava-forma-marathon-m100-82x47-cm-h42-cm\/","title":{"rendered":"Sklopiva stolica, plava, Forma Marathon M100 82&#215;47 cm H42 cm"},"content":{"rendered":"<p>Sklopiva stolica, plava, Forma Marathon M100 82&#215;47 cm H42 cm &#8211; <\/p>\n<p>Klasika i elegantna Marathon M100 preklopna stolica od Ome. Savr\u0161eno zavr\u0161ena \u010dvrsta anodizirana aluminijska konstrukcija s protukliznim umetcima. Vrhunska kvaliteta Polyfor marine platna &#8211; 100% poliester 420gr\/m2. Elegantne i udobne drvene naslonja\u010de od pravog tikovine. Oprema od nehr\u0111aju\u0107eg \u010delika.<\/p>\n","protected":false},"excerpt":{"rendered":"<p>Sklopiva stolica, plava, Forma Marathon M100 82&#215;47 cm H42 cm &#8211; Klasika i elegantna Marathon M100 preklopna stolica od Ome.<\/p>\n","protected":false},"featured_media":5937210,"comment_status":"open","ping_status":"closed","template":"","meta":[],"product_brand":[2951],"product_cat":[1642],"product_tag":[],"class_list":{"0":"post-739877","1":"product","2":"type-product","3":"status-publish","4":"has-post-thumbnail","6":"product_brand-forma-hr","7":"product_cat-brodske-stolice-i-stolovi","9":"first","10":"instock","11":"shipping-taxable","12":"purchasable","13":"product-type-simple"},"_links":{"self":[{"href":"https:\/\/stoic-curie.212-227-153-4.plesk.page\/hr\/wp-json\/wp\/v2\/product\/739877","targetHints":{"allow":["GET"]}}],"collection":[{"href":"https:\/\/stoic-curie.212-227-153-4.plesk.page\/hr\/wp-json\/wp\/v2\/product"}],"about":[{"href":"https:\/\/stoic-curie.212-227-153-4.plesk.page\/hr\/wp-json\/wp\/v2\/types\/product"}],"replies":[{"embeddable":true,"href":"https:\/\/stoic-curie.212-227-153-4.plesk.page\/hr\/wp-json\/wp\/v2\/comments?post=739877"}],"version-history":[{"count":0,"href":"https:\/\/stoic-curie.212-227-153-4.plesk.page\/hr\/wp-json\/wp\/v2\/product\/739877\/revisions"}],"wp:featuredmedia":[{"embeddable":true,"href":"https:\/\/stoic-curie.212-227-153-4.plesk.page\/hr\/wp-json\/wp\/v2\/media\/5937210"}],"wp:attachment":[{"href":"https:\/\/stoic-curie.212-227-153-4.plesk.page\/hr\/wp-json\/wp\/v2\/media?parent=739877"}],"wp:term":[{"taxonomy":"product_brand","embeddable":true,"href":"https:\/\/stoic-curie.212-227-153-4.plesk.page\/hr\/wp-json\/wp\/v2\/product_brand?post=739877"},{"taxonomy":"product_cat","embeddable":true,"href":"https:\/\/stoic-curie.212-227-153-4.plesk.page\/hr\/wp-json\/wp\/v2\/product_cat?post=739877"},{"taxonomy":"product_tag","embeddable":true,"href":"https:\/\/stoic-curie.212-227-153-4.plesk.page\/hr\/wp-json\/wp\/v2\/product_tag?post=739877"}],"curies":[{"name":"wp","href":"https:\/\/api.w.org\/{rel}","templated":true}]}}