{"id":739884,"date":"2025-03-03T18:05:57","date_gmt":"2025-03-03T17:05:57","guid":{"rendered":"https:\/\/stoic-curie.212-227-153-4.plesk.page\/producto\/prigusivac-ispuha-vetus-nlp-za-crijevo-60-mm\/"},"modified":"2026-02-25T00:00:38","modified_gmt":"2026-02-25T00:00:38","slug":"prigusivac-ispuha-vetus-nlp-za-crijevo-60-mm","status":"publish","type":"product","link":"https:\/\/stoic-curie.212-227-153-4.plesk.page\/hr\/product\/prigusivac-ispuha-vetus-nlp-za-crijevo-60-mm\/","title":{"rendered":"Prigu\u0161ivac ispuha Vetus NLP za crijevo 60 mm"},"content":{"rendered":"<p>Prigu\u0161ivac ispuha Vetus NLP za crijevo 60 mm &#8211; <\/p>\n<p>Oja\u010dani plasti\u010dni vodeni blokator s rotiraju\u0107im spojnicama. Kompaktna veli\u010dina, mo\u017ee se montirati na uska mjesta. Treba ga instalirati na sustave izduvnih plinova s vodnim hla\u0111enjem. Kapacitet: H 254 mm prigu\u0161iva\u010di = 4,5 L. H 362 mm prigu\u0161iva\u010di = 10 L.<\/p>\n","protected":false},"excerpt":{"rendered":"<p>Prigu\u0161ivac ispuha Vetus NLP za crijevo 60 mm &#8211; Oja\u010dani plasti\u010dni vodeni blokator s rotiraju\u0107im spojnicama. Kompaktna veli\u010dina, mo\u017ee se<\/p>\n","protected":false},"featured_media":5936278,"comment_status":"open","ping_status":"closed","template":"","meta":[],"product_brand":[3521],"product_cat":[1794],"product_tag":[],"class_list":{"0":"post-739884","1":"product","2":"type-product","3":"status-publish","4":"has-post-thumbnail","6":"product_brand-vetus-hr","7":"product_cat-ispusne-vode-i-prigusivaci","9":"first","10":"instock","11":"shipping-taxable","12":"purchasable","13":"product-type-simple"},"_links":{"self":[{"href":"https:\/\/stoic-curie.212-227-153-4.plesk.page\/hr\/wp-json\/wp\/v2\/product\/739884","targetHints":{"allow":["GET"]}}],"collection":[{"href":"https:\/\/stoic-curie.212-227-153-4.plesk.page\/hr\/wp-json\/wp\/v2\/product"}],"about":[{"href":"https:\/\/stoic-curie.212-227-153-4.plesk.page\/hr\/wp-json\/wp\/v2\/types\/product"}],"replies":[{"embeddable":true,"href":"https:\/\/stoic-curie.212-227-153-4.plesk.page\/hr\/wp-json\/wp\/v2\/comments?post=739884"}],"version-history":[{"count":0,"href":"https:\/\/stoic-curie.212-227-153-4.plesk.page\/hr\/wp-json\/wp\/v2\/product\/739884\/revisions"}],"wp:featuredmedia":[{"embeddable":true,"href":"https:\/\/stoic-curie.212-227-153-4.plesk.page\/hr\/wp-json\/wp\/v2\/media\/5936278"}],"wp:attachment":[{"href":"https:\/\/stoic-curie.212-227-153-4.plesk.page\/hr\/wp-json\/wp\/v2\/media?parent=739884"}],"wp:term":[{"taxonomy":"product_brand","embeddable":true,"href":"https:\/\/stoic-curie.212-227-153-4.plesk.page\/hr\/wp-json\/wp\/v2\/product_brand?post=739884"},{"taxonomy":"product_cat","embeddable":true,"href":"https:\/\/stoic-curie.212-227-153-4.plesk.page\/hr\/wp-json\/wp\/v2\/product_cat?post=739884"},{"taxonomy":"product_tag","embeddable":true,"href":"https:\/\/stoic-curie.212-227-153-4.plesk.page\/hr\/wp-json\/wp\/v2\/product_tag?post=739884"}],"curies":[{"name":"wp","href":"https:\/\/api.w.org\/{rel}","templated":true}]}}