{"id":739889,"date":"2025-03-03T18:05:59","date_gmt":"2025-03-03T17:05:59","guid":{"rendered":"https:\/\/stoic-curie.212-227-153-4.plesk.page\/producto\/bezicni-reflektor-marinco-beamer-600-bijeli-12-24v\/"},"modified":"2026-02-25T00:00:38","modified_gmt":"2026-02-25T00:00:38","slug":"bezicni-reflektor-marinco-beamer-600-bijeli-12-24v","status":"publish","type":"product","link":"https:\/\/stoic-curie.212-227-153-4.plesk.page\/hr\/product\/bezicni-reflektor-marinco-beamer-600-bijeli-12-24v\/","title":{"rendered":"Be\u017ei\u010dni reflektor Marinco Beamer 600, bijeli 12-24V"},"content":{"rendered":"<p>Be\u017ei\u010dni reflektor Marinco Beamer 600, bijeli 12-24V &#8211; <\/p>\n<p>Marinco Beamer 600 je be\u017ei\u010dno daljinsko upravljano reflektorsko svjetlo s rotacijom od 360\u00b0 i nagibom od 120\u00b0. Pru\u017ea dubok i ravnomjeran snop sa 100W halogenskom \u017earuljom, dolazi s 1x12V i 1x24V izmjenjivim \u017earuljama za dvostruku upotrebu. Ku\u0107i\u0161te od UV-otpornog Tecnopolymera ima IP56 za\u0161titu. Uklju\u010duje be\u017ei\u010dni daljinski upravlja\u010d s dometom do 65 m i dimenzijama 55x57x19. Dimenzije reflektora su: 190 x 190 x H235 mm, a promjer baze je 145 mm s otvorom palube promjera 110 mm.<\/p>\n","protected":false},"excerpt":{"rendered":"<p>Be\u017ei\u010dni reflektor Marinco Beamer 600, bijeli 12-24V &#8211; Marinco Beamer 600 je be\u017ei\u010dno daljinsko upravljano reflektorsko svjetlo s rotacijom od<\/p>\n","protected":false},"featured_media":5937246,"comment_status":"open","ping_status":"closed","template":"","meta":[],"product_brand":[3106],"product_cat":[1734],"product_tag":[],"class_list":{"0":"post-739889","1":"product","2":"type-product","3":"status-publish","4":"has-post-thumbnail","6":"product_brand-marinco-hr","7":"product_cat-brodski-reflektori","9":"first","10":"instock","11":"shipping-taxable","12":"purchasable","13":"product-type-simple"},"_links":{"self":[{"href":"https:\/\/stoic-curie.212-227-153-4.plesk.page\/hr\/wp-json\/wp\/v2\/product\/739889","targetHints":{"allow":["GET"]}}],"collection":[{"href":"https:\/\/stoic-curie.212-227-153-4.plesk.page\/hr\/wp-json\/wp\/v2\/product"}],"about":[{"href":"https:\/\/stoic-curie.212-227-153-4.plesk.page\/hr\/wp-json\/wp\/v2\/types\/product"}],"replies":[{"embeddable":true,"href":"https:\/\/stoic-curie.212-227-153-4.plesk.page\/hr\/wp-json\/wp\/v2\/comments?post=739889"}],"version-history":[{"count":0,"href":"https:\/\/stoic-curie.212-227-153-4.plesk.page\/hr\/wp-json\/wp\/v2\/product\/739889\/revisions"}],"wp:featuredmedia":[{"embeddable":true,"href":"https:\/\/stoic-curie.212-227-153-4.plesk.page\/hr\/wp-json\/wp\/v2\/media\/5937246"}],"wp:attachment":[{"href":"https:\/\/stoic-curie.212-227-153-4.plesk.page\/hr\/wp-json\/wp\/v2\/media?parent=739889"}],"wp:term":[{"taxonomy":"product_brand","embeddable":true,"href":"https:\/\/stoic-curie.212-227-153-4.plesk.page\/hr\/wp-json\/wp\/v2\/product_brand?post=739889"},{"taxonomy":"product_cat","embeddable":true,"href":"https:\/\/stoic-curie.212-227-153-4.plesk.page\/hr\/wp-json\/wp\/v2\/product_cat?post=739889"},{"taxonomy":"product_tag","embeddable":true,"href":"https:\/\/stoic-curie.212-227-153-4.plesk.page\/hr\/wp-json\/wp\/v2\/product_tag?post=739889"}],"curies":[{"name":"wp","href":"https:\/\/api.w.org\/{rel}","templated":true}]}}