{"id":739907,"date":"2025-03-03T18:06:04","date_gmt":"2025-03-03T17:06:04","guid":{"rendered":"https:\/\/stoic-curie.212-227-153-4.plesk.page\/producto\/odzracnik-vetus-ufo-2-ce-odobreno\/"},"modified":"2026-02-25T00:00:38","modified_gmt":"2026-02-25T00:00:38","slug":"odzracnik-vetus-ufo-2-ce-odobreno","status":"publish","type":"product","link":"https:\/\/stoic-curie.212-227-153-4.plesk.page\/hr\/product\/odzracnik-vetus-ufo-2-ce-odobreno\/","title":{"rendered":"Odzra\u010dnik Vetus UFO 2 CE Odobreno"},"content":{"rendered":"<p>Odzra\u010dnik Vetus UFO 2 CE Odobreno &#8211; <\/p>\n<p>Stainless Steel standardni ventilator za kabinu ili s CE AII klasifikacijom. Mo\u017ee se dovr\u0161iti s elektri\u010dnim ekstraktorom za palubu od 12 ili 24V (1703022). CE model se mo\u017ee zatvoriti kada je to potrebno, a uklju\u010duje i za\u0161titu od insekata.<\/p>\n","protected":false},"excerpt":{"rendered":"<p>Odzra\u010dnik Vetus UFO 2 CE Odobreno &#8211; Stainless Steel standardni ventilator za kabinu ili s CE AII klasifikacijom. Mo\u017ee se<\/p>\n","protected":false},"featured_media":5937261,"comment_status":"open","ping_status":"closed","template":"","meta":[],"product_brand":[3521],"product_cat":[1699],"product_tag":[],"class_list":{"0":"post-739907","1":"product","2":"type-product","3":"status-publish","4":"has-post-thumbnail","6":"product_brand-vetus-hr","7":"product_cat-palubni-ventilacijski-otvori","9":"first","10":"instock","11":"shipping-taxable","12":"purchasable","13":"product-type-simple"},"_links":{"self":[{"href":"https:\/\/stoic-curie.212-227-153-4.plesk.page\/hr\/wp-json\/wp\/v2\/product\/739907","targetHints":{"allow":["GET"]}}],"collection":[{"href":"https:\/\/stoic-curie.212-227-153-4.plesk.page\/hr\/wp-json\/wp\/v2\/product"}],"about":[{"href":"https:\/\/stoic-curie.212-227-153-4.plesk.page\/hr\/wp-json\/wp\/v2\/types\/product"}],"replies":[{"embeddable":true,"href":"https:\/\/stoic-curie.212-227-153-4.plesk.page\/hr\/wp-json\/wp\/v2\/comments?post=739907"}],"version-history":[{"count":0,"href":"https:\/\/stoic-curie.212-227-153-4.plesk.page\/hr\/wp-json\/wp\/v2\/product\/739907\/revisions"}],"wp:featuredmedia":[{"embeddable":true,"href":"https:\/\/stoic-curie.212-227-153-4.plesk.page\/hr\/wp-json\/wp\/v2\/media\/5937261"}],"wp:attachment":[{"href":"https:\/\/stoic-curie.212-227-153-4.plesk.page\/hr\/wp-json\/wp\/v2\/media?parent=739907"}],"wp:term":[{"taxonomy":"product_brand","embeddable":true,"href":"https:\/\/stoic-curie.212-227-153-4.plesk.page\/hr\/wp-json\/wp\/v2\/product_brand?post=739907"},{"taxonomy":"product_cat","embeddable":true,"href":"https:\/\/stoic-curie.212-227-153-4.plesk.page\/hr\/wp-json\/wp\/v2\/product_cat?post=739907"},{"taxonomy":"product_tag","embeddable":true,"href":"https:\/\/stoic-curie.212-227-153-4.plesk.page\/hr\/wp-json\/wp\/v2\/product_tag?post=739907"}],"curies":[{"name":"wp","href":"https:\/\/api.w.org\/{rel}","templated":true}]}}