{"id":739910,"date":"2025-03-03T18:06:05","date_gmt":"2025-03-03T17:06:05","guid":{"rendered":"https:\/\/stoic-curie.212-227-153-4.plesk.page\/producto\/vetus-bc12051-5a-nauticki-punjac-akumulatora\/"},"modified":"2026-02-25T00:00:38","modified_gmt":"2026-02-25T00:00:38","slug":"vetus-bc12051-5a-nauticki-punjac-akumulatora","status":"publish","type":"product","link":"https:\/\/stoic-curie.212-227-153-4.plesk.page\/hr\/product\/vetus-bc12051-5a-nauticki-punjac-akumulatora\/","title":{"rendered":"Vetus BC12051 5A nauticki punjac akumulatora"},"content":{"rendered":"<p>Vetus BC12051 5A nauticki punjac akumulatora &#8211; <\/p>\n<p>Vetus punja\u010d\/odr\u017eava\u010d baterija prikladan je za sve 12V olovno-kiselinske baterije do 120Ah. IP65 za\u0161tita, sa 1,8 metara dugim kabelom za 220V napajanje i 1,8 metara dugim kabelom s stezaljkama za povezivanje s baterijom. Oporavlja, puni i odr\u017eava bateriju u pet koraka:<br \/>&#8211; Desulfacija: oporavlja praznu bateriju<br \/>&#8211; Boost: puni bateriju do 75% kapaciteta<br \/>&#8211; Izjedna\u010davanje: puni bateriju prema stanju punjenja<br \/>&#8211; Dopunjavanje: potpuno puni bateriju bez prepunjavanja<br \/>&#8211; Flotacija: odr\u017eava bateriju napunjenom<\/p>\n","protected":false},"excerpt":{"rendered":"<p>Vetus BC12051 5A nauticki punjac akumulatora &#8211; Vetus punja\u010d\/odr\u017eava\u010d baterija prikladan je za sve 12V olovno-kiselinske baterije do 120Ah. IP65<\/p>\n","protected":false},"featured_media":5937267,"comment_status":"open","ping_status":"closed","template":"","meta":[],"product_brand":[3521],"product_cat":[1737],"product_tag":[],"class_list":{"0":"post-739910","1":"product","2":"type-product","3":"status-publish","4":"has-post-thumbnail","6":"product_brand-vetus-hr","7":"product_cat-punjaci-baterija","9":"first","10":"instock","11":"shipping-taxable","12":"purchasable","13":"product-type-simple"},"_links":{"self":[{"href":"https:\/\/stoic-curie.212-227-153-4.plesk.page\/hr\/wp-json\/wp\/v2\/product\/739910","targetHints":{"allow":["GET"]}}],"collection":[{"href":"https:\/\/stoic-curie.212-227-153-4.plesk.page\/hr\/wp-json\/wp\/v2\/product"}],"about":[{"href":"https:\/\/stoic-curie.212-227-153-4.plesk.page\/hr\/wp-json\/wp\/v2\/types\/product"}],"replies":[{"embeddable":true,"href":"https:\/\/stoic-curie.212-227-153-4.plesk.page\/hr\/wp-json\/wp\/v2\/comments?post=739910"}],"version-history":[{"count":0,"href":"https:\/\/stoic-curie.212-227-153-4.plesk.page\/hr\/wp-json\/wp\/v2\/product\/739910\/revisions"}],"wp:featuredmedia":[{"embeddable":true,"href":"https:\/\/stoic-curie.212-227-153-4.plesk.page\/hr\/wp-json\/wp\/v2\/media\/5937267"}],"wp:attachment":[{"href":"https:\/\/stoic-curie.212-227-153-4.plesk.page\/hr\/wp-json\/wp\/v2\/media?parent=739910"}],"wp:term":[{"taxonomy":"product_brand","embeddable":true,"href":"https:\/\/stoic-curie.212-227-153-4.plesk.page\/hr\/wp-json\/wp\/v2\/product_brand?post=739910"},{"taxonomy":"product_cat","embeddable":true,"href":"https:\/\/stoic-curie.212-227-153-4.plesk.page\/hr\/wp-json\/wp\/v2\/product_cat?post=739910"},{"taxonomy":"product_tag","embeddable":true,"href":"https:\/\/stoic-curie.212-227-153-4.plesk.page\/hr\/wp-json\/wp\/v2\/product_tag?post=739910"}],"curies":[{"name":"wp","href":"https:\/\/api.w.org\/{rel}","templated":true}]}}