{"id":739917,"date":"2025-03-03T18:06:08","date_gmt":"2025-03-03T17:06:08","guid":{"rendered":"https:\/\/stoic-curie.212-227-153-4.plesk.page\/producto\/horizontalni-ispusni-prigusni-lonac-vetus-nlph-40-mm\/"},"modified":"2026-02-25T00:00:38","modified_gmt":"2026-02-25T00:00:38","slug":"horizontalni-ispusni-prigusni-lonac-vetus-nlph-40-mm","status":"publish","type":"product","link":"https:\/\/stoic-curie.212-227-153-4.plesk.page\/hr\/product\/horizontalni-ispusni-prigusni-lonac-vetus-nlph-40-mm\/","title":{"rendered":"Horizontalni ispu\u0161ni prigu\u0161ni lonac Vetus nlph 40 mm"},"content":{"rendered":"<p>Horizontalni ispu\u0161ni prigu\u0161ni lonac Vetus nlph 40 mm &#8211; <\/p>\n<p>Horizontalni vodeni \u010dep\/mufler s dva odjeljka Vetus NLPH s rotiraju\u0107im komponentama i priklju\u010dcima za crijevo. Dvokomorna konstrukcija zna\u010dajno smanjuje emisiju buke. Kapacitet: 40\/45\/50 3 litre &#8211; 60\/75\/90 10 litara.<\/p>\n","protected":false},"excerpt":{"rendered":"<p>Horizontalni ispu\u0161ni prigu\u0161ni lonac Vetus nlph 40 mm &#8211; Horizontalni vodeni \u010dep\/mufler s dva odjeljka Vetus NLPH s rotiraju\u0107im komponentama<\/p>\n","protected":false},"featured_media":5937270,"comment_status":"open","ping_status":"closed","template":"","meta":[],"product_brand":[3521],"product_cat":[1794],"product_tag":[],"class_list":{"0":"post-739917","1":"product","2":"type-product","3":"status-publish","4":"has-post-thumbnail","6":"product_brand-vetus-hr","7":"product_cat-ispusne-vode-i-prigusivaci","9":"first","10":"instock","11":"shipping-taxable","12":"purchasable","13":"product-type-simple"},"_links":{"self":[{"href":"https:\/\/stoic-curie.212-227-153-4.plesk.page\/hr\/wp-json\/wp\/v2\/product\/739917","targetHints":{"allow":["GET"]}}],"collection":[{"href":"https:\/\/stoic-curie.212-227-153-4.plesk.page\/hr\/wp-json\/wp\/v2\/product"}],"about":[{"href":"https:\/\/stoic-curie.212-227-153-4.plesk.page\/hr\/wp-json\/wp\/v2\/types\/product"}],"replies":[{"embeddable":true,"href":"https:\/\/stoic-curie.212-227-153-4.plesk.page\/hr\/wp-json\/wp\/v2\/comments?post=739917"}],"version-history":[{"count":0,"href":"https:\/\/stoic-curie.212-227-153-4.plesk.page\/hr\/wp-json\/wp\/v2\/product\/739917\/revisions"}],"wp:featuredmedia":[{"embeddable":true,"href":"https:\/\/stoic-curie.212-227-153-4.plesk.page\/hr\/wp-json\/wp\/v2\/media\/5937270"}],"wp:attachment":[{"href":"https:\/\/stoic-curie.212-227-153-4.plesk.page\/hr\/wp-json\/wp\/v2\/media?parent=739917"}],"wp:term":[{"taxonomy":"product_brand","embeddable":true,"href":"https:\/\/stoic-curie.212-227-153-4.plesk.page\/hr\/wp-json\/wp\/v2\/product_brand?post=739917"},{"taxonomy":"product_cat","embeddable":true,"href":"https:\/\/stoic-curie.212-227-153-4.plesk.page\/hr\/wp-json\/wp\/v2\/product_cat?post=739917"},{"taxonomy":"product_tag","embeddable":true,"href":"https:\/\/stoic-curie.212-227-153-4.plesk.page\/hr\/wp-json\/wp\/v2\/product_tag?post=739917"}],"curies":[{"name":"wp","href":"https:\/\/api.w.org\/{rel}","templated":true}]}}