{"id":739923,"date":"2025-03-03T18:06:10","date_gmt":"2025-03-03T17:06:10","guid":{"rendered":"https:\/\/stoic-curie.212-227-153-4.plesk.page\/producto\/sidro-spade-s60-9-5kg\/"},"modified":"2026-02-25T00:00:38","modified_gmt":"2026-02-25T00:00:38","slug":"sidro-spade-s60-9-5kg","status":"publish","type":"product","link":"https:\/\/stoic-curie.212-227-153-4.plesk.page\/hr\/product\/sidro-spade-s60-9-5kg\/","title":{"rendered":"Sidro Spade S60 9.5KG"},"content":{"rendered":"<p>Sidro Spade S60 9.5KG &#8211; <\/p>\n<p>Spu\u0161teni sidro od pocin\u010danog \u010delika s vrlo visokom otporno\u0161\u0107u na optere\u0107enje, s jedinstvenom konveksnom povr\u0161inom koja omogu\u0107uje da se svaki put sleti pravilno. Te\u017ei\u0161te je smje\u0161teno na vrlo nisku razinu kako bi se sprije\u010dilo prevrtanje sidra pod optere\u0107enjem ili stresom. Ukupna te\u017eina sidra primjenjuje se izravno na o\u0161tri vrh, \u0161to jam\u010di trenutnu penetraciju. Kada se primjeni optere\u0107enje na u\u017ee, sidro zauzima najbolju poziciju za penetraciju, a njegova o\u0161tra to\u010dka lako prodire u najtvr\u0111e morske dna. Spu\u0161teni sidro ostaje zakopano bez cikli\u010dkog pona\u0161anja.<\/p>\n","protected":false},"excerpt":{"rendered":"<p>Sidro Spade S60 9.5KG &#8211; Spu\u0161teni sidro od pocin\u010danog \u010delika s vrlo visokom otporno\u0161\u0107u na optere\u0107enje, s jedinstvenom konveksnom povr\u0161inom<\/p>\n","protected":false},"featured_media":5937276,"comment_status":"open","ping_status":"closed","template":"","meta":[],"product_brand":[3421],"product_cat":[1870],"product_tag":[],"class_list":{"0":"post-739923","1":"product","2":"type-product","3":"status-publish","4":"has-post-thumbnail","6":"product_brand-spade-hr","7":"product_cat-sidra-spade","9":"first","10":"instock","11":"shipping-taxable","12":"purchasable","13":"product-type-simple"},"_links":{"self":[{"href":"https:\/\/stoic-curie.212-227-153-4.plesk.page\/hr\/wp-json\/wp\/v2\/product\/739923","targetHints":{"allow":["GET"]}}],"collection":[{"href":"https:\/\/stoic-curie.212-227-153-4.plesk.page\/hr\/wp-json\/wp\/v2\/product"}],"about":[{"href":"https:\/\/stoic-curie.212-227-153-4.plesk.page\/hr\/wp-json\/wp\/v2\/types\/product"}],"replies":[{"embeddable":true,"href":"https:\/\/stoic-curie.212-227-153-4.plesk.page\/hr\/wp-json\/wp\/v2\/comments?post=739923"}],"version-history":[{"count":0,"href":"https:\/\/stoic-curie.212-227-153-4.plesk.page\/hr\/wp-json\/wp\/v2\/product\/739923\/revisions"}],"wp:featuredmedia":[{"embeddable":true,"href":"https:\/\/stoic-curie.212-227-153-4.plesk.page\/hr\/wp-json\/wp\/v2\/media\/5937276"}],"wp:attachment":[{"href":"https:\/\/stoic-curie.212-227-153-4.plesk.page\/hr\/wp-json\/wp\/v2\/media?parent=739923"}],"wp:term":[{"taxonomy":"product_brand","embeddable":true,"href":"https:\/\/stoic-curie.212-227-153-4.plesk.page\/hr\/wp-json\/wp\/v2\/product_brand?post=739923"},{"taxonomy":"product_cat","embeddable":true,"href":"https:\/\/stoic-curie.212-227-153-4.plesk.page\/hr\/wp-json\/wp\/v2\/product_cat?post=739923"},{"taxonomy":"product_tag","embeddable":true,"href":"https:\/\/stoic-curie.212-227-153-4.plesk.page\/hr\/wp-json\/wp\/v2\/product_tag?post=739923"}],"curies":[{"name":"wp","href":"https:\/\/api.w.org\/{rel}","templated":true}]}}