{"id":739924,"date":"2025-03-03T18:06:10","date_gmt":"2025-03-03T17:06:10","guid":{"rendered":"https:\/\/stoic-curie.212-227-153-4.plesk.page\/producto\/sidro-spade-s80-15kg\/"},"modified":"2026-02-25T00:00:38","modified_gmt":"2026-02-25T00:00:38","slug":"sidro-spade-s80-15kg","status":"publish","type":"product","link":"https:\/\/stoic-curie.212-227-153-4.plesk.page\/hr\/product\/sidro-spade-s80-15kg\/","title":{"rendered":"Sidro Spade S80 15KG"},"content":{"rendered":"<p>Sidro Spade S80 15KG &#8211; <\/p>\n<p>Vrlo visoki otpor prema optere\u0107enju posebna galvanska \u010deli\u010dna spadanja s jedinstvenom konkavnom povr\u0161inom koja omogu\u0107ava ispravno slijetanje svaki put. Te\u017ei\u0161te je postavljeno na vrlo nisku razinu kako bi se sprije\u010dilo da se sidro prevrne pod optere\u0107enjem ili stresom. Cijela te\u017eina sidra se izravno primjenjuje na o\u0161trom vrhu, \u0161to jam\u010di trenutnu penetraciju. Kada se optere\u0107enje primijeni na konop, sidro zauzima najbolju poziciju za penetraciju i njegova o\u0161tra to\u010dka lako prodire u najtvr\u0111e podmorsko dno. Spada sidro ostaje zakopano bez cikli\u010dkog pona\u0161anja.<\/p>\n","protected":false},"excerpt":{"rendered":"<p>Sidro Spade S80 15KG &#8211; Vrlo visoki otpor prema optere\u0107enju posebna galvanska \u010deli\u010dna spadanja s jedinstvenom konkavnom povr\u0161inom koja omogu\u0107ava<\/p>\n","protected":false},"featured_media":5937276,"comment_status":"open","ping_status":"closed","template":"","meta":[],"product_brand":[3421],"product_cat":[1870],"product_tag":[],"class_list":{"0":"post-739924","1":"product","2":"type-product","3":"status-publish","4":"has-post-thumbnail","6":"product_brand-spade-hr","7":"product_cat-sidra-spade","9":"first","10":"instock","11":"shipping-taxable","12":"purchasable","13":"product-type-simple"},"_links":{"self":[{"href":"https:\/\/stoic-curie.212-227-153-4.plesk.page\/hr\/wp-json\/wp\/v2\/product\/739924","targetHints":{"allow":["GET"]}}],"collection":[{"href":"https:\/\/stoic-curie.212-227-153-4.plesk.page\/hr\/wp-json\/wp\/v2\/product"}],"about":[{"href":"https:\/\/stoic-curie.212-227-153-4.plesk.page\/hr\/wp-json\/wp\/v2\/types\/product"}],"replies":[{"embeddable":true,"href":"https:\/\/stoic-curie.212-227-153-4.plesk.page\/hr\/wp-json\/wp\/v2\/comments?post=739924"}],"version-history":[{"count":0,"href":"https:\/\/stoic-curie.212-227-153-4.plesk.page\/hr\/wp-json\/wp\/v2\/product\/739924\/revisions"}],"wp:featuredmedia":[{"embeddable":true,"href":"https:\/\/stoic-curie.212-227-153-4.plesk.page\/hr\/wp-json\/wp\/v2\/media\/5937276"}],"wp:attachment":[{"href":"https:\/\/stoic-curie.212-227-153-4.plesk.page\/hr\/wp-json\/wp\/v2\/media?parent=739924"}],"wp:term":[{"taxonomy":"product_brand","embeddable":true,"href":"https:\/\/stoic-curie.212-227-153-4.plesk.page\/hr\/wp-json\/wp\/v2\/product_brand?post=739924"},{"taxonomy":"product_cat","embeddable":true,"href":"https:\/\/stoic-curie.212-227-153-4.plesk.page\/hr\/wp-json\/wp\/v2\/product_cat?post=739924"},{"taxonomy":"product_tag","embeddable":true,"href":"https:\/\/stoic-curie.212-227-153-4.plesk.page\/hr\/wp-json\/wp\/v2\/product_tag?post=739924"}],"curies":[{"name":"wp","href":"https:\/\/api.w.org\/{rel}","templated":true}]}}