{"id":739925,"date":"2025-03-03T18:06:10","date_gmt":"2025-03-03T17:06:10","guid":{"rendered":"https:\/\/stoic-curie.212-227-153-4.plesk.page\/producto\/sidro-spade-s100-20kg\/"},"modified":"2026-02-25T00:00:38","modified_gmt":"2026-02-25T00:00:38","slug":"sidro-spade-s100-20kg","status":"publish","type":"product","link":"https:\/\/stoic-curie.212-227-153-4.plesk.page\/hr\/product\/sidro-spade-s100-20kg\/","title":{"rendered":"Sidro Spade S100 20KG"},"content":{"rendered":"<p>Sidro Spade S100 20KG &#8211; <\/p>\n<p>Galvanska Spade sidra serije S je visokokvalitetno sidro izra\u0111eno od posebnog pocinkovanog \u010delika. Njegova jedinstvena konkavna povr\u0161ina osigurava pravilno postavljanje svaki put. Te\u017ei\u0161te je postavljeno nisko kako bi se sprije\u010dilo lijevanje sidra pod optere\u0107enjem ili stresom. Ukupna te\u017eina sidra koncentrirana je na o\u0161trom vrhu, \u0161to omogu\u0107uje trenutnu penetraciju. Kada se optere\u0107enje primijeni na uzici, sidro se optimalno pozicionira za penetraciju, lako probijaju\u0107i \u010dak i najte\u017ee morsko dno. Spade sidro ostaje sigurno zakopano bez ikakvog pomjeranja.<\/p>\n<p>Dizajnirao ga je Alain Poiraud, ovo sidro nudi veliku snagu dr\u017eanja s konkavnim kracima. Mo\u017ee se lako rastaviti radi prakti\u010dnog skladi\u0161tenja. Veli\u010dine S40 do S160 su odmah dostupne, dok se veli\u010dine S180 i S200 mogu naru\u010diti uz vrijeme isporuke od proizvo\u0111a\u010da. Spade tvrdi da proizvodi najpouzdanija sidra na svijetu.<\/p>\n<p><strong>\u010cinjenice, karakteristike i jedinstvene prodajne ta\u010dke Spade sidra:<\/strong><\/p>\n<ul>\n<li>\n<p>Spade dizajn uklju\u010duje trokutastu balastnu komoru ispunjenu olovom, osiguravaju\u0107i da sidro pada pod najboljim kutom za penetraciju, sli\u010dno tome kako dlijeto radi na drvetu. Ovaj dizajn postavlja 50% ukupne te\u017eine direktno iznad probijaju\u0107eg vrha, maksimiziraju\u0107i njegovu sposobnost da se usa\u010de u izazovno morsko dno, kao \u0161to su mediteranska morska trava, guste alge i kelp.<\/p>\n<\/li>\n<li>\n<p>Spade je dizajniran za lako rastavljanje, \u0161to ga \u010dini prakti\u010dnim za skladi\u0161tenje dok ne zatreba.<\/p>\n<\/li>\n<li>\n<p>Sidro po\u010dinje da se zakopava \u010dim dotakne morsko dno, potpomognuto svojim optimalnim uglom i raspodjelom te\u017eine.<\/p>\n<\/li>\n<li>\n<p>Spade \u010dvrsto dr\u017ei prianjanjem svoje pune povr\u0161ine prema optere\u0107enju. Ve\u0107a povr\u0161ina pove\u0107ava snagu dr\u017eanja. Ako je optere\u0107enje dovoljno jako da pomakne sidro, ono \u0107e se zakopati dublje. Za razliku od konveksnog o\u0161trice koja mo\u017ee isko\u010diti tokom naglih promjena vjetra ili plime, Spadeova konkavna o\u0161trica ostaje zakopana. Djeluje poput padobrana ispod morskog dna, pru\u017eaju\u0107i maksimalan otpor \u010dak i pri velikim optere\u0107enjima. Spade se ne\u0107e iskopati tokom pomaka; umjesto toga, prilago\u0111ava se novom pravcu.<\/p>\n<\/li>\n<li>\n<p>Izgra\u0111eno da izdr\u017ei zna\u010dajna optere\u0107enja, Spade i dalje dr\u017ei dugo nakon \u0161to su druga sidra povukla.<\/p>\n<\/li>\n<li>\n<p>Za veli\u010dine S80 i iznad, \u0161tanglice su izra\u0111ene u trokutastom kutijastom presjeku kako bi se pove\u0107ala \u010dvrsto\u0107a bez kompromisa u raspodjeli te\u017eine.<\/p>\n<\/li>\n<li>\n<p>Spade sidra su dizajnirana za optimalne performanse, umjesto za tro\u0161kove, i dolaze sa \u0161estomjese\u010dnom garancijom zadovoljstva proizvo\u0111a\u010da.<\/p>\n<\/li>\n<\/ul>\n","protected":false},"excerpt":{"rendered":"<p>Sidro Spade S100 20KG &#8211; Galvanska Spade sidra serije S je visokokvalitetno sidro izra\u0111eno od posebnog pocinkovanog \u010delika. Njegova jedinstvena<\/p>\n","protected":false},"featured_media":5937276,"comment_status":"open","ping_status":"closed","template":"","meta":[],"product_brand":[3421],"product_cat":[1870],"product_tag":[],"class_list":{"0":"post-739925","1":"product","2":"type-product","3":"status-publish","4":"has-post-thumbnail","6":"product_brand-spade-hr","7":"product_cat-sidra-spade","9":"first","10":"instock","11":"shipping-taxable","12":"purchasable","13":"product-type-simple"},"_links":{"self":[{"href":"https:\/\/stoic-curie.212-227-153-4.plesk.page\/hr\/wp-json\/wp\/v2\/product\/739925","targetHints":{"allow":["GET"]}}],"collection":[{"href":"https:\/\/stoic-curie.212-227-153-4.plesk.page\/hr\/wp-json\/wp\/v2\/product"}],"about":[{"href":"https:\/\/stoic-curie.212-227-153-4.plesk.page\/hr\/wp-json\/wp\/v2\/types\/product"}],"replies":[{"embeddable":true,"href":"https:\/\/stoic-curie.212-227-153-4.plesk.page\/hr\/wp-json\/wp\/v2\/comments?post=739925"}],"version-history":[{"count":0,"href":"https:\/\/stoic-curie.212-227-153-4.plesk.page\/hr\/wp-json\/wp\/v2\/product\/739925\/revisions"}],"wp:featuredmedia":[{"embeddable":true,"href":"https:\/\/stoic-curie.212-227-153-4.plesk.page\/hr\/wp-json\/wp\/v2\/media\/5937276"}],"wp:attachment":[{"href":"https:\/\/stoic-curie.212-227-153-4.plesk.page\/hr\/wp-json\/wp\/v2\/media?parent=739925"}],"wp:term":[{"taxonomy":"product_brand","embeddable":true,"href":"https:\/\/stoic-curie.212-227-153-4.plesk.page\/hr\/wp-json\/wp\/v2\/product_brand?post=739925"},{"taxonomy":"product_cat","embeddable":true,"href":"https:\/\/stoic-curie.212-227-153-4.plesk.page\/hr\/wp-json\/wp\/v2\/product_cat?post=739925"},{"taxonomy":"product_tag","embeddable":true,"href":"https:\/\/stoic-curie.212-227-153-4.plesk.page\/hr\/wp-json\/wp\/v2\/product_tag?post=739925"}],"curies":[{"name":"wp","href":"https:\/\/api.w.org\/{rel}","templated":true}]}}