{"id":739926,"date":"2025-03-03T18:06:11","date_gmt":"2025-03-03T17:06:11","guid":{"rendered":"https:\/\/stoic-curie.212-227-153-4.plesk.page\/producto\/sidro-spade-s120-25kg\/"},"modified":"2026-02-25T00:00:38","modified_gmt":"2026-02-25T00:00:38","slug":"sidro-spade-s120-25kg","status":"publish","type":"product","link":"https:\/\/stoic-curie.212-227-153-4.plesk.page\/hr\/product\/sidro-spade-s120-25kg\/","title":{"rendered":"Sidro Spade S120 25KG"},"content":{"rendered":"<p>Sidro Spade S120 25KG &#8211; <\/p>\n<p style=\"color: rgb(34, 34, 34); font-family: Arial, Helvetica, sans-serif; font-size: small;\">SPADE sidro dostupno je u tri materijala &#8211; pocin\u010danom \u010deliku, aluminiju i nehr\u0111aju\u0107em \u010deliku &#8211; i dolazi u deset razli\u010ditih veli\u010dina. Verzije od visoko \u010dvrstog \u010delika su vru\u0107e pocin\u010dane. Zanimljivo je da svi SPADE sidro iste veli\u010dine, bez obzira na njihov materijal, pru\u017eaju istu razinu u\u010dinkovitosti.<\/p>\n<p style=\"color: rgb(34, 34, 34); font-family: Arial, Helvetica, sans-serif; font-size: small;\">Proizvo\u0111a\u010d nagla\u0161ava efektivnu povr\u0161inu sidra, a ne njegovu te\u017einu. Iznimna u\u010dinkovitost SPADE sidra proizlazi iz dimenzija i oblika njegove efektivne povr\u0161ine. Sidra s jednakim povr\u0161inama pokazat \u0107e identi\u010dnu snagu dr\u017eanja, bez obzira na materijal od kojeg su izra\u0111ena.<\/p>\n<p style=\"color: rgb(34, 34, 34); font-family: Arial, Helvetica, sans-serif; font-size: small;\">Svi modeli zadovoljavaju sedam osnovnih sigurnosnih kriterija:<\/p>\n<ol style=\"color: rgb(34, 34, 34); font-family: Arial, Helvetica, sans-serif; font-size: small;\">\n<li>Sidro mora brzo prodrijeti u morsko dno, bez obzira na vrstu dna.<\/li>\n<li>Sidro se mora duboko usa\u0111ivati u supstrat.<\/li>\n<li>Jednom postavljen, sidro treba pru\u017eiti maksimalnu snagu dr\u017eanja bez povla\u010denja.<\/li>\n<li>Ako vu\u010dna sila prema\u0161i kapacitet dr\u017eanja sidra, mora pru\u017eiti dosljedan i maksimalan otpor povla\u010denju, \u010dak i pod ekstremnim optere\u0107enjem.<\/li>\n<li>Sidro mora zadr\u017eati svoj zahvat, neovisno o promjenama u smjeru vjetra ili struje.<\/li>\n<li>Dizajn mora sprije\u010diti da se u\u017ee sidra zaplete s sidrom.<\/li>\n<li>Sidro mora biti dovoljno robusno da izdr\u017ei vrlo visoke nosivosti.<\/li>\n<\/ol>\n","protected":false},"excerpt":{"rendered":"<p>Sidro Spade S120 25KG &#8211; SPADE sidro dostupno je u tri materijala &#8211; pocin\u010danom \u010deliku, aluminiju i nehr\u0111aju\u0107em \u010deliku &#8211;<\/p>\n","protected":false},"featured_media":5937276,"comment_status":"open","ping_status":"closed","template":"","meta":[],"product_brand":[3421],"product_cat":[1870],"product_tag":[],"class_list":{"0":"post-739926","1":"product","2":"type-product","3":"status-publish","4":"has-post-thumbnail","6":"product_brand-spade-hr","7":"product_cat-sidra-spade","9":"first","10":"instock","11":"shipping-taxable","12":"purchasable","13":"product-type-simple"},"_links":{"self":[{"href":"https:\/\/stoic-curie.212-227-153-4.plesk.page\/hr\/wp-json\/wp\/v2\/product\/739926","targetHints":{"allow":["GET"]}}],"collection":[{"href":"https:\/\/stoic-curie.212-227-153-4.plesk.page\/hr\/wp-json\/wp\/v2\/product"}],"about":[{"href":"https:\/\/stoic-curie.212-227-153-4.plesk.page\/hr\/wp-json\/wp\/v2\/types\/product"}],"replies":[{"embeddable":true,"href":"https:\/\/stoic-curie.212-227-153-4.plesk.page\/hr\/wp-json\/wp\/v2\/comments?post=739926"}],"version-history":[{"count":0,"href":"https:\/\/stoic-curie.212-227-153-4.plesk.page\/hr\/wp-json\/wp\/v2\/product\/739926\/revisions"}],"wp:featuredmedia":[{"embeddable":true,"href":"https:\/\/stoic-curie.212-227-153-4.plesk.page\/hr\/wp-json\/wp\/v2\/media\/5937276"}],"wp:attachment":[{"href":"https:\/\/stoic-curie.212-227-153-4.plesk.page\/hr\/wp-json\/wp\/v2\/media?parent=739926"}],"wp:term":[{"taxonomy":"product_brand","embeddable":true,"href":"https:\/\/stoic-curie.212-227-153-4.plesk.page\/hr\/wp-json\/wp\/v2\/product_brand?post=739926"},{"taxonomy":"product_cat","embeddable":true,"href":"https:\/\/stoic-curie.212-227-153-4.plesk.page\/hr\/wp-json\/wp\/v2\/product_cat?post=739926"},{"taxonomy":"product_tag","embeddable":true,"href":"https:\/\/stoic-curie.212-227-153-4.plesk.page\/hr\/wp-json\/wp\/v2\/product_tag?post=739926"}],"curies":[{"name":"wp","href":"https:\/\/api.w.org\/{rel}","templated":true}]}}