{"id":739927,"date":"2025-03-03T18:06:11","date_gmt":"2025-03-03T17:06:11","guid":{"rendered":"https:\/\/stoic-curie.212-227-153-4.plesk.page\/producto\/sidro-spade-s140-30kg\/"},"modified":"2026-02-25T00:00:38","modified_gmt":"2026-02-25T00:00:38","slug":"sidro-spade-s140-30kg","status":"publish","type":"product","link":"https:\/\/stoic-curie.212-227-153-4.plesk.page\/hr\/product\/sidro-spade-s140-30kg\/","title":{"rendered":"Sidro Spade S140 30KG"},"content":{"rendered":"<p>Sidro Spade S140 30KG &#8211; <\/p>\n<p>Spade sidro, pa\u017eljivo konstruirano od visokokvalitetnog pocin\u010danog \u010delika otpornog na visoke optere\u0107enja, predstavlja jedinstveni konkavni dizajn koji jam\u010di da \u0107e se ispravno spustiti pri svakoj prilici. Njegov centar mase namjerno je postavljen nisko kako bi se izbjegao rizik od prevrnutog sidra pod optere\u0107enjem ili napetosti. Ukupna te\u017eina sidra koncentrirana je izravno na o\u0161trom vrhu, omogu\u0107uju\u0107i trenutnu penetraciju prilikom postavljanja. Kada se optere\u0107enje primijeni na uzicu, sidro se instinktivno uskla\u0111uje za optimalnu penetraciju, omogu\u0107uju\u0107i da njegova o\u0161tra to\u010dka lako prodre \u010dak i u najizazovnije morske podloge. Jednom kad je ukopano, Spade sidro ostaje \u010dvrsto na mjestu bez pokazivanja cikli\u010dkog pona\u0161anja.<\/p>\n<p><strong>S serija pocin\u010dana<\/strong><\/p>\n<p><strong>Dizajnirano od strane Alaina Poirauda<\/strong><\/p>\n<p><strong>Izvanredna zadr\u017eavaju\u0107a snaga s konkavnim krakovima<\/strong><\/p>\n<p><strong>Lako se rastavlja za pohranu<\/strong><\/p>\n<p><strong>Klju\u010dne \u010dinjenice, zna\u010dajke i jedinstvene prodajne to\u010dke Spade sidra:<\/strong><\/p>\n<p>Spade sidro ima karakteristi\u010dnu trokutastu balastnu komoru ispunjenu olovom, osiguravaju\u0107i da se spu\u0161ta pod optimalnim kutom za penetraciju, poput funkcije dlijeta u drvetu. Ovaj inovativni dizajn postavlja 50% ukupne te\u017eine izravno iznad penetriraju\u0107e to\u010dke, maksimiziraju\u0107i sposobnost sidra da se ukopa \u010dak i u najizazovnije morske podloge, uklju\u010duju\u0107i mediteranske morske trave, gustu vegetaciju i alge.<\/p>\n<p><strong>Jednostavno skladi\u0161tenje<\/strong>: Spade sidro je dizajnirano za jednostavno rastavljanje, \u0161to olak\u0161ava skladi\u0161tenje dok nije potrebno.<\/p>\n<p><strong>Odmah po\u010dinje kopati<\/strong>: Sidro zapo\u010dinje svoj proces kopanja \u010dim do\u0111e u kontakt s morskim dnom, potpomognuto svojim optimalnim kutom i raspodjelom te\u017eine.<\/p>\n<p><strong>Superiorna zadr\u017eavaju\u0107a snaga<\/strong>: Spade sidro prikazuje cijelu svoju povr\u0161inu prema smjeru optere\u0107enja, zna\u010dajno pove\u0107avaju\u0107i svoju zadr\u017eavaju\u0107u snagu. Ve\u0107a povr\u0161ina rezultira ve\u0107im otporom. Ako je optere\u0107enje dovoljno jako da pomakne sidro, ono \u0107e se ukopati dublje. Za razliku od konveksnog o\u0161trica, koja se mo\u017ee pomaknuti tijekom naglih promjena vjetra ili plime, konkavni o\u0161trica Spade ostaje sigurno ukopana. Ovaj dizajn djeluje kao padobran ispod morskog dna, osiguravaju\u0107i maksimalan otpor \u010dak i pod zna\u010dajnim optere\u0107enjima. Spade se ne pomi\u010de tijekom promjena vjetra ili plime; umjesto toga prilago\u0111ava svoju poziciju kako bi se prilagodio novom smjeru.<\/p>\n<p><strong>Izdr\u017eljivost<\/strong>: Dizajnirano da izdr\u017ei zna\u010dajna optere\u0107enja, Spade sidro ostaje \u010dvrsto dugo nakon \u0161to su druga sidra po\u010dela kliziti.<\/p>\n<p><strong>Okvirni \u0161ipak<\/strong>: Za veli\u010dine S80 i ve\u0107e, \u0161ipke su dizajnirane kao trokutni okvir, optimiziraju\u0107i ja\u010dinu bez kompromisa u raspodjeli te\u017eine.<\/p>\n<p><strong>Optimalne performanse<\/strong>: Spade sidra su izra\u0111ena za izvanredne performanse, a ne samo za ekonomsku u\u010dinkovitost, i podupiru ih jamstvo zadovoljstva od \u0161est mjeseci proizvo\u0111a\u010da.<\/p>\n","protected":false},"excerpt":{"rendered":"<p>Sidro Spade S140 30KG &#8211; Spade sidro, pa\u017eljivo konstruirano od visokokvalitetnog pocin\u010danog \u010delika otpornog na visoke optere\u0107enja, predstavlja jedinstveni konkavni<\/p>\n","protected":false},"featured_media":5937276,"comment_status":"open","ping_status":"closed","template":"","meta":[],"product_brand":[3421],"product_cat":[1870],"product_tag":[],"class_list":{"0":"post-739927","1":"product","2":"type-product","3":"status-publish","4":"has-post-thumbnail","6":"product_brand-spade-hr","7":"product_cat-sidra-spade","9":"first","10":"instock","11":"shipping-taxable","12":"purchasable","13":"product-type-simple"},"_links":{"self":[{"href":"https:\/\/stoic-curie.212-227-153-4.plesk.page\/hr\/wp-json\/wp\/v2\/product\/739927","targetHints":{"allow":["GET"]}}],"collection":[{"href":"https:\/\/stoic-curie.212-227-153-4.plesk.page\/hr\/wp-json\/wp\/v2\/product"}],"about":[{"href":"https:\/\/stoic-curie.212-227-153-4.plesk.page\/hr\/wp-json\/wp\/v2\/types\/product"}],"replies":[{"embeddable":true,"href":"https:\/\/stoic-curie.212-227-153-4.plesk.page\/hr\/wp-json\/wp\/v2\/comments?post=739927"}],"version-history":[{"count":0,"href":"https:\/\/stoic-curie.212-227-153-4.plesk.page\/hr\/wp-json\/wp\/v2\/product\/739927\/revisions"}],"wp:featuredmedia":[{"embeddable":true,"href":"https:\/\/stoic-curie.212-227-153-4.plesk.page\/hr\/wp-json\/wp\/v2\/media\/5937276"}],"wp:attachment":[{"href":"https:\/\/stoic-curie.212-227-153-4.plesk.page\/hr\/wp-json\/wp\/v2\/media?parent=739927"}],"wp:term":[{"taxonomy":"product_brand","embeddable":true,"href":"https:\/\/stoic-curie.212-227-153-4.plesk.page\/hr\/wp-json\/wp\/v2\/product_brand?post=739927"},{"taxonomy":"product_cat","embeddable":true,"href":"https:\/\/stoic-curie.212-227-153-4.plesk.page\/hr\/wp-json\/wp\/v2\/product_cat?post=739927"},{"taxonomy":"product_tag","embeddable":true,"href":"https:\/\/stoic-curie.212-227-153-4.plesk.page\/hr\/wp-json\/wp\/v2\/product_tag?post=739927"}],"curies":[{"name":"wp","href":"https:\/\/api.w.org\/{rel}","templated":true}]}}