{"id":739928,"date":"2025-03-03T18:06:11","date_gmt":"2025-03-03T17:06:11","guid":{"rendered":"https:\/\/stoic-curie.212-227-153-4.plesk.page\/producto\/galvanizirano-sidro-spade-s160-35kg\/"},"modified":"2026-02-25T00:00:38","modified_gmt":"2026-02-25T00:00:38","slug":"galvanizirano-sidro-spade-s160-35kg","status":"publish","type":"product","link":"https:\/\/stoic-curie.212-227-153-4.plesk.page\/hr\/product\/galvanizirano-sidro-spade-s160-35kg\/","title":{"rendered":"Galvanizirano sidro Spade S160 35KG"},"content":{"rendered":"<p>Galvanizirano sidro Spade S160 35KG &#8211; <\/p>\n<p><strong>Spade Sidro S160 (35 kg)<\/strong><br \/>Ovo sidro Spade visoke otpornosti na optere\u0107enje, izra\u0111eno od posebnog galvaniziranog \u010delika, ima jedinstvenu konkavnu povr\u0161inu koja jam\u010di pravilno slijetanje svaki put. Te\u017ei\u0161te je strate\u0161ki nisko postavljeno kako bi se sprije\u010dilo spoticanje sidra pod optere\u0107enjem ili stresom. Ukupna te\u017eina je koncentrirana izravno na o\u0161trici, \u0161to omogu\u0107ava trenutnu penetraciju. Kada se primijeni teret na konopi, sidro se optimalno pozicionira za penetraciju, lako probijaju\u0107i \u010dak i najtvr\u0111e morske podloge. Sidro Spade ostaje sigurno zakopano bez cikli\u010dkog pona\u0161anja.<\/p>\n<p><strong>Galvanizirana \u010celi\u010dna Spade Sidra<\/strong><\/p>\n<p>Istra\u017eite na\u0161u sveobuhvatnu ponudu galvaniziranih \u010deli\u010dnih Spade sidara, dizajniranih za va\u0161e osnovne potrebe sidrenja. Na\u0161 najlak\u0161i model te\u017ei samo 5,5 kg, \u0161to ga \u010dini prikladnim za male brodove duge do 6,5 metara i te\u017eine 1 tonu. Nasuprot tome, na\u0161e najte\u017ee sidro ima 170 kg i preporu\u010duje se za plovila od 75 do 200 tona. Jedinstveni dizajn galvaniziranih \u010deli\u010dnih Spade sidara osigurava da uvijek padnu u pravilnom polo\u017eaju na morskom dnu, zahvaljuju\u0107i te\u017eoj to\u010dki i optimalno raspore\u0111enoj masi po lopati i dr\u0161ci. Brzo se zakopavaju u pijesak, pru\u017eaju\u0107i izvanrednu nosivost, \u010dak i pod zna\u010dajnim teretima. Sa konkavnom obliku koji daje koeficijent nosivosti od 1,7, na\u0161a sidra se ponose najvi\u0161im performansama na globalnom tr\u017ei\u0161tu. Odaberite odgovaraju\u0107e galvanizirano \u010deli\u010dno Spade sidro za va\u0161 brod i iskusite optimalno sidrenje. S va\u0161im Spade sidrom na brodu, dobro ste pripremljeni za svoju sljede\u0107u avanturu.<\/p>\n<p><strong>\u010cinjenice, Zna\u010dajke i jedinstvene prodajne to\u010dke Spade Sidra:<\/strong><\/p>\n<ul>\n<li>\n<p><strong>Inovativni Dizajn:<\/strong> Spade dizajn uklju\u010duje trokutastu balastnu komoru ispunjenu olovom, osiguravaju\u0107i da sidro padne pod idealnim kutom za penetraciju &#8211; sli\u010dno dlijetu kori\u0161tenom u drvodjelstvu. Ovaj dizajn postavlja 50% ukupne te\u017eine to\u010dno iznad penetracijske to\u010dke, maksimiziraju\u0107i sposobnost sidra da prodre u izazovne morske podloge, poput sredozemnog morsko trave, gustog korova i morskih algi.<\/p>\n<\/li>\n<li>\n<p><strong>Prakti\u010dno Pohranjivanje:<\/strong> Spade sidro je dizajnirano za lako rastavljanje, omogu\u0107uju\u0107i prakti\u010dno skladi\u0161tenje dok ne bude potrebno za ispu\u0161tanje.<\/p>\n<\/li>\n<li>\n<p><strong>Trenutna Akcija Kopanja:<\/strong> Sidro po\u010dinje kopati \u010dim sleti na morskom dnu, uz pomo\u0107 svog optimalnog kuta i raspodjele te\u017eine.<\/p>\n<\/li>\n<li>\n<p><strong>Pove\u0107ana Nosivost:<\/strong> Prikazivanjem cijele svoje povr\u0161ine prema optere\u0107enju, Spade sidro maksimizira nosivost. Svaka te\u017eina koja je dovoljno jaka da pomakne sidro uzrokovat \u0107e da se ono zakopa dublje. Za razliku od konveksnog o\u0161trice koja mo\u017ee biti izvu\u010dena tijekom naglih promjena vjetra ili plime, konkavna o\u0161trica Spade \u0107e ostati zakopana, djeluju\u0107i poput padobrana ispod morskog dna i pru\u017eaju\u0107i maksimalnu otpornost \u010dak i pod zna\u010dajnim teretima. Spade se ne\u0107e pomaknuti tijekom promjena vjetra ili plime; umjesto toga, prilagodit \u0107e se novom smjeru.<\/p>\n<\/li>\n<li>\n<p><strong>Trajnost:<\/strong> Izra\u0111ena za podno\u0161enje ogromnih optere\u0107enja, Spade sidro nastavlja dr\u017eati dugo nakon \u0161to su druga sidra povu\u010dena.<\/p>\n<\/li>\n<li>\n<p><strong>Boks Sekcijska Dr\u0161ka:<\/strong> Za veli\u010dine S80 i ve\u0107e, dr\u0161ke su gra\u0111ene u obliku trokutaste kutije kako bi se maksimizirala \u010dvrsto\u0107a bez ugro\u017eavanja raspodjele te\u017eine.<\/p>\n<\/li>\n<li>\n<p><strong>Optimalna Performansa:<\/strong> Spade sidra su in\u017eenjerski izra\u0111ena za superiorne performanse umjesto smanjenja tro\u0161kova, a dolaze s jamstvom proizvo\u0111a\u010da od \u0161est mjeseci.<\/p>\n<\/li>\n<\/ul>\n<p>S na\u0161im galvaniziranim \u010deli\u010dnim Spade sidrima mo\u017eete vjerovati u njihovu pouzdanost i performanse, osiguravaju\u0107i sigurno sidri\u0161te za va\u0161e plovidbene avanture.<\/p>\n","protected":false},"excerpt":{"rendered":"<p>Galvanizirano sidro Spade S160 35KG &#8211; Spade Sidro S160 (35 kg)Ovo sidro Spade visoke otpornosti na optere\u0107enje, izra\u0111eno od posebnog<\/p>\n","protected":false},"featured_media":5937276,"comment_status":"open","ping_status":"closed","template":"","meta":[],"product_brand":[3421],"product_cat":[1870],"product_tag":[],"class_list":{"0":"post-739928","1":"product","2":"type-product","3":"status-publish","4":"has-post-thumbnail","6":"product_brand-spade-hr","7":"product_cat-sidra-spade","9":"first","10":"instock","11":"shipping-taxable","12":"purchasable","13":"product-type-simple"},"_links":{"self":[{"href":"https:\/\/stoic-curie.212-227-153-4.plesk.page\/hr\/wp-json\/wp\/v2\/product\/739928","targetHints":{"allow":["GET"]}}],"collection":[{"href":"https:\/\/stoic-curie.212-227-153-4.plesk.page\/hr\/wp-json\/wp\/v2\/product"}],"about":[{"href":"https:\/\/stoic-curie.212-227-153-4.plesk.page\/hr\/wp-json\/wp\/v2\/types\/product"}],"replies":[{"embeddable":true,"href":"https:\/\/stoic-curie.212-227-153-4.plesk.page\/hr\/wp-json\/wp\/v2\/comments?post=739928"}],"version-history":[{"count":0,"href":"https:\/\/stoic-curie.212-227-153-4.plesk.page\/hr\/wp-json\/wp\/v2\/product\/739928\/revisions"}],"wp:featuredmedia":[{"embeddable":true,"href":"https:\/\/stoic-curie.212-227-153-4.plesk.page\/hr\/wp-json\/wp\/v2\/media\/5937276"}],"wp:attachment":[{"href":"https:\/\/stoic-curie.212-227-153-4.plesk.page\/hr\/wp-json\/wp\/v2\/media?parent=739928"}],"wp:term":[{"taxonomy":"product_brand","embeddable":true,"href":"https:\/\/stoic-curie.212-227-153-4.plesk.page\/hr\/wp-json\/wp\/v2\/product_brand?post=739928"},{"taxonomy":"product_cat","embeddable":true,"href":"https:\/\/stoic-curie.212-227-153-4.plesk.page\/hr\/wp-json\/wp\/v2\/product_cat?post=739928"},{"taxonomy":"product_tag","embeddable":true,"href":"https:\/\/stoic-curie.212-227-153-4.plesk.page\/hr\/wp-json\/wp\/v2\/product_tag?post=739928"}],"curies":[{"name":"wp","href":"https:\/\/api.w.org\/{rel}","templated":true}]}}