{"id":739929,"date":"2025-03-03T18:06:11","date_gmt":"2025-03-03T17:06:11","guid":{"rendered":"https:\/\/stoic-curie.212-227-153-4.plesk.page\/producto\/galvanizirano-sidro-spade-s180-45kg\/"},"modified":"2026-02-25T00:00:38","modified_gmt":"2026-02-25T00:00:38","slug":"galvanizirano-sidro-spade-s180-45kg","status":"publish","type":"product","link":"https:\/\/stoic-curie.212-227-153-4.plesk.page\/hr\/product\/galvanizirano-sidro-spade-s180-45kg\/","title":{"rendered":"Galvanizirano sidro Spade S180 45KG"},"content":{"rendered":"<p>Galvanizirano sidro Spade S180 45KG &#8211; <\/p>\n<p style=\"color: rgb(34, 34, 34); font-family: Arial, Helvetica, sans-serif; font-size: small;\"><strong>SPADE: Najpouzdaniji sidro na svijetu<\/strong><\/p>\n<p style=\"color: rgb(34, 34, 34); font-family: Arial, Helvetica, sans-serif; font-size: small;\">Sidro SPADE je pa\u017eljivo projektirano od visokotla\u010dnog, posebno galvaniziranog \u010delika, napravljenog da izdr\u017ei izazove morskog okru\u017eenja. Jedna od njegovih najistaknutijih zna\u010dajki je jedinstvena konveksna povr\u0161ina koja osigurava da sidro svaki put ispravno padne kada se spusti. Ovaj inovativni dizajn upotpunjuje strate\u0161ki postavljen centar mase, koji se namjerno postavlja nisko kako bi sprije\u010dio da sidro padne pod optere\u0107enjem ili stresom. Ova promi\u0161ljena in\u017eenjering zna\u010di da je ukupna te\u017eina sidra koncentrirana izravno na o\u0161trom vrhu, omogu\u0107uju\u0107i trenuta\u010dno i u\u010dinkovito prodiranje u morsko dno prilikom spu\u0161tanja.<\/p>\n<p style=\"color: rgb(34, 34, 34); font-family: Arial, Helvetica, sans-serif; font-size: small;\">Kada se optere\u0107enje primijeni na konop, SPADE sidro se prirodno pozicionira za optimalno prodiranje, dopu\u0161taju\u0107i njegovom o\u0161trom vrhu da lako probije \u010dak i najtvr\u0111a morska dna, uklju\u010duju\u0107i stjenovite ili neravne povr\u0161ine. Nakon \u0161to se u\u010dvrsti, SPADE sidro ostaje sigurno zakopano, pokazuju\u0107i izvanrednu stabilnost bez cikli\u010dnog pona\u0161anja, \u0161to \u010desto mo\u017ee dovesti do klizanja ili neuspjeha u manje pouzdanim dizajnima.<\/p>\n<p style=\"color: rgb(34, 34, 34); font-family: Arial, Helvetica, sans-serif; font-size: small;\">Poreklo SPADE sidra mo\u017ee se pratiti do sredine 1990-ih kada je Alain Poiraud, strastveni jedrili\u010dar i inovator, dizajnirao prvi prototip. U to vrijeme nije mogao predvidjeti da \u0107e njegova revolucionarna inovacija ozna\u010diti po\u010detak nove ere u tehnologiji sidrenja. Prvotno zami\u0161ljeno za prodiranje kroz delikatnu sredozemnu morsku travu, SPADE sidro je od tada pro\u0161lo rigorozna testiranja i pokazalo svoju u\u010dinkovitost u razli\u010ditim morskim okru\u017eenjima \u0161irom svijeta. Ova opse\u017ena validacija ozna\u010dava zna\u010dajan napredak u dizajnu sidara, postavljaju\u0107i novi standard za pouzdanost i performanse.<\/p>\n<p style=\"color: rgb(34, 34, 34); font-family: Arial, Helvetica, sans-serif; font-size: small;\">Alain Poiraud, \u010desto nazivaju &#8220;Dyson&#8221; industrije sidara zbog njegovog neumornog traganja za inovacijama, suo\u010dio se s zna\u010dajnim izazovima na svom putu. Kada je poku\u0161ao prodati svoje patente etabliranim proizvo\u0111a\u010dima sidara kako bi podr\u017eao svoj stil \u017eivota krstarenja, nai\u0161ao je na odbijanje na mnogo strana. Nepokolebljiv od ovih neuspjeha, poduzeo je hrabar korak osnivanja tvornice u Tunisu, gdje je mogao ostvariti svoju viziju. Danas je SPADE sidro ne samo svjedo\u010danstvo njegovog genijalnosti, ve\u0107 je tako\u0111er poznato \u0161irom svijeta zbog svoje neporedive pouzdanosti i performansi, \u010dine\u0107i ga omiljenim izborom me\u0111u vlasnicima brodova i morskim entuzijastima. SPADE sidro je simbol kvalitete i inovacija u svijetu brodske opreme, osiguravaju\u0107i da svaki mornar mo\u017ee sidriti s povjerenjem.<\/p>\n","protected":false},"excerpt":{"rendered":"<p>Galvanizirano sidro Spade S180 45KG &#8211; SPADE: Najpouzdaniji sidro na svijetu Sidro SPADE je pa\u017eljivo projektirano od visokotla\u010dnog, posebno galvaniziranog<\/p>\n","protected":false},"featured_media":5937276,"comment_status":"open","ping_status":"closed","template":"","meta":[],"product_brand":[3421],"product_cat":[1870],"product_tag":[],"class_list":{"0":"post-739929","1":"product","2":"type-product","3":"status-publish","4":"has-post-thumbnail","6":"product_brand-spade-hr","7":"product_cat-sidra-spade","9":"first","10":"instock","11":"shipping-taxable","12":"purchasable","13":"product-type-simple"},"_links":{"self":[{"href":"https:\/\/stoic-curie.212-227-153-4.plesk.page\/hr\/wp-json\/wp\/v2\/product\/739929","targetHints":{"allow":["GET"]}}],"collection":[{"href":"https:\/\/stoic-curie.212-227-153-4.plesk.page\/hr\/wp-json\/wp\/v2\/product"}],"about":[{"href":"https:\/\/stoic-curie.212-227-153-4.plesk.page\/hr\/wp-json\/wp\/v2\/types\/product"}],"replies":[{"embeddable":true,"href":"https:\/\/stoic-curie.212-227-153-4.plesk.page\/hr\/wp-json\/wp\/v2\/comments?post=739929"}],"version-history":[{"count":0,"href":"https:\/\/stoic-curie.212-227-153-4.plesk.page\/hr\/wp-json\/wp\/v2\/product\/739929\/revisions"}],"wp:featuredmedia":[{"embeddable":true,"href":"https:\/\/stoic-curie.212-227-153-4.plesk.page\/hr\/wp-json\/wp\/v2\/media\/5937276"}],"wp:attachment":[{"href":"https:\/\/stoic-curie.212-227-153-4.plesk.page\/hr\/wp-json\/wp\/v2\/media?parent=739929"}],"wp:term":[{"taxonomy":"product_brand","embeddable":true,"href":"https:\/\/stoic-curie.212-227-153-4.plesk.page\/hr\/wp-json\/wp\/v2\/product_brand?post=739929"},{"taxonomy":"product_cat","embeddable":true,"href":"https:\/\/stoic-curie.212-227-153-4.plesk.page\/hr\/wp-json\/wp\/v2\/product_cat?post=739929"},{"taxonomy":"product_tag","embeddable":true,"href":"https:\/\/stoic-curie.212-227-153-4.plesk.page\/hr\/wp-json\/wp\/v2\/product_tag?post=739929"}],"curies":[{"name":"wp","href":"https:\/\/api.w.org\/{rel}","templated":true}]}}