{"id":739930,"date":"2025-03-03T18:06:12","date_gmt":"2025-03-03T17:06:12","guid":{"rendered":"https:\/\/stoic-curie.212-227-153-4.plesk.page\/producto\/galvanizirano-sidro-spade-s200-55-kg\/"},"modified":"2026-02-25T00:00:38","modified_gmt":"2026-02-25T00:00:38","slug":"galvanizirano-sidro-spade-s200-55-kg","status":"publish","type":"product","link":"https:\/\/stoic-curie.212-227-153-4.plesk.page\/hr\/product\/galvanizirano-sidro-spade-s200-55-kg\/","title":{"rendered":"Galvanizirano sidro Spade S200 55 kg"},"content":{"rendered":"<p>Galvanizirano sidro Spade S200 55 kg &#8211; <\/p>\n<p>Predstavljamo Spade Anchor S200 55kg, sidro visoke otpornosti izra\u0111eno od posebno obra\u0111enog galvaniziranog \u010delika. Njegova jedinstvena konkavna povr\u0161ina osigurava da svaki put sleti u ispravnom polo\u017eaju. Te\u017ei\u0161te je strate\u0161ki postavljeno nisko kako bi se sprije\u010dilo da sidro zakrene pod optere\u0107enjem ili stresom. Ukupna te\u017eina sidra koncentrirana je izravno na o\u0161tru to\u010dku, olak\u0161avaju\u0107i trenutnu penetraciju prilikom uplovljenja. \u010cim se primijeni teret na konop, sidro se prirodno pozicionira za optimalnu penetraciju, omogu\u0107uju\u0107i njegovoj o\u0161trici da lako probije \u010dak i najte\u017ee morske podloge. Spade sidro ostaje sigurno zakopano bez prikazivanja cikli\u010dkog pona\u0161anja.<\/p>\n<p><strong>Klju\u010dne \u010dinjenice, zna\u010dajke i jedinstvene prodajne to\u010dke sidra Spade:<\/strong><\/p>\n<ul>\n<li>\n<p><strong>Inovativni dizajn:<\/strong> Spade sidro ima jedinstvenu trokutastu balastnu komoru ispunjenu olovom, \u0161to osigurava da slije\u0107e pod idealnim kutom za penetraciju, sli\u010dnim kutu chisela koji se koristi u drvnoj industriji. Ovaj dizajn stavlja 50% ukupne te\u017eine izravno iznad penetracijske to\u010dke, maksimiziraju\u0107i njegovu sposobnost da prodre u izazovne morske podloge, poput mediteranskog morsko travke, gustih korova i alga.<\/p>\n<\/li>\n<li>\n<p><strong>Prakti\u010dno skladi\u0161tenje:<\/strong> Spade sidro je dizajnirano za jednostavno rastavljanje, \u0161to omogu\u0107uje prakti\u010dno skladi\u0161tenje dok ne bude potrebno za upotrebu.<\/p>\n<\/li>\n<li>\n<p><strong>Trenutna akcija kopanja:<\/strong> Sidro po\u010dinje kopati \u010dim sleti na morsko dno, uz pomo\u0107 svog optimalnog kuta i raspodjele te\u017eine.<\/p>\n<\/li>\n<li>\n<p><strong>Pove\u0107ana mo\u0107 dr\u017eanja:<\/strong> Spade sidro pokazuje svoju cjelokupnu povr\u0161inu prema smjeru optere\u0107enja, pove\u0107avaju\u0107i svoju mo\u0107 dr\u017eanja. Svaki teret dovoljno jak da pomakne sidro doveo bi do njegovog dubljeg zakopavanja. Za razliku od konveksne o\u0161trice koja se mo\u017ee povu\u0107i tijekom naglih promjena vjetra ili plime, konkavna o\u0161trica Spade sidra ostaje zakopana. Ovaj dizajn djeluje poput padobrana ispod morskog dna, pru\u017eaju\u0107i maksimalni otpor \u010dak i pod zna\u010dajnim optere\u0107enjem.<\/p>\n<\/li>\n<li>\n<p><strong>Izdr\u017eljivost:<\/strong> Spade sidro je konstruirano da izdr\u017ei zna\u010dajna optere\u0107enja, osiguravaju\u0107i da i dalje dr\u017ei dugo nakon \u0161to su druga sidra povukla.<\/p>\n<\/li>\n<li>\n<p><strong>Robustan dizajn dr\u0161ke:<\/strong> Za veli\u010dine S80 i ve\u0107e, dr\u0161ke se konstruiraju kao trokutasti kutni dio, maksimiziraju\u0107i snagu bez kompromitiranja raspodjele te\u017eine.<\/p>\n<\/li>\n<li>\n<p><strong>Obveza prema performansama:<\/strong> Spade sidra su dizajnirana za optimalne performanse, a ne za tro\u0161kove, te dolaze s jamstvom zadovoljstva proizvo\u0111a\u010da od \u0161est mjeseci.<\/p>\n<\/li>\n<\/ul>\n<p>Ukratko, Spade sidro kombinira inovativan dizajn, izvanrednu snagu dr\u017eanja i izdr\u017eljivost, \u010dine\u0107i ga pouzdanim izborom za vlasnike brodova koji tra\u017ee visokokvalitetna rje\u0161enja za sidrenje.<\/p>\n","protected":false},"excerpt":{"rendered":"<p>Galvanizirano sidro Spade S200 55 kg &#8211; Predstavljamo Spade Anchor S200 55kg, sidro visoke otpornosti izra\u0111eno od posebno obra\u0111enog galvaniziranog<\/p>\n","protected":false},"featured_media":5937276,"comment_status":"open","ping_status":"closed","template":"","meta":[],"product_brand":[3421],"product_cat":[1870],"product_tag":[],"class_list":{"0":"post-739930","1":"product","2":"type-product","3":"status-publish","4":"has-post-thumbnail","6":"product_brand-spade-hr","7":"product_cat-sidra-spade","9":"first","10":"instock","11":"shipping-taxable","12":"purchasable","13":"product-type-simple"},"_links":{"self":[{"href":"https:\/\/stoic-curie.212-227-153-4.plesk.page\/hr\/wp-json\/wp\/v2\/product\/739930","targetHints":{"allow":["GET"]}}],"collection":[{"href":"https:\/\/stoic-curie.212-227-153-4.plesk.page\/hr\/wp-json\/wp\/v2\/product"}],"about":[{"href":"https:\/\/stoic-curie.212-227-153-4.plesk.page\/hr\/wp-json\/wp\/v2\/types\/product"}],"replies":[{"embeddable":true,"href":"https:\/\/stoic-curie.212-227-153-4.plesk.page\/hr\/wp-json\/wp\/v2\/comments?post=739930"}],"version-history":[{"count":0,"href":"https:\/\/stoic-curie.212-227-153-4.plesk.page\/hr\/wp-json\/wp\/v2\/product\/739930\/revisions"}],"wp:featuredmedia":[{"embeddable":true,"href":"https:\/\/stoic-curie.212-227-153-4.plesk.page\/hr\/wp-json\/wp\/v2\/media\/5937276"}],"wp:attachment":[{"href":"https:\/\/stoic-curie.212-227-153-4.plesk.page\/hr\/wp-json\/wp\/v2\/media?parent=739930"}],"wp:term":[{"taxonomy":"product_brand","embeddable":true,"href":"https:\/\/stoic-curie.212-227-153-4.plesk.page\/hr\/wp-json\/wp\/v2\/product_brand?post=739930"},{"taxonomy":"product_cat","embeddable":true,"href":"https:\/\/stoic-curie.212-227-153-4.plesk.page\/hr\/wp-json\/wp\/v2\/product_cat?post=739930"},{"taxonomy":"product_tag","embeddable":true,"href":"https:\/\/stoic-curie.212-227-153-4.plesk.page\/hr\/wp-json\/wp\/v2\/product_tag?post=739930"}],"curies":[{"name":"wp","href":"https:\/\/api.w.org\/{rel}","templated":true}]}}