{"id":739931,"date":"2025-03-03T18:06:12","date_gmt":"2025-03-03T17:06:12","guid":{"rendered":"https:\/\/stoic-curie.212-227-153-4.plesk.page\/producto\/rocna-sidro-4kg\/"},"modified":"2026-02-25T00:00:38","modified_gmt":"2026-02-25T00:00:38","slug":"rocna-sidro-4kg","status":"publish","type":"product","link":"https:\/\/stoic-curie.212-227-153-4.plesk.page\/hr\/product\/rocna-sidro-4kg\/","title":{"rendered":"Rocna Sidro 4kg"},"content":{"rendered":"<p>Rocna Sidro 4kg &#8211; <\/p>\n<p style=\"color: rgb(34, 34, 34); font-family: Arial, Helvetica, sans-serif; font-size: small;\">Rocna sidro je pro\u0161lo rigorozne testove i poznato je po sjajnoj snazi dr\u017eanja. Izra\u0111eno od posebno pocin\u010danog \u010delika, idealno je za sve vrste pomorskih podloga, \u0161to ga \u010dini izvrsnim izborom za bilo kakav brod ili megajacht. Njegova valjkasta \u0161ipka i pametna raspodjela te\u017eine omogu\u0107uju mu da prona\u0111e najbolji kut za sidrenje. Osim toga, njegova velika konkavna povr\u0161ina poma\u017ee mu da \u010dvrsto dr\u017ei u raznim uvjetima mora i vjetra.<\/p>\n<p style=\"color: rgb(34, 34, 34); font-family: Arial, Helvetica, sans-serif; font-size: small;\">Ovo sidro je vrlo svestrano i mo\u017ee se postaviti i zadr\u017eati na ve\u0107ini pomorskih podloga, bilo da se radi o mekom blatu, tvrdom pijesku, glini, travi ili algenom.<\/p>\n<p style=\"color: rgb(34, 34, 34); font-family: Arial, Helvetica, sans-serif; font-size: small;\">Evo nekoliko klju\u010dnih zna\u010dajki:<\/p>\n<ul style=\"color: rgb(34, 34, 34); font-family: Arial, Helvetica, sans-serif; font-size: small;\">\n<li>Uski profil \u0161ipke za duboku penetraciju<\/li>\n<li>\u0160iroka krak i \u010deli\u010dni vrh za bolju snagu dr\u017eanja<\/li>\n<li>Dizajn koji se samostalno vra\u0107a u prvobitnu poziciju nakon pomicanja<\/li>\n<\/ul>\n<p style=\"color: rgb(34, 34, 34); font-family: Arial, Helvetica, sans-serif; font-size: small;\">\u0160to Rocna sidro \u010dini vrhunskim izborom na tr\u017ei\u0161tu:<\/p>\n<ul style=\"color: rgb(34, 34, 34); font-family: Arial, Helvetica, sans-serif; font-size: small;\">\n<li>Brzo postavljanje na razli\u010dite vrste podloga<\/li>\n<li>Pouzdana snaga dr\u017eanja<\/li>\n<li>Ostaje na mjestu protiv vjetra i plime<\/li>\n<li>Samoinicijativno ispu\u0161tanje<\/li>\n<li>Tandem priklju\u010dna to\u010dka za sidrenje<\/li>\n<li>Do\u017eivotna garancija<\/li>\n<\/ul>\n<p style=\"color: rgb(34, 34, 34); font-family: Arial, Helvetica, sans-serif; font-size: small;\">Dakle, ako tra\u017eite svestran sidro koje izvrsno funkcionira na svim morskim dnu, Rocna sidro je pravi izbor. Savr\u0161eno je za plovila svih veli\u010dina, od malih brodica do superjahti, radnih brodova i malih brodova.<\/p>\n","protected":false},"excerpt":{"rendered":"<p>Rocna Sidro 4kg &#8211; Rocna sidro je pro\u0161lo rigorozne testove i poznato je po sjajnoj snazi dr\u017eanja. Izra\u0111eno od posebno<\/p>\n","protected":false},"featured_media":5937282,"comment_status":"open","ping_status":"closed","template":"","meta":[],"product_brand":[3321],"product_cat":[1872],"product_tag":[],"class_list":{"0":"post-739931","1":"product","2":"type-product","3":"status-publish","4":"has-post-thumbnail","6":"product_brand-rocna-hr","7":"product_cat-sidra-rocna-i-vulkan","9":"first","10":"instock","11":"shipping-taxable","12":"purchasable","13":"product-type-simple"},"_links":{"self":[{"href":"https:\/\/stoic-curie.212-227-153-4.plesk.page\/hr\/wp-json\/wp\/v2\/product\/739931","targetHints":{"allow":["GET"]}}],"collection":[{"href":"https:\/\/stoic-curie.212-227-153-4.plesk.page\/hr\/wp-json\/wp\/v2\/product"}],"about":[{"href":"https:\/\/stoic-curie.212-227-153-4.plesk.page\/hr\/wp-json\/wp\/v2\/types\/product"}],"replies":[{"embeddable":true,"href":"https:\/\/stoic-curie.212-227-153-4.plesk.page\/hr\/wp-json\/wp\/v2\/comments?post=739931"}],"version-history":[{"count":0,"href":"https:\/\/stoic-curie.212-227-153-4.plesk.page\/hr\/wp-json\/wp\/v2\/product\/739931\/revisions"}],"wp:featuredmedia":[{"embeddable":true,"href":"https:\/\/stoic-curie.212-227-153-4.plesk.page\/hr\/wp-json\/wp\/v2\/media\/5937282"}],"wp:attachment":[{"href":"https:\/\/stoic-curie.212-227-153-4.plesk.page\/hr\/wp-json\/wp\/v2\/media?parent=739931"}],"wp:term":[{"taxonomy":"product_brand","embeddable":true,"href":"https:\/\/stoic-curie.212-227-153-4.plesk.page\/hr\/wp-json\/wp\/v2\/product_brand?post=739931"},{"taxonomy":"product_cat","embeddable":true,"href":"https:\/\/stoic-curie.212-227-153-4.plesk.page\/hr\/wp-json\/wp\/v2\/product_cat?post=739931"},{"taxonomy":"product_tag","embeddable":true,"href":"https:\/\/stoic-curie.212-227-153-4.plesk.page\/hr\/wp-json\/wp\/v2\/product_tag?post=739931"}],"curies":[{"name":"wp","href":"https:\/\/api.w.org\/{rel}","templated":true}]}}