{"id":739932,"date":"2025-03-03T18:06:12","date_gmt":"2025-03-03T17:06:12","guid":{"rendered":"https:\/\/stoic-curie.212-227-153-4.plesk.page\/producto\/rocna-sidro-6kg\/"},"modified":"2026-02-25T00:00:38","modified_gmt":"2026-02-25T00:00:38","slug":"rocna-sidro-6kg","status":"publish","type":"product","link":"https:\/\/stoic-curie.212-227-153-4.plesk.page\/hr\/product\/rocna-sidro-6kg\/","title":{"rendered":"Rocna Sidro 6kg"},"content":{"rendered":"<p>Rocna Sidro 6kg &#8211; <\/p>\n<p style=\"color: rgb(34, 34, 34); font-family: Arial, Helvetica, sans-serif; font-size: small;\">Rocna sidro je temeljito ocenjeno i prepoznato po svojoj izvanrednoj sposobnosti dr\u017eanja. Napravljeno od posebno pocin\u010danog \u010delika, efikasno prodire kroz razli\u010dite tipove morskog dna, \u0161to ga \u010dini pogodno za sve vrste \u010damaca i megajakti. Ovo sidro je dizajnirano sa rol-barom i optimiziranom raspodelom te\u017eine, \u0161to mu omogu\u0107ava postizanje najefikasnijeg ugla za penetraciju. Njegova velika konkavna povr\u0161ina osigurava sigurno dr\u017eanje u razli\u010ditim morskim i vetrovnim uslovima.<\/p>\n<p style=\"color: rgb(34, 34, 34); font-family: Arial, Helvetica, sans-serif; font-size: small;\">Rocna sidro je svestrana opcija koja postavlja i odr\u017eava svoju poziciju na ve\u0107ini morskih dna, uklju\u010duju\u0107i meki mulj, tvrdi pesak, glinu, travu i morske alge.<\/p>\n<p style=\"color: rgb(34, 34, 34); font-family: Arial, Helvetica, sans-serif; font-size: small;\">Klju\u010dne karakteristike uklju\u010duju:<\/p>\n<ul style=\"color: rgb(34, 34, 34); font-family: Arial, Helvetica, sans-serif; font-size: small;\">\n<li>Uski profil dr\u0161ke za duboku penetraciju<\/li>\n<li>\u0160iroka krak i \u010deli\u010dni vrh za pobolj\u0161anu snagu dr\u017eanja<\/li>\n<li>Dizajn koji se samopostavlja i resetuje nakon pomeranja<\/li>\n<\/ul>\n<p style=\"color: rgb(34, 34, 34); font-family: Arial, Helvetica, sans-serif; font-size: small;\">Ono \u0161to izdvaja Rocna sidro kao vode\u0107i izbor na tr\u017ei\u0161tu:<\/p>\n<ul style=\"color: rgb(34, 34, 34); font-family: Arial, Helvetica, sans-serif; font-size: small;\">\n<li>Brzo postavljanje na razli\u010ditim tipovima dna<\/li>\n<li>Pouzdana snaga dr\u017eanja<\/li>\n<li>Otpornost na pomeranje usled vetra i plime<\/li>\n<li>Samostalno lansiranje<\/li>\n<li>Tandemska ta\u010dka za sidrenje<\/li>\n<li>Do\u017eivotna garancija<\/li>\n<\/ul>\n<p style=\"color: rgb(34, 34, 34); font-family: Arial, Helvetica, sans-serif; font-size: small;\">Izaberite Rocna sidro za:<\/p>\n<p style=\"color: rgb(34, 34, 34); font-family: Arial, Helvetica, sans-serif; font-size: small;\">Vi\u0161enamensko sidro koje izvanredno performira na svim okeanskim dnu, pogodno za plovila svih veli\u010dina, od malih \u010damaca do superjahti, radnih brodova i malih brodova.<\/p>\n","protected":false},"excerpt":{"rendered":"<p>Rocna Sidro 6kg &#8211; Rocna sidro je temeljito ocenjeno i prepoznato po svojoj izvanrednoj sposobnosti dr\u017eanja. Napravljeno od posebno pocin\u010danog<\/p>\n","protected":false},"featured_media":5937282,"comment_status":"open","ping_status":"closed","template":"","meta":[],"product_brand":[3321],"product_cat":[1872],"product_tag":[],"class_list":{"0":"post-739932","1":"product","2":"type-product","3":"status-publish","4":"has-post-thumbnail","6":"product_brand-rocna-hr","7":"product_cat-sidra-rocna-i-vulkan","9":"first","10":"instock","11":"shipping-taxable","12":"purchasable","13":"product-type-simple"},"_links":{"self":[{"href":"https:\/\/stoic-curie.212-227-153-4.plesk.page\/hr\/wp-json\/wp\/v2\/product\/739932","targetHints":{"allow":["GET"]}}],"collection":[{"href":"https:\/\/stoic-curie.212-227-153-4.plesk.page\/hr\/wp-json\/wp\/v2\/product"}],"about":[{"href":"https:\/\/stoic-curie.212-227-153-4.plesk.page\/hr\/wp-json\/wp\/v2\/types\/product"}],"replies":[{"embeddable":true,"href":"https:\/\/stoic-curie.212-227-153-4.plesk.page\/hr\/wp-json\/wp\/v2\/comments?post=739932"}],"version-history":[{"count":0,"href":"https:\/\/stoic-curie.212-227-153-4.plesk.page\/hr\/wp-json\/wp\/v2\/product\/739932\/revisions"}],"wp:featuredmedia":[{"embeddable":true,"href":"https:\/\/stoic-curie.212-227-153-4.plesk.page\/hr\/wp-json\/wp\/v2\/media\/5937282"}],"wp:attachment":[{"href":"https:\/\/stoic-curie.212-227-153-4.plesk.page\/hr\/wp-json\/wp\/v2\/media?parent=739932"}],"wp:term":[{"taxonomy":"product_brand","embeddable":true,"href":"https:\/\/stoic-curie.212-227-153-4.plesk.page\/hr\/wp-json\/wp\/v2\/product_brand?post=739932"},{"taxonomy":"product_cat","embeddable":true,"href":"https:\/\/stoic-curie.212-227-153-4.plesk.page\/hr\/wp-json\/wp\/v2\/product_cat?post=739932"},{"taxonomy":"product_tag","embeddable":true,"href":"https:\/\/stoic-curie.212-227-153-4.plesk.page\/hr\/wp-json\/wp\/v2\/product_tag?post=739932"}],"curies":[{"name":"wp","href":"https:\/\/api.w.org\/{rel}","templated":true}]}}