{"id":739933,"date":"2025-03-03T18:06:13","date_gmt":"2025-03-03T17:06:13","guid":{"rendered":"https:\/\/stoic-curie.212-227-153-4.plesk.page\/producto\/rocna-sidro-10-kg\/"},"modified":"2026-02-25T00:00:38","modified_gmt":"2026-02-25T00:00:38","slug":"rocna-sidro-10-kg","status":"publish","type":"product","link":"https:\/\/stoic-curie.212-227-153-4.plesk.page\/hr\/product\/rocna-sidro-10-kg\/","title":{"rendered":"Rocna Sidro 10 kg"},"content":{"rendered":"<p>Rocna Sidro 10 kg &#8211; <\/p>\n<p style=\"color: rgb(34, 34, 34); font-family: Arial, Helvetica, sans-serif; font-size: small;\">Temeljito procijenjena i potvr\u0111ena, Rocna sidra slavi se zbog svoje izvanredne sposobnosti dr\u017eanja. Izra\u0111ena od posebno pocin\u010danog \u010delika, lako prodire kroz razli\u010dite tipove tla, \u0161to je \u010dini idealnom za sve vrste \u010damaca i megajahti. Ovo sidro ima valjak i optimiziranu raspodjelu te\u017eine, \u0161to mu omogu\u0107uje postizanje naju\u010dinkovitijeg kuta za penetraciju. Njegova velika konveksna povr\u0161ina osigurava sigurno dr\u017eanje u raznolikim uvjetima mora i vjetra.<\/p>\n<p style=\"color: rgb(34, 34, 34); font-family: Arial, Helvetica, sans-serif; font-size: small;\">Rocna sidra je fleksibilna opcija koja u\u010dinkovito postavlja i odr\u017eava svoj polo\u017eaj u ve\u0107ini tipova dna, uklju\u010duju\u0107i mekani mulj, tvrdi pijesak, glinu, travu i morsku algi.<\/p>\n<p style=\"color: rgb(34, 34, 34); font-family: Arial, Helvetica, sans-serif; font-size: small;\">Klju\u010dne karakteristike uklju\u010duju:<\/p>\n<ul style=\"color: rgb(34, 34, 34); font-family: Arial, Helvetica, sans-serif; font-size: small;\">\n<li>Tanjurasti profil za duboku penetraciju<\/li>\n<li>\u0160iroka kuku i \u010deli\u010dna to\u010dka za pobolj\u0161anu snagu dr\u017eanja<\/li>\n<li>Samopravcato dizajn koji se resetira nakon pomicanja<\/li>\n<\/ul>\n<p style=\"color: rgb(34, 34, 34); font-family: Arial, Helvetica, sans-serif; font-size: small;\">\u0160to razlikuje Rocna sidro kao najbolji na svijetu:<\/p>\n<ul style=\"color: rgb(34, 34, 34); font-family: Arial, Helvetica, sans-serif; font-size: small;\">\n<li>Brzo postavljanje na raznim tipovima dna<\/li>\n<li>Pouzdanost u snazi dr\u017eanja<\/li>\n<li>Otpornost na pomicanje uzrokovano vjetrom i plimom<\/li>\n<li>Samostalna sposobnost lansiranja<\/li>\n<li>Tandem to\u010dka za sidrenje<\/li>\n<li>Do\u017eivotno jamstvo<\/li>\n<\/ul>\n<p style=\"color: rgb(34, 34, 34); font-family: Arial, Helvetica, sans-serif; font-size: small;\">Odaberite Rocna sidro za:<\/p>\n<p style=\"color: rgb(34, 34, 34); font-family: Arial, Helvetica, sans-serif; font-size: small;\">Kona\u010dno sveobuhvatno sidro koje izvrsno funkcionira na svim morskim dnu, prikladno za plovila svih veli\u010dina, od malih \u010damaca do superjahti, radnih brodova i malih brodova.<\/p>\n","protected":false},"excerpt":{"rendered":"<p>Rocna Sidro 10 kg &#8211; Temeljito procijenjena i potvr\u0111ena, Rocna sidra slavi se zbog svoje izvanredne sposobnosti dr\u017eanja. Izra\u0111ena od<\/p>\n","protected":false},"featured_media":5937282,"comment_status":"open","ping_status":"closed","template":"","meta":[],"product_brand":[3321],"product_cat":[1872],"product_tag":[],"class_list":{"0":"post-739933","1":"product","2":"type-product","3":"status-publish","4":"has-post-thumbnail","6":"product_brand-rocna-hr","7":"product_cat-sidra-rocna-i-vulkan","9":"first","10":"instock","11":"shipping-taxable","12":"purchasable","13":"product-type-simple"},"_links":{"self":[{"href":"https:\/\/stoic-curie.212-227-153-4.plesk.page\/hr\/wp-json\/wp\/v2\/product\/739933","targetHints":{"allow":["GET"]}}],"collection":[{"href":"https:\/\/stoic-curie.212-227-153-4.plesk.page\/hr\/wp-json\/wp\/v2\/product"}],"about":[{"href":"https:\/\/stoic-curie.212-227-153-4.plesk.page\/hr\/wp-json\/wp\/v2\/types\/product"}],"replies":[{"embeddable":true,"href":"https:\/\/stoic-curie.212-227-153-4.plesk.page\/hr\/wp-json\/wp\/v2\/comments?post=739933"}],"version-history":[{"count":0,"href":"https:\/\/stoic-curie.212-227-153-4.plesk.page\/hr\/wp-json\/wp\/v2\/product\/739933\/revisions"}],"wp:featuredmedia":[{"embeddable":true,"href":"https:\/\/stoic-curie.212-227-153-4.plesk.page\/hr\/wp-json\/wp\/v2\/media\/5937282"}],"wp:attachment":[{"href":"https:\/\/stoic-curie.212-227-153-4.plesk.page\/hr\/wp-json\/wp\/v2\/media?parent=739933"}],"wp:term":[{"taxonomy":"product_brand","embeddable":true,"href":"https:\/\/stoic-curie.212-227-153-4.plesk.page\/hr\/wp-json\/wp\/v2\/product_brand?post=739933"},{"taxonomy":"product_cat","embeddable":true,"href":"https:\/\/stoic-curie.212-227-153-4.plesk.page\/hr\/wp-json\/wp\/v2\/product_cat?post=739933"},{"taxonomy":"product_tag","embeddable":true,"href":"https:\/\/stoic-curie.212-227-153-4.plesk.page\/hr\/wp-json\/wp\/v2\/product_tag?post=739933"}],"curies":[{"name":"wp","href":"https:\/\/api.w.org\/{rel}","templated":true}]}}