{"id":739934,"date":"2025-03-03T18:06:13","date_gmt":"2025-03-03T17:06:13","guid":{"rendered":"https:\/\/stoic-curie.212-227-153-4.plesk.page\/producto\/rocna-sidro-15kg\/"},"modified":"2026-02-25T00:00:38","modified_gmt":"2026-02-25T00:00:38","slug":"rocna-sidro-15kg","status":"publish","type":"product","link":"https:\/\/stoic-curie.212-227-153-4.plesk.page\/hr\/product\/rocna-sidro-15kg\/","title":{"rendered":"Rocna Sidro 15kg"},"content":{"rendered":"<p>Rocna Sidro 15kg &#8211; <\/p>\n<p style=\"color: rgb(34, 34, 34); font-family: Arial, Helvetica, sans-serif; font-size: small;\">Temeljito evaluiran i verificiran, Rocna sidro je poznato po svojoj izvanrednoj snazi dr\u017eanja. Izra\u0111eno od posebno galvaniziranog \u010delika, lako prodire u razli\u010dite vrste morskog dna, \u0161to ga \u010dini savr\u0161enim za sve vrste \u010damaca i megajahti. Ovo sidro je dizajnirano s rol-barom i optimiziranom raspodjelom te\u017eine, omogu\u0107uju\u0107i mu da postigne naju\u010dinkovitiji kut za penetraciju. Njegova velika udubljena povr\u0161ina osigurava sigurno dr\u017eanje u raznim uvjetima mora i vjetra.<\/p>\n<p style=\"color: rgb(34, 34, 34); font-family: Arial, Helvetica, sans-serif; font-size: small;\">Rocna sidro je svestran izbor koji u\u010dinkovito postavlja i odr\u017eava svoju poziciju na ve\u0107ini morskih dno, uklju\u010duju\u0107i meku blato, tvrdi pijesak, glinu, travu i alge.<\/p>\n<p style=\"color: rgb(34, 34, 34); font-family: Arial, Helvetica, sans-serif; font-size: small;\">Klju\u010dne zna\u010dajke uklju\u010duju:<\/p>\n<ul style=\"color: rgb(34, 34, 34); font-family: Arial, Helvetica, sans-serif; font-size: small;\">\n<li>Tanak profil stabla za duboku penetraciju<\/li>\n<li>\u0160iroki krak i dlijeto za pobolj\u0161anu snagu dr\u017eanja<\/li>\n<li>Dizajn koji se samostalno vra\u0107a nakon pomicanja<\/li>\n<\/ul>\n<p style=\"color: rgb(34, 34, 34); font-family: Arial, Helvetica, sans-serif; font-size: small;\">\u0160to \u010dini Rocna sidro najboljim na svijetu:<\/p>\n<ul style=\"color: rgb(34, 34, 34); font-family: Arial, Helvetica, sans-serif; font-size: small;\">\n<li>Brzo postavljanje na razli\u010ditim tipovima dna<\/li>\n<li>Pouzdana snaga dr\u017eanja<\/li>\n<li>Otpornost na pomicanje od vjetra i plime<\/li>\n<li>Samostalno lansiranje<\/li>\n<li>Tandem priklju\u010dna to\u010dka za sidrenje<\/li>\n<li>Do\u017eivotna garancija<\/li>\n<\/ul>\n<p style=\"color: rgb(34, 34, 34); font-family: Arial, Helvetica, sans-serif; font-size: small;\">Odaberite Rocna sidro za:<\/p>\n<p style=\"color: rgb(34, 34, 34); font-family: Arial, Helvetica, sans-serif; font-size: small;\">Kona\u010dno vi\u0161enamjensko sidro koje izvanredno djeluje na svim morskim dnu, pogodno za plovila svih veli\u010dina, od malih \u010damaca do superjahti, radnih brodova i malih brodova.<\/p>\n","protected":false},"excerpt":{"rendered":"<p>Rocna Sidro 15kg &#8211; Temeljito evaluiran i verificiran, Rocna sidro je poznato po svojoj izvanrednoj snazi dr\u017eanja. Izra\u0111eno od posebno<\/p>\n","protected":false},"featured_media":5937282,"comment_status":"open","ping_status":"closed","template":"","meta":[],"product_brand":[3321],"product_cat":[1872],"product_tag":[],"class_list":{"0":"post-739934","1":"product","2":"type-product","3":"status-publish","4":"has-post-thumbnail","6":"product_brand-rocna-hr","7":"product_cat-sidra-rocna-i-vulkan","9":"first","10":"instock","11":"shipping-taxable","12":"purchasable","13":"product-type-simple"},"_links":{"self":[{"href":"https:\/\/stoic-curie.212-227-153-4.plesk.page\/hr\/wp-json\/wp\/v2\/product\/739934","targetHints":{"allow":["GET"]}}],"collection":[{"href":"https:\/\/stoic-curie.212-227-153-4.plesk.page\/hr\/wp-json\/wp\/v2\/product"}],"about":[{"href":"https:\/\/stoic-curie.212-227-153-4.plesk.page\/hr\/wp-json\/wp\/v2\/types\/product"}],"replies":[{"embeddable":true,"href":"https:\/\/stoic-curie.212-227-153-4.plesk.page\/hr\/wp-json\/wp\/v2\/comments?post=739934"}],"version-history":[{"count":0,"href":"https:\/\/stoic-curie.212-227-153-4.plesk.page\/hr\/wp-json\/wp\/v2\/product\/739934\/revisions"}],"wp:featuredmedia":[{"embeddable":true,"href":"https:\/\/stoic-curie.212-227-153-4.plesk.page\/hr\/wp-json\/wp\/v2\/media\/5937282"}],"wp:attachment":[{"href":"https:\/\/stoic-curie.212-227-153-4.plesk.page\/hr\/wp-json\/wp\/v2\/media?parent=739934"}],"wp:term":[{"taxonomy":"product_brand","embeddable":true,"href":"https:\/\/stoic-curie.212-227-153-4.plesk.page\/hr\/wp-json\/wp\/v2\/product_brand?post=739934"},{"taxonomy":"product_cat","embeddable":true,"href":"https:\/\/stoic-curie.212-227-153-4.plesk.page\/hr\/wp-json\/wp\/v2\/product_cat?post=739934"},{"taxonomy":"product_tag","embeddable":true,"href":"https:\/\/stoic-curie.212-227-153-4.plesk.page\/hr\/wp-json\/wp\/v2\/product_tag?post=739934"}],"curies":[{"name":"wp","href":"https:\/\/api.w.org\/{rel}","templated":true}]}}