{"id":739935,"date":"2025-03-03T18:06:13","date_gmt":"2025-03-03T17:06:13","guid":{"rendered":"https:\/\/stoic-curie.212-227-153-4.plesk.page\/producto\/rocna-sidro-20kg\/"},"modified":"2026-02-25T00:00:38","modified_gmt":"2026-02-25T00:00:38","slug":"rocna-sidro-20kg","status":"publish","type":"product","link":"https:\/\/stoic-curie.212-227-153-4.plesk.page\/hr\/product\/rocna-sidro-20kg\/","title":{"rendered":"Rocna Sidro 20kg"},"content":{"rendered":"<p>Rocna Sidro 20kg &#8211; <\/p>\n<p style=\"color: rgb(34, 34, 34); font-family: Arial, Helvetica, sans-serif; font-size: small;\">Temeljito testirana i potvr\u0111ena, Rocna sidro je poznata po svojoj izvanrednoj snazi dr\u017eanja. Izra\u0111ena od posebno pocin\u010danog \u010delika, brzo prodire u razli\u010dite podmorja, \u0161to je \u010dini idealnom za sve vrste brodova i megajahte. Sidro ima valjak i optimiziranu raspodjelu te\u017eine, \u0161to mu omogu\u0107uje postizanje naju\u010dinkovitijeg kuta za penetraciju. Njegova velika konkavna povr\u0161ina jam\u010di sigurno hvatanje u raznim uvjetima mora i vjetra.<\/p>\n<p style=\"color: rgb(34, 34, 34); font-family: Arial, Helvetica, sans-serif; font-size: small;\">Rocna sidro je fleksibilna opcija koja u\u010dinkovito postavlja i odr\u017eava svoju poziciju u ve\u0107ini podmorja, uklju\u010duju\u0107i mekani mulj, tvrdi pijesak, glinu, travu i alge.<\/p>\n<p style=\"color: rgb(34, 34, 34); font-family: Arial, Helvetica, sans-serif; font-size: small;\">Zna\u010dajke koje se isti\u010du uklju\u010duju:<\/p>\n<ul style=\"color: rgb(34, 34, 34); font-family: Arial, Helvetica, sans-serif; font-size: small;\">\n<li>Uski profil vratila za duboku penetraciju<\/li>\n<li>\u0160iroka lopatica i \u010deli\u010dni vrh za pobolj\u0161anu snagu dr\u017eanja<\/li>\n<li>Oblik koji se samopopravljaju i resetira nakon pomicanja<\/li>\n<\/ul>\n<p style=\"color: rgb(34, 34, 34); font-family: Arial, Helvetica, sans-serif; font-size: small;\">\u0160to razlikuje Rocna sidro kao najbolje na svijetu:<\/p>\n<ul style=\"color: rgb(34, 34, 34); font-family: Arial, Helvetica, sans-serif; font-size: small;\">\n<li>Brzo postavljanje na raznim vrstama dna<\/li>\n<li>Pouzdana snaga dr\u017eanja<\/li>\n<li>Otpornost na kretanje uzrokovano vjetrom i plimom<\/li>\n<li>Samostalno lansiranje<\/li>\n<li>Tandemno sidreno pri\u010dvrsno mjesto<\/li>\n<li>Do\u017eivotno jamstvo<\/li>\n<\/ul>\n<p style=\"color: rgb(34, 34, 34); font-family: Arial, Helvetica, sans-serif; font-size: small;\">Odaberite Rocna sidro za:<\/p>\n<p style=\"color: rgb(34, 34, 34); font-family: Arial, Helvetica, sans-serif; font-size: small;\">Kona\u010dno vi\u0161efunkcionalno sidro koje dobro djeluje na svim oceanima, prikladno za plovila svih veli\u010dina, od malih brodova do superjahata, radnih brodova i manjih brodova.<\/p>\n","protected":false},"excerpt":{"rendered":"<p>Rocna Sidro 20kg &#8211; Temeljito testirana i potvr\u0111ena, Rocna sidro je poznata po svojoj izvanrednoj snazi dr\u017eanja. Izra\u0111ena od posebno<\/p>\n","protected":false},"featured_media":5937282,"comment_status":"open","ping_status":"closed","template":"","meta":[],"product_brand":[3321],"product_cat":[1872],"product_tag":[],"class_list":{"0":"post-739935","1":"product","2":"type-product","3":"status-publish","4":"has-post-thumbnail","6":"product_brand-rocna-hr","7":"product_cat-sidra-rocna-i-vulkan","9":"first","10":"instock","11":"shipping-taxable","12":"purchasable","13":"product-type-simple"},"_links":{"self":[{"href":"https:\/\/stoic-curie.212-227-153-4.plesk.page\/hr\/wp-json\/wp\/v2\/product\/739935","targetHints":{"allow":["GET"]}}],"collection":[{"href":"https:\/\/stoic-curie.212-227-153-4.plesk.page\/hr\/wp-json\/wp\/v2\/product"}],"about":[{"href":"https:\/\/stoic-curie.212-227-153-4.plesk.page\/hr\/wp-json\/wp\/v2\/types\/product"}],"replies":[{"embeddable":true,"href":"https:\/\/stoic-curie.212-227-153-4.plesk.page\/hr\/wp-json\/wp\/v2\/comments?post=739935"}],"version-history":[{"count":0,"href":"https:\/\/stoic-curie.212-227-153-4.plesk.page\/hr\/wp-json\/wp\/v2\/product\/739935\/revisions"}],"wp:featuredmedia":[{"embeddable":true,"href":"https:\/\/stoic-curie.212-227-153-4.plesk.page\/hr\/wp-json\/wp\/v2\/media\/5937282"}],"wp:attachment":[{"href":"https:\/\/stoic-curie.212-227-153-4.plesk.page\/hr\/wp-json\/wp\/v2\/media?parent=739935"}],"wp:term":[{"taxonomy":"product_brand","embeddable":true,"href":"https:\/\/stoic-curie.212-227-153-4.plesk.page\/hr\/wp-json\/wp\/v2\/product_brand?post=739935"},{"taxonomy":"product_cat","embeddable":true,"href":"https:\/\/stoic-curie.212-227-153-4.plesk.page\/hr\/wp-json\/wp\/v2\/product_cat?post=739935"},{"taxonomy":"product_tag","embeddable":true,"href":"https:\/\/stoic-curie.212-227-153-4.plesk.page\/hr\/wp-json\/wp\/v2\/product_tag?post=739935"}],"curies":[{"name":"wp","href":"https:\/\/api.w.org\/{rel}","templated":true}]}}