{"id":739936,"date":"2025-03-03T18:06:13","date_gmt":"2025-03-03T17:06:13","guid":{"rendered":"https:\/\/stoic-curie.212-227-153-4.plesk.page\/producto\/rocna-sidro-25kg\/"},"modified":"2026-02-25T00:00:38","modified_gmt":"2026-02-25T00:00:38","slug":"rocna-sidro-25kg","status":"publish","type":"product","link":"https:\/\/stoic-curie.212-227-153-4.plesk.page\/hr\/product\/rocna-sidro-25kg\/","title":{"rendered":"Rocna Sidro 25kg"},"content":{"rendered":"<p>Rocna Sidro 25kg &#8211; <\/p>\n<p style=\"color: rgb(34, 34, 34); font-family: Arial, Helvetica, sans-serif; font-size: small;\">Rocna sidro, neovisno testirano i potvr\u0111eno, prepoznato je po svojoj izvanrednoj snazi dr\u017eanja. Izra\u0111eno od posebno galvaniziranog \u010delika, brzo prodire u svaki tip morskog dna, \u010dine\u0107i ga pogodnim za sve vrste plovila i megajahti. Roll bar i raspodjela te\u017eine sidra poma\u017eu mu da postigne najbolji kut za prodor, dok njegova velika konkavna povr\u0161ina osigurava sigurno dr\u017eanje u raznim uvjetima mora i vjetra.<\/p>\n<p style=\"color: rgb(34, 34, 34); font-family: Arial, Helvetica, sans-serif; font-size: small;\">Rocna sidro je svestran izbor koji se u\u010dinkovito postavlja i dr\u017ei na ve\u0107ini morskih dna, uklju\u010duju\u0107i meki mulj, tvrdi pijesak, glinu, travu i alge.<\/p>\n<p style=\"color: rgb(34, 34, 34); font-family: Arial, Helvetica, sans-serif; font-size: small;\">Klju\u010dne zna\u010dajke uklju\u010duju:<\/p>\n<ul style=\"color: rgb(34, 34, 34); font-family: Arial, Helvetica, sans-serif; font-size: small;\">\n<li>Tanjurasti profil za duboki prodor<\/li>\n<li>\u0160iroki krak i \u010deli\u010dni vrh za sna\u017enu snagu dr\u017eanja<\/li>\n<li>Samoprofilni dizajn koji se vra\u0107a nakon otklona<\/li>\n<\/ul>\n<p style=\"color: rgb(34, 34, 34); font-family: Arial, Helvetica, sans-serif; font-size: small;\">\u0160to \u010dini Rocna sidro najboljim na svijetu:<\/p>\n<ul style=\"color: rgb(34, 34, 34); font-family: Arial, Helvetica, sans-serif; font-size: small;\">\n<li>Brzo postavljanje na razli\u010ditim tipovima dna<\/li>\n<li>Pouzdana snaga dr\u017eanja<\/li>\n<li>Otporan na pomake uzrokovane vjetrom i plimom<\/li>\n<li>Samoprofiliraju\u0107a svojstva<\/li>\n<li>Tandemsko sidrenje priklju\u010dna to\u010dka<\/li>\n<li>Do\u017eivotna garancija<\/li>\n<\/ul>\n<p style=\"color: rgb(34, 34, 34); font-family: Arial, Helvetica, sans-serif; font-size: small;\">Odaberite Rocna sidro za:<\/p>\n<ul style=\"color: rgb(34, 34, 34); font-family: Arial, Helvetica, sans-serif; font-size: small;\">\n<li>Najbolje sidro za razne namjene koje djeluje na svim morskim dnu.<\/li>\n<li>Plovila svih veli\u010dina, od malih plovaka do superjahti, radnih brodova i malih brodova.<\/li>\n<\/ul>\n","protected":false},"excerpt":{"rendered":"<p>Rocna Sidro 25kg &#8211; Rocna sidro, neovisno testirano i potvr\u0111eno, prepoznato je po svojoj izvanrednoj snazi dr\u017eanja. Izra\u0111eno od posebno<\/p>\n","protected":false},"featured_media":5937282,"comment_status":"open","ping_status":"closed","template":"","meta":[],"product_brand":[3321],"product_cat":[1872],"product_tag":[],"class_list":{"0":"post-739936","1":"product","2":"type-product","3":"status-publish","4":"has-post-thumbnail","6":"product_brand-rocna-hr","7":"product_cat-sidra-rocna-i-vulkan","9":"first","10":"instock","11":"shipping-taxable","12":"purchasable","13":"product-type-simple"},"_links":{"self":[{"href":"https:\/\/stoic-curie.212-227-153-4.plesk.page\/hr\/wp-json\/wp\/v2\/product\/739936","targetHints":{"allow":["GET"]}}],"collection":[{"href":"https:\/\/stoic-curie.212-227-153-4.plesk.page\/hr\/wp-json\/wp\/v2\/product"}],"about":[{"href":"https:\/\/stoic-curie.212-227-153-4.plesk.page\/hr\/wp-json\/wp\/v2\/types\/product"}],"replies":[{"embeddable":true,"href":"https:\/\/stoic-curie.212-227-153-4.plesk.page\/hr\/wp-json\/wp\/v2\/comments?post=739936"}],"version-history":[{"count":0,"href":"https:\/\/stoic-curie.212-227-153-4.plesk.page\/hr\/wp-json\/wp\/v2\/product\/739936\/revisions"}],"wp:featuredmedia":[{"embeddable":true,"href":"https:\/\/stoic-curie.212-227-153-4.plesk.page\/hr\/wp-json\/wp\/v2\/media\/5937282"}],"wp:attachment":[{"href":"https:\/\/stoic-curie.212-227-153-4.plesk.page\/hr\/wp-json\/wp\/v2\/media?parent=739936"}],"wp:term":[{"taxonomy":"product_brand","embeddable":true,"href":"https:\/\/stoic-curie.212-227-153-4.plesk.page\/hr\/wp-json\/wp\/v2\/product_brand?post=739936"},{"taxonomy":"product_cat","embeddable":true,"href":"https:\/\/stoic-curie.212-227-153-4.plesk.page\/hr\/wp-json\/wp\/v2\/product_cat?post=739936"},{"taxonomy":"product_tag","embeddable":true,"href":"https:\/\/stoic-curie.212-227-153-4.plesk.page\/hr\/wp-json\/wp\/v2\/product_tag?post=739936"}],"curies":[{"name":"wp","href":"https:\/\/api.w.org\/{rel}","templated":true}]}}