{"id":739937,"date":"2025-03-03T18:06:14","date_gmt":"2025-03-03T17:06:14","guid":{"rendered":"https:\/\/stoic-curie.212-227-153-4.plesk.page\/producto\/rocna-sidro-33kg\/"},"modified":"2026-02-25T00:00:38","modified_gmt":"2026-02-25T00:00:38","slug":"rocna-sidro-33kg","status":"publish","type":"product","link":"https:\/\/stoic-curie.212-227-153-4.plesk.page\/hr\/product\/rocna-sidro-33kg\/","title":{"rendered":"Rocna Sidro 33kg"},"content":{"rendered":"<p>Rocna Sidro 33kg &#8211; <\/p>\n<p style=\"color: rgb(34, 34, 34); font-family: Arial, Helvetica, sans-serif; font-size: small;\">Rocna 33 (33 kg) pocin\u010dani specijalni \u010deli\u010dni sidro dizajnirano je za brzo hvatanje i pogodno je za sve vrste morskog dna, \u0161to ga \u010dini idealnim za \u010damce svih veli\u010dina, uklju\u010duju\u0107i megajahti. Njegov dizajn s rolnom i raspodjela te\u017eine osiguravaju optimalni kut penetracije, dok velika konkavna povr\u0161ina pru\u017ea izvanrednu snagu dr\u017eanja.<\/p>\n<p style=\"color: rgb(34, 34, 34); font-family: Arial, Helvetica, sans-serif; font-size: small;\">Ovo sidro je neovisno testirano i verificirano da pru\u017ea iznimno visoku snagu dr\u017eanja.<\/p>\n<p style=\"color: rgb(34, 34, 34); font-family: Arial, Helvetica, sans-serif; font-size: small;\">Rocna sidro je svestrano rje\u0161enje koje se u\u010dinkovito postavlja i dr\u017ei na razli\u010ditim podlogama, uklju\u010duju\u0107i mekani mulj, tvrdi pijesak, glinu, travu i alge.<\/p>\n<p style=\"color: rgb(34, 34, 34); font-family: Arial, Helvetica, sans-serif; font-size: small;\"><strong>Klju\u010dne zna\u010dajke:<\/strong><\/p>\n<ul style=\"color: rgb(34, 34, 34); font-family: Arial, Helvetica, sans-serif; font-size: small;\">\n<li>Uski profil \u0161ipke za duboku penetraciju<\/li>\n<li>\u0160iroka krmna i \u010delo za pobolj\u0161anu snagu dr\u017eanja<\/li>\n<li>Samopravni dizajn koji se resetira nakon skretanja<\/li>\n<\/ul>\n<p style=\"color: rgb(34, 34, 34); font-family: Arial, Helvetica, sans-serif; font-size: small;\"><strong>Za\u0161to se Rocna smatra najboljim sidrom na svijetu:<\/strong><\/p>\n<ul style=\"color: rgb(34, 34, 34); font-family: Arial, Helvetica, sans-serif; font-size: small;\">\n<li>Brza postavka preko razli\u010ditih tipova dna<\/li>\n<li>Izvrsna snaga dr\u017eanja<\/li>\n<li>Otpornost na promjene vjetra i plime<\/li>\n<li>Automatska zna\u010dajka pu\u0161tanja<\/li>\n<li>Tandem to\u010dka za sidrenje<\/li>\n<li>Do\u017eivotna garancija<\/li>\n<\/ul>\n<p style=\"color: rgb(34, 34, 34); font-family: Arial, Helvetica, sans-serif; font-size: small;\"><strong>Odaberite Rocna sidro:<\/strong><\/p>\n<ul style=\"color: rgb(34, 34, 34); font-family: Arial, Helvetica, sans-serif; font-size: small;\">\n<li>Za pouzdano vi\u0161enamjensko sidro koje dobro funkcionira na svim oceanskim dnu.<\/li>\n<li>Pogodno za plovila svih veli\u010dina, od malih \u010damaca do superjahti, radnih brodova i malih plovila.<\/li>\n<\/ul>\n<p style=\"color: rgb(34, 34, 34); font-family: Arial, Helvetica, sans-serif; font-size: small;\"><strong>Rocna Originalne specifikacije:<\/strong><\/p>\n<ul style=\"color: rgb(34, 34, 34); font-family: Arial, Helvetica, sans-serif; font-size: small;\">\n<li>Materijal: Pocin\u010dani \u010delik<\/li>\n<li>Te\u017eina: 33 kg<\/li>\n<li>Duljina: 1066 mm<\/li>\n<li>\u0160irina: 532 mm<\/li>\n<li>Visina (od krme do rolnice): 254 mm<\/li>\n<li>Debljina \u0161ipke: 16,5 mm<\/li>\n<\/ul>\n","protected":false},"excerpt":{"rendered":"<p>Rocna Sidro 33kg &#8211; Rocna 33 (33 kg) pocin\u010dani specijalni \u010deli\u010dni sidro dizajnirano je za brzo hvatanje i pogodno je<\/p>\n","protected":false},"featured_media":5937282,"comment_status":"open","ping_status":"closed","template":"","meta":[],"product_brand":[3321],"product_cat":[1872],"product_tag":[],"class_list":{"0":"post-739937","1":"product","2":"type-product","3":"status-publish","4":"has-post-thumbnail","6":"product_brand-rocna-hr","7":"product_cat-sidra-rocna-i-vulkan","9":"first","10":"instock","11":"shipping-taxable","12":"purchasable","13":"product-type-simple"},"_links":{"self":[{"href":"https:\/\/stoic-curie.212-227-153-4.plesk.page\/hr\/wp-json\/wp\/v2\/product\/739937","targetHints":{"allow":["GET"]}}],"collection":[{"href":"https:\/\/stoic-curie.212-227-153-4.plesk.page\/hr\/wp-json\/wp\/v2\/product"}],"about":[{"href":"https:\/\/stoic-curie.212-227-153-4.plesk.page\/hr\/wp-json\/wp\/v2\/types\/product"}],"replies":[{"embeddable":true,"href":"https:\/\/stoic-curie.212-227-153-4.plesk.page\/hr\/wp-json\/wp\/v2\/comments?post=739937"}],"version-history":[{"count":0,"href":"https:\/\/stoic-curie.212-227-153-4.plesk.page\/hr\/wp-json\/wp\/v2\/product\/739937\/revisions"}],"wp:featuredmedia":[{"embeddable":true,"href":"https:\/\/stoic-curie.212-227-153-4.plesk.page\/hr\/wp-json\/wp\/v2\/media\/5937282"}],"wp:attachment":[{"href":"https:\/\/stoic-curie.212-227-153-4.plesk.page\/hr\/wp-json\/wp\/v2\/media?parent=739937"}],"wp:term":[{"taxonomy":"product_brand","embeddable":true,"href":"https:\/\/stoic-curie.212-227-153-4.plesk.page\/hr\/wp-json\/wp\/v2\/product_brand?post=739937"},{"taxonomy":"product_cat","embeddable":true,"href":"https:\/\/stoic-curie.212-227-153-4.plesk.page\/hr\/wp-json\/wp\/v2\/product_cat?post=739937"},{"taxonomy":"product_tag","embeddable":true,"href":"https:\/\/stoic-curie.212-227-153-4.plesk.page\/hr\/wp-json\/wp\/v2\/product_tag?post=739937"}],"curies":[{"name":"wp","href":"https:\/\/api.w.org\/{rel}","templated":true}]}}