{"id":739938,"date":"2025-03-03T18:06:14","date_gmt":"2025-03-03T17:06:14","guid":{"rendered":"https:\/\/stoic-curie.212-227-153-4.plesk.page\/producto\/rocna-sidro-40kg\/"},"modified":"2026-02-25T00:00:38","modified_gmt":"2026-02-25T00:00:38","slug":"rocna-sidro-40kg","status":"publish","type":"product","link":"https:\/\/stoic-curie.212-227-153-4.plesk.page\/hr\/product\/rocna-sidro-40kg\/","title":{"rendered":"Rocna Sidro 40kg"},"content":{"rendered":"<p>Rocna Sidro 40kg &#8211; <\/p>\n<p style=\"color: rgb(34, 34, 34); font-family: Arial, Helvetica, sans-serif; font-size: small;\"><strong>Rocna 40 (88 lb) Galvanizirani Sidro<\/strong><\/p>\n<p style=\"color: rgb(34, 34, 34); font-family: Arial, Helvetica, sans-serif; font-size: small;\">Predstavljamo Rocna 40, posebno dizajnirano galvanizirano \u010deli\u010dno sidro koje se odlikuje u razli\u010ditim uvjetima morskog dna, \u010dine\u0107i ga pogodnim za plovila svih veli\u010dina, uklju\u010duju\u0107i megajahti. Njegova inovativna roll-bar i strate\u0161ka raspodjela te\u017eine osiguravaju optimalan kut penetracije, dok velika konkavna povr\u0161ina pru\u017ea iznimnu snagu dr\u017eanja.<\/p>\n<p style=\"color: rgb(34, 34, 34); font-family: Arial, Helvetica, sans-serif; font-size: small;\"><strong>Neovisno testirano i verificirano za superiornu sposobnost dr\u017eanja<\/strong><\/p>\n<p style=\"color: rgb(34, 34, 34); font-family: Arial, Helvetica, sans-serif; font-size: small;\">Sidro Rocna je svestrano rje\u0161enje koje se u\u010dinkovito postavlja i dr\u017ei u \u0161irokom rasponu tipova morskog dna, od mekog blata do tvrdo pijeska, gline, trave i alga.<\/p>\n<p style=\"color: rgb(34, 34, 34); font-family: Arial, Helvetica, sans-serif; font-size: small;\"><strong>Klju\u010dne Zna\u010dajke:<\/strong><\/p>\n<ul style=\"color: rgb(34, 34, 34); font-family: Arial, Helvetica, sans-serif; font-size: small;\">\n<li><strong>Tanjur Profila:<\/strong> Olak\u0161ava duboku penetraciju.<\/li>\n<li><strong>\u0160iroka Fluka i \u010celi\u010dni vrh:<\/strong> Pove\u0107ava snagu dr\u017eanja.<\/li>\n<li><strong>Auto-ispravljaju\u0107i Dizajn:<\/strong> Automatski se resetira nakon iskrivljenja.<\/li>\n<\/ul>\n<p style=\"color: rgb(34, 34, 34); font-family: Arial, Helvetica, sans-serif; font-size: small;\"><strong>Za\u0161to se Rocna isti\u010de kao glavna sidro:<\/strong><\/p>\n<ul style=\"color: rgb(34, 34, 34); font-family: Arial, Helvetica, sans-serif; font-size: small;\">\n<li>Brzo postavljanje na raznovrsnim tipovima morskog dna.<\/li>\n<li>Nesvakida\u0161nja sila dr\u017eanja.<\/li>\n<li>Otpornost na vjetar i plimne pomake.<\/li>\n<li>Samopokretna sposobnost.<\/li>\n<li>To\u010dka za vezivanje za tandem sidrenje.<\/li>\n<li>Do\u017eivotna garancija.<\/li>\n<\/ul>\n<p style=\"color: rgb(34, 34, 34); font-family: Arial, Helvetica, sans-serif; font-size: small;\"><strong>Odaberite Rocna za:<\/strong><\/p>\n<ul style=\"color: rgb(34, 34, 34); font-family: Arial, Helvetica, sans-serif; font-size: small;\">\n<li>Ultimativno vi\u0161enamjensko sidro koje pouzdano funkcionira na svim morskim dno.<\/li>\n<li>Kompatibilnost s plovilima svih veli\u010dina, od malih glisera do superjahti, radnih plovila i malih brodova.<\/li>\n<\/ul>\n","protected":false},"excerpt":{"rendered":"<p>Rocna Sidro 40kg &#8211; Rocna 40 (88 lb) Galvanizirani Sidro Predstavljamo Rocna 40, posebno dizajnirano galvanizirano \u010deli\u010dno sidro koje se<\/p>\n","protected":false},"featured_media":5937282,"comment_status":"open","ping_status":"closed","template":"","meta":[],"product_brand":[3321],"product_cat":[1872],"product_tag":[],"class_list":{"0":"post-739938","1":"product","2":"type-product","3":"status-publish","4":"has-post-thumbnail","6":"product_brand-rocna-hr","7":"product_cat-sidra-rocna-i-vulkan","9":"first","10":"instock","11":"shipping-taxable","12":"purchasable","13":"product-type-simple"},"_links":{"self":[{"href":"https:\/\/stoic-curie.212-227-153-4.plesk.page\/hr\/wp-json\/wp\/v2\/product\/739938","targetHints":{"allow":["GET"]}}],"collection":[{"href":"https:\/\/stoic-curie.212-227-153-4.plesk.page\/hr\/wp-json\/wp\/v2\/product"}],"about":[{"href":"https:\/\/stoic-curie.212-227-153-4.plesk.page\/hr\/wp-json\/wp\/v2\/types\/product"}],"replies":[{"embeddable":true,"href":"https:\/\/stoic-curie.212-227-153-4.plesk.page\/hr\/wp-json\/wp\/v2\/comments?post=739938"}],"version-history":[{"count":0,"href":"https:\/\/stoic-curie.212-227-153-4.plesk.page\/hr\/wp-json\/wp\/v2\/product\/739938\/revisions"}],"wp:featuredmedia":[{"embeddable":true,"href":"https:\/\/stoic-curie.212-227-153-4.plesk.page\/hr\/wp-json\/wp\/v2\/media\/5937282"}],"wp:attachment":[{"href":"https:\/\/stoic-curie.212-227-153-4.plesk.page\/hr\/wp-json\/wp\/v2\/media?parent=739938"}],"wp:term":[{"taxonomy":"product_brand","embeddable":true,"href":"https:\/\/stoic-curie.212-227-153-4.plesk.page\/hr\/wp-json\/wp\/v2\/product_brand?post=739938"},{"taxonomy":"product_cat","embeddable":true,"href":"https:\/\/stoic-curie.212-227-153-4.plesk.page\/hr\/wp-json\/wp\/v2\/product_cat?post=739938"},{"taxonomy":"product_tag","embeddable":true,"href":"https:\/\/stoic-curie.212-227-153-4.plesk.page\/hr\/wp-json\/wp\/v2\/product_tag?post=739938"}],"curies":[{"name":"wp","href":"https:\/\/api.w.org\/{rel}","templated":true}]}}