{"id":739939,"date":"2025-03-03T18:06:14","date_gmt":"2025-03-03T17:06:14","guid":{"rendered":"https:\/\/stoic-curie.212-227-153-4.plesk.page\/producto\/rocna-sidro-55-kg\/"},"modified":"2026-02-25T00:00:38","modified_gmt":"2026-02-25T00:00:38","slug":"rocna-sidro-55-kg","status":"publish","type":"product","link":"https:\/\/stoic-curie.212-227-153-4.plesk.page\/hr\/product\/rocna-sidro-55-kg\/","title":{"rendered":"Rocna Sidro 55 kg"},"content":{"rendered":"<p>Rocna Sidro 55 kg &#8211; <\/p>\n<p>Predstavljamo Rocna 55, izra\u0111en od specijalnog pocin\u010danog \u010delika, dizajniran za optimalne performanse na raznim tipovima morskog dna. Ova sidra su pogodna za brodove svih veli\u010dina, uklju\u010duju\u0107i megajhte. Njegov inovativni roll-bar i zna\u010dajke raspodjele te\u017eine osiguravaju idealni kut penetracije, dok \u0161iroka konkavna povr\u0161ina pru\u017ea iznimnu snagu dr\u017eanja. Na zahtjev nudimo Rocna sidra u te\u017einama od 110, 150, 200 i 250 kg, uz R.I.N.A. certifikat. Rocna 55, koja te\u017ei 25 kg, posebno je istaknuta.<\/p>\n<p>Ovo sidro neovisno je testirano i verificirano, pokazuju\u0107i iznimno visoku snagu dr\u017eanja.<\/p>\n<p>Rocna sidro isti\u010de se kao svestrano rje\u0161enje, u\u010dinkovito se postavljaju\u0107i i dr\u017ee\u0107i u raznim uvjetima morskog dna, uklju\u010duju\u0107i mekani mulj, tvrdi pijesak, glinu, travu i alge.<\/p>\n<p>Klju\u010dne zna\u010dajke:<\/p>\n<ul>\n<li>Uski profil stabljike za duboku penetraciju<\/li>\n<li>\u0160iroki fluke i dlijetasta to\u010dka za pobolj\u0161anu snagu dr\u017eanja<\/li>\n<li>Samopravlja\u010dki dizajn koji se resetira nakon skretanja<\/li>\n<\/ul>\n<p>\u0160to razlikuje Rocna kao najbolji sidro u svijetu:<\/p>\n<ul>\n<li>Brzo postavljanje na raznim tipovima morskog dna<\/li>\n<li>Izvrsna snaga dr\u017eanja<\/li>\n<li>Otporan na promjene vjetra i plime<\/li>\n<li>Samostalna sposobnost lansiranja<\/li>\n<li>Dodatna to\u010dka sidrenja<\/li>\n<li>Do\u017eivotna garancija<\/li>\n<\/ul>\n<p>Odaberite Rocna sidro za:<\/p>\n<ul>\n<li>Najbolje rje\u0161enje za vi\u0161ekratnu upotrebu koje pouzdano funkcionira na svim oceanima.<\/li>\n<li>Kompatibilnost s plovilima svih veli\u010dina, od malih brodova do superjahti, radnih brodova i malih brodova.<\/li>\n<\/ul>\n","protected":false},"excerpt":{"rendered":"<p>Rocna Sidro 55 kg &#8211; Predstavljamo Rocna 55, izra\u0111en od specijalnog pocin\u010danog \u010delika, dizajniran za optimalne performanse na raznim tipovima<\/p>\n","protected":false},"featured_media":5937282,"comment_status":"open","ping_status":"closed","template":"","meta":[],"product_brand":[3321],"product_cat":[1872],"product_tag":[],"class_list":{"0":"post-739939","1":"product","2":"type-product","3":"status-publish","4":"has-post-thumbnail","6":"product_brand-rocna-hr","7":"product_cat-sidra-rocna-i-vulkan","9":"first","10":"instock","11":"shipping-taxable","12":"purchasable","13":"product-type-simple"},"_links":{"self":[{"href":"https:\/\/stoic-curie.212-227-153-4.plesk.page\/hr\/wp-json\/wp\/v2\/product\/739939","targetHints":{"allow":["GET"]}}],"collection":[{"href":"https:\/\/stoic-curie.212-227-153-4.plesk.page\/hr\/wp-json\/wp\/v2\/product"}],"about":[{"href":"https:\/\/stoic-curie.212-227-153-4.plesk.page\/hr\/wp-json\/wp\/v2\/types\/product"}],"replies":[{"embeddable":true,"href":"https:\/\/stoic-curie.212-227-153-4.plesk.page\/hr\/wp-json\/wp\/v2\/comments?post=739939"}],"version-history":[{"count":0,"href":"https:\/\/stoic-curie.212-227-153-4.plesk.page\/hr\/wp-json\/wp\/v2\/product\/739939\/revisions"}],"wp:featuredmedia":[{"embeddable":true,"href":"https:\/\/stoic-curie.212-227-153-4.plesk.page\/hr\/wp-json\/wp\/v2\/media\/5937282"}],"wp:attachment":[{"href":"https:\/\/stoic-curie.212-227-153-4.plesk.page\/hr\/wp-json\/wp\/v2\/media?parent=739939"}],"wp:term":[{"taxonomy":"product_brand","embeddable":true,"href":"https:\/\/stoic-curie.212-227-153-4.plesk.page\/hr\/wp-json\/wp\/v2\/product_brand?post=739939"},{"taxonomy":"product_cat","embeddable":true,"href":"https:\/\/stoic-curie.212-227-153-4.plesk.page\/hr\/wp-json\/wp\/v2\/product_cat?post=739939"},{"taxonomy":"product_tag","embeddable":true,"href":"https:\/\/stoic-curie.212-227-153-4.plesk.page\/hr\/wp-json\/wp\/v2\/product_tag?post=739939"}],"curies":[{"name":"wp","href":"https:\/\/api.w.org\/{rel}","templated":true}]}}