{"id":739940,"date":"2025-03-03T18:06:14","date_gmt":"2025-03-03T17:06:14","guid":{"rendered":"https:\/\/stoic-curie.212-227-153-4.plesk.page\/producto\/rocna-sidro-70kg\/"},"modified":"2026-02-25T00:00:38","modified_gmt":"2026-02-25T00:00:38","slug":"rocna-sidro-70kg","status":"publish","type":"product","link":"https:\/\/stoic-curie.212-227-153-4.plesk.page\/hr\/product\/rocna-sidro-70kg\/","title":{"rendered":"Rocna Sidro 70kg"},"content":{"rendered":"<p>Rocna Sidro 70kg &#8211; <\/p>\n<p style=\"color: rgb(34, 34, 34); font-family: Arial, Helvetica, sans-serif; font-size: small;\">Predstavljamo Specialni galvanizirani Rocna sidro od 70 kg, dizajniran za optimalne performanse na bilo kojoj vrsti morskog dna, \u0161to ga \u010dini pogodnim za brodove svih veli\u010dina, uklju\u010duju\u0107i megajahtice. Sidra s rolnom i raspored te\u017eine osiguravaju idealni kut penetracije, dok njegova velika konkavna povr\u0161ina osigurava izvanrednu snagu dr\u017eanja. Nudimo sidra certificirana od R.I.Na., s te\u017eim opcijama na zahtjev u te\u017einama od 110, 150, 200 i 250 kg.<\/p>\n<p style=\"color: rgb(34, 34, 34); font-family: Arial, Helvetica, sans-serif; font-size: small;\"><strong>Rocna 70 (154 lb) Galvanizirano<\/strong><br \/><strong>SKU: ROCORG070GS<\/strong><\/p>\n<p style=\"color: rgb(34, 34, 34); font-family: Arial, Helvetica, sans-serif; font-size: small;\">Ovo sidro je neovisno testirano i potvr\u0111eno kao sidro s izuzetno velikom snagom dr\u017eanja. Rocna sidro je svestrano rje\u0161enje koje se u\u010dinkovito postavlja i dr\u017ei na raznim morskim dnon, uklju\u010duju\u0107i mekani mulj, tvrdi pijesak, glinu, travu i alge.<\/p>\n<p style=\"color: rgb(34, 34, 34); font-family: Arial, Helvetica, sans-serif; font-size: small;\"><strong>Klju\u010dne Zna\u010dajke:<\/strong><\/p>\n<ul style=\"color: rgb(34, 34, 34); font-family: Arial, Helvetica, sans-serif; font-size: small;\">\n<li><strong>Uski profil dr\u0161ke:<\/strong>&nbsp;Olak\u0161ava duboku penetraciju.<\/li>\n<li><strong>\u0160iroka fluksa i dlijeto:<\/strong>&nbsp;Osigurava visoku kapacitet dr\u017eanja.<\/li>\n<li><strong>Mekanizam samopravilnog:<\/strong>&nbsp;Automatski se vra\u0107a nakon odvojka.<\/li>\n<\/ul>\n<p style=\"color: rgb(34, 34, 34); font-family: Arial, Helvetica, sans-serif; font-size: small;\"><strong>Za\u0161to je Rocna najbolja sidra na svijetu:<\/strong><\/p>\n<ul style=\"color: rgb(34, 34, 34); font-family: Arial, Helvetica, sans-serif; font-size: small;\">\n<li>Brzo postavljanje na raznim tipovima dna.<\/li>\n<li>Izuzetna snaga dr\u017eanja.<\/li>\n<li>Odpornost na vjetar i promjene plime.<\/li>\n<li>Samopokreta\u010dki dizajn.<\/li>\n<li>Tandem sidri\u0161te.<\/li>\n<li>Do\u017eivotna garancija.<\/li>\n<\/ul>\n<p style=\"color: rgb(34, 34, 34); font-family: Arial, Helvetica, sans-serif; font-size: small;\"><strong>Odaberite Rocna za:<\/strong><\/p>\n<ul style=\"color: rgb(34, 34, 34); font-family: Arial, Helvetica, sans-serif; font-size: small;\">\n<li>Najbolje vi\u0161enamjensko sidro koje pouzdano djeluje na svim morskim dnon.<\/li>\n<li>Kompatibilnost s plovilima svih veli\u010dina, od malih plovaka do superjahti, radnih brodova i malih brodova.<\/li>\n<\/ul>\n","protected":false},"excerpt":{"rendered":"<p>Rocna Sidro 70kg &#8211; Predstavljamo Specialni galvanizirani Rocna sidro od 70 kg, dizajniran za optimalne performanse na bilo kojoj vrsti<\/p>\n","protected":false},"featured_media":5937282,"comment_status":"open","ping_status":"closed","template":"","meta":[],"product_brand":[3321],"product_cat":[1872],"product_tag":[],"class_list":{"0":"post-739940","1":"product","2":"type-product","3":"status-publish","4":"has-post-thumbnail","6":"product_brand-rocna-hr","7":"product_cat-sidra-rocna-i-vulkan","9":"first","10":"outofstock","11":"shipping-taxable","12":"purchasable","13":"product-type-simple"},"_links":{"self":[{"href":"https:\/\/stoic-curie.212-227-153-4.plesk.page\/hr\/wp-json\/wp\/v2\/product\/739940","targetHints":{"allow":["GET"]}}],"collection":[{"href":"https:\/\/stoic-curie.212-227-153-4.plesk.page\/hr\/wp-json\/wp\/v2\/product"}],"about":[{"href":"https:\/\/stoic-curie.212-227-153-4.plesk.page\/hr\/wp-json\/wp\/v2\/types\/product"}],"replies":[{"embeddable":true,"href":"https:\/\/stoic-curie.212-227-153-4.plesk.page\/hr\/wp-json\/wp\/v2\/comments?post=739940"}],"version-history":[{"count":0,"href":"https:\/\/stoic-curie.212-227-153-4.plesk.page\/hr\/wp-json\/wp\/v2\/product\/739940\/revisions"}],"wp:featuredmedia":[{"embeddable":true,"href":"https:\/\/stoic-curie.212-227-153-4.plesk.page\/hr\/wp-json\/wp\/v2\/media\/5937282"}],"wp:attachment":[{"href":"https:\/\/stoic-curie.212-227-153-4.plesk.page\/hr\/wp-json\/wp\/v2\/media?parent=739940"}],"wp:term":[{"taxonomy":"product_brand","embeddable":true,"href":"https:\/\/stoic-curie.212-227-153-4.plesk.page\/hr\/wp-json\/wp\/v2\/product_brand?post=739940"},{"taxonomy":"product_cat","embeddable":true,"href":"https:\/\/stoic-curie.212-227-153-4.plesk.page\/hr\/wp-json\/wp\/v2\/product_cat?post=739940"},{"taxonomy":"product_tag","embeddable":true,"href":"https:\/\/stoic-curie.212-227-153-4.plesk.page\/hr\/wp-json\/wp\/v2\/product_tag?post=739940"}],"curies":[{"name":"wp","href":"https:\/\/api.w.org\/{rel}","templated":true}]}}