{"id":739941,"date":"2025-03-03T18:06:14","date_gmt":"2025-03-03T17:06:14","guid":{"rendered":"https:\/\/stoic-curie.212-227-153-4.plesk.page\/producto\/pramcana-platforma-r-marine-sa-sidrenim-valjkom-75x48cm-od-nehrdajuceg-celika-i-tikovine\/"},"modified":"2026-02-25T00:00:38","modified_gmt":"2026-02-25T00:00:38","slug":"pramcana-platforma-r-marine-sa-sidrenim-valjkom-75x48cm-od-nehrdajuceg-celika-i-tikovine","status":"publish","type":"product","link":"https:\/\/stoic-curie.212-227-153-4.plesk.page\/hr\/product\/pramcana-platforma-r-marine-sa-sidrenim-valjkom-75x48cm-od-nehrdajuceg-celika-i-tikovine\/","title":{"rendered":"Pramcana platforma R.Marine sa sidrenim valjkom 75x48cm od nehr\u0111aju\u0107eg \u010delika i tikovine"},"content":{"rendered":"<p>Pramcana platforma R.Marine sa sidrenim valjkom 75x48cm od nehr\u0111aju\u0107eg \u010delika i tikovine &#8211; <\/p>\n<p>Tubing od nehr\u0111aju\u0107eg \u010delika 316 i hardver za platformu pramca. Platforma od tikovine s valjkom na pramcu.<\/p>\n","protected":false},"excerpt":{"rendered":"<p>Pramcana platforma R.Marine sa sidrenim valjkom 75x48cm od nehr\u0111aju\u0107eg \u010delika i tikovine &#8211; Tubing od nehr\u0111aju\u0107eg \u010delika 316 i hardver<\/p>\n","protected":false},"featured_media":5937289,"comment_status":"open","ping_status":"closed","template":"","meta":[],"product_brand":[3491],"product_cat":[1694,1614],"product_tag":[],"class_list":{"0":"post-739941","1":"product","2":"type-product","3":"status-publish","4":"has-post-thumbnail","6":"product_brand-trem-hr","7":"product_cat-brodske-krmene-platforme","8":"product_cat-platforme-za-plivanje-na-brodu","10":"first","11":"instock","12":"shipping-taxable","13":"purchasable","14":"product-type-simple"},"_links":{"self":[{"href":"https:\/\/stoic-curie.212-227-153-4.plesk.page\/hr\/wp-json\/wp\/v2\/product\/739941","targetHints":{"allow":["GET"]}}],"collection":[{"href":"https:\/\/stoic-curie.212-227-153-4.plesk.page\/hr\/wp-json\/wp\/v2\/product"}],"about":[{"href":"https:\/\/stoic-curie.212-227-153-4.plesk.page\/hr\/wp-json\/wp\/v2\/types\/product"}],"replies":[{"embeddable":true,"href":"https:\/\/stoic-curie.212-227-153-4.plesk.page\/hr\/wp-json\/wp\/v2\/comments?post=739941"}],"version-history":[{"count":0,"href":"https:\/\/stoic-curie.212-227-153-4.plesk.page\/hr\/wp-json\/wp\/v2\/product\/739941\/revisions"}],"wp:featuredmedia":[{"embeddable":true,"href":"https:\/\/stoic-curie.212-227-153-4.plesk.page\/hr\/wp-json\/wp\/v2\/media\/5937289"}],"wp:attachment":[{"href":"https:\/\/stoic-curie.212-227-153-4.plesk.page\/hr\/wp-json\/wp\/v2\/media?parent=739941"}],"wp:term":[{"taxonomy":"product_brand","embeddable":true,"href":"https:\/\/stoic-curie.212-227-153-4.plesk.page\/hr\/wp-json\/wp\/v2\/product_brand?post=739941"},{"taxonomy":"product_cat","embeddable":true,"href":"https:\/\/stoic-curie.212-227-153-4.plesk.page\/hr\/wp-json\/wp\/v2\/product_cat?post=739941"},{"taxonomy":"product_tag","embeddable":true,"href":"https:\/\/stoic-curie.212-227-153-4.plesk.page\/hr\/wp-json\/wp\/v2\/product_tag?post=739941"}],"curies":[{"name":"wp","href":"https:\/\/api.w.org\/{rel}","templated":true}]}}