{"id":739945,"date":"2025-03-03T18:06:15","date_gmt":"2025-03-03T17:06:15","guid":{"rendered":"https:\/\/stoic-curie.212-227-153-4.plesk.page\/producto\/elektricni-wc-ocean-silent-standard-24v-h455mm\/"},"modified":"2026-02-25T00:00:38","modified_gmt":"2026-02-25T00:00:38","slug":"elektricni-wc-ocean-silent-standard-24v-h455mm","status":"publish","type":"product","link":"https:\/\/stoic-curie.212-227-153-4.plesk.page\/hr\/product\/elektricni-wc-ocean-silent-standard-24v-h455mm\/","title":{"rendered":"WC Ocean Luxury Silent 24V H455mm"},"content":{"rendered":"<p>WC Ocean Luxury Silent 24V H455mm &#8211; <\/p>\n<p>Toalet Ocean Luxury Silent 24V H455mm. Predstavljamo vam na\u0161 elegantno dizajniran WC \u0161koljku od vitreozne bijele keramike, s drvenim sjedalom i poklopcem te nehr\u0111aju\u0107im \u0161arkanima. Ovaj luksuzni dizajn toaleta nudi udobnost doma.<\/p>\n<p>Glavne zna\u010dajke:<\/p>\n<ul>\n<li>Hydrovakuumski sustav za u\u010dinkovito uklanjanje otpada.<\/li>\n<li>Baza od materijala otpornih na udarce, s izdr\u017eljivom mesinganom pumpom.<\/li>\n<li>Kompaktna veli\u010dina za jednostavnu instalaciju i izuzetnu udobnost.<\/li>\n<li>Pogodno za instalaciju iznad ili ispod razine mora.<\/li>\n<li>Minimalna potro\u0161nja vode, samo 1 do 2,5 litre po ispiranju.<\/li>\n<li>Radi tiho za mirno iskustvo.<\/li>\n<li>Dolazi s jednostavnim trodijelnim prekida\u010dem.<\/li>\n<li>CE certificirano i u skladu s ISO 8846 i EN 55014 standardima.<\/li>\n<li>Sjedalo i poklopac s &#8216;soft close&#8217; funkcijom za dodatnu luksuznost.<\/li>\n<\/ul>\n<p>Ocean Luxury elektri\u010dni toalet:<\/p>\n<ul>\n<li>\u0160aptavo tiho djelovanje<\/li>\n<li>Izuzetna udobnost koja imitira doma\u0107e toalete<\/li>\n<li>Minimalna potro\u0161nja vode<\/li>\n<li>Automatska kontrola dovoda vode i odlaganja otpada<\/li>\n<li>Integrirana pumpa za u\u010dinkovito upravljanje otpadom<\/li>\n<li>Digitalna kontrolna plo\u010da za jednostavno upravljanje<\/li>\n<li>Sjedalo od duroplasta s mekim \u0161arkama za zatvaranje<\/li>\n<li>Izra\u0111eno od materijala otpornih na udarce i koroziju<\/li>\n<li>Opremljeno ventilom za povratni protok<\/li>\n<li>Samopodizna funkcija do 1,5 metara visine<\/li>\n<li>Vi\u0161enamjenske opcije instalacije iznad ili ispod vodene linije<\/li>\n<\/ul>\n<p>Ovaj toalet mo\u017ee koristiti automatski sustav za vodu ili pumpu za otpad za ulaz vode. Ima elektroni\u010dki prekida\u010d koji regulira protok vode u dva koraka: prvo se posuda puni \u010distom vodom, zatim se otpad ispu\u0161ta, ostavljaju\u0107i posudu \u010distom i praznom.<\/p>\n<p>Za instalacije s vi\u0161e toaleta, jedna vodna pumpa mo\u017ee opslu\u017eivati sve jedinice, s elektroventilom za svaki toalet. <\/p>\n<ul>\n<li>Ulazna veli\u010dina: 19 mm (3\/4&#8243; )<\/li>\n<li>Izlazne veli\u010dine: 25\/38 mm (1&#8243;-1.5&#8243; )<\/li>\n<li>Potro\u0161nja energije: 30A na 12V<\/li>\n<\/ul>\n<p>Pobolj\u0161ajte svoje iskustvo u kupaonici s na\u0161im Ocean Luxury elektri\u010dnim toaletom, gdje se udobnost susre\u0107e s inovacijama.<\/p>\n","protected":false},"excerpt":{"rendered":"<p>WC Ocean Luxury Silent 24V H455mm &#8211; Toalet Ocean Luxury Silent 24V H455mm. Predstavljamo vam na\u0161 elegantno dizajniran WC \u0161koljku<\/p>\n","protected":false},"featured_media":5937303,"comment_status":"open","ping_status":"closed","template":"","meta":[],"product_brand":[3141],"product_cat":[1675],"product_tag":[],"class_list":{"0":"post-739945","1":"product","2":"type-product","3":"status-publish","4":"has-post-thumbnail","6":"product_brand-matromarine-hr","7":"product_cat-brodski-wc","9":"first","10":"instock","11":"shipping-taxable","12":"purchasable","13":"product-type-simple"},"_links":{"self":[{"href":"https:\/\/stoic-curie.212-227-153-4.plesk.page\/hr\/wp-json\/wp\/v2\/product\/739945","targetHints":{"allow":["GET"]}}],"collection":[{"href":"https:\/\/stoic-curie.212-227-153-4.plesk.page\/hr\/wp-json\/wp\/v2\/product"}],"about":[{"href":"https:\/\/stoic-curie.212-227-153-4.plesk.page\/hr\/wp-json\/wp\/v2\/types\/product"}],"replies":[{"embeddable":true,"href":"https:\/\/stoic-curie.212-227-153-4.plesk.page\/hr\/wp-json\/wp\/v2\/comments?post=739945"}],"version-history":[{"count":0,"href":"https:\/\/stoic-curie.212-227-153-4.plesk.page\/hr\/wp-json\/wp\/v2\/product\/739945\/revisions"}],"wp:featuredmedia":[{"embeddable":true,"href":"https:\/\/stoic-curie.212-227-153-4.plesk.page\/hr\/wp-json\/wp\/v2\/media\/5937303"}],"wp:attachment":[{"href":"https:\/\/stoic-curie.212-227-153-4.plesk.page\/hr\/wp-json\/wp\/v2\/media?parent=739945"}],"wp:term":[{"taxonomy":"product_brand","embeddable":true,"href":"https:\/\/stoic-curie.212-227-153-4.plesk.page\/hr\/wp-json\/wp\/v2\/product_brand?post=739945"},{"taxonomy":"product_cat","embeddable":true,"href":"https:\/\/stoic-curie.212-227-153-4.plesk.page\/hr\/wp-json\/wp\/v2\/product_cat?post=739945"},{"taxonomy":"product_tag","embeddable":true,"href":"https:\/\/stoic-curie.212-227-153-4.plesk.page\/hr\/wp-json\/wp\/v2\/product_tag?post=739945"}],"curies":[{"name":"wp","href":"https:\/\/api.w.org\/{rel}","templated":true}]}}