{"id":739948,"date":"2025-03-03T18:06:16","date_gmt":"2025-03-03T17:06:16","guid":{"rendered":"https:\/\/stoic-curie.212-227-153-4.plesk.page\/producto\/elektricni-wc-ocean-silent-standard-12v-h455mm\/"},"modified":"2026-02-25T00:00:38","modified_gmt":"2026-02-25T00:00:38","slug":"elektricni-wc-ocean-silent-standard-12v-h455mm","status":"publish","type":"product","link":"https:\/\/stoic-curie.212-227-153-4.plesk.page\/hr\/product\/elektricni-wc-ocean-silent-standard-12v-h455mm\/","title":{"rendered":"WC Ocean Luxury Silent 12V H455mm"},"content":{"rendered":"<p>WC Ocean Luxury Silent 12V H455mm &#8211; <\/p>\n<p>Elektri\u010dni WC Ocean Luxury Silent 12V H455mm. Predstavljamo na\u0161u prekrasno izra\u0111enu bijelu porculansku \u0161koljku, spojenu s drvenim sjedalom i poklopcem koji imaju nehr\u0111aju\u0107e \u010deli\u010dne \u0161arke. Ovaj premium dizajn WC-a donosi udobnost doma u va\u0161u kupaonicu.<\/p>\n<p><strong>Klju\u010dne zna\u010dajke:<\/strong><\/p>\n<ul>\n<li>Hydrovacuum sustav za u\u010dinkovito uklanjanje otpada.<\/li>\n<li>Baza od materijala otpornih na udarce, opremljena izdr\u017eljivom mesing pumpom.<\/li>\n<li>Kompatibilan dizajn za jednostavnu instalaciju i superiornu udobnost.<\/li>\n<li>Pogodno za instalaciju iznad ili ispod razine mora.<\/li>\n<li>Niska potro\u0161nja vode, samo 1 do 2,5 litara po ispiranju.<\/li>\n<li>Tiho djelovanje za mirno iskustvo.<\/li>\n<li>Korisni\u010dki prijateljska kontrolna plo\u010da s tri gumba.<\/li>\n<li>CE certifikat, udovoljava ISO 8846 i EN 55014 standardima.<\/li>\n<li>Sjedalo i poklopac s mekim zatvaranjem za dodatnu luksuznost.<\/li>\n<\/ul>\n<p><strong>Ocean Luxury Elektri\u010dni WC:<\/strong><\/p>\n<ul>\n<li>\u0160ap\u0107u\u0107e tiho djelovanje<\/li>\n<li>Izvr\u0161na udobnost sli\u010dna WC-ima u domu<\/li>\n<li>Minimalna potro\u0161nja vode<\/li>\n<li>Automatska kontrola usisavanja vode i ispu\u0161tanja otpada<\/li>\n<li>Integrirana pumpa za u\u010dinkovito upravljanje otpadom<\/li>\n<li>Digitalna kontrolna plo\u010da za jednostavno upravljanje<\/li>\n<li>Sjedalo od duroplasta s \u0161arkama za meko zatvaranje<\/li>\n<li>Izra\u0111eno od materijala otpornih na udarce i koroziju<\/li>\n<li>Opremljeno ventilom za sprje\u010davanje povratnog toka<\/li>\n<li>Samo-priprema do visine od 1,5 metara<\/li>\n<li>Fleksibilne mogu\u0107nosti instalacije iznad ili ispod vodene linije<\/li>\n<\/ul>\n<p>Ovaj WC mo\u017ee se povezati na automatski vodovod ili pumpu za odvod za ulazak vode. Sadr\u017ei elektri\u010dni prekida\u010d koji upravlja protokom vode u dvije faze: prvo se \u0161koljka puni \u010distom vodom, a zatim se otpad ispu\u0161ta, ostavljaju\u0107i \u0161koljku \u010distu i praznu.<\/p>\n<p>Za konfiguracije s vi\u0161e WC-a, jedna vodna pumpa mo\u017ee opslu\u017eivati sve jedinice, uz elektri\u010dni ventil za svaki WC.<\/p>\n<ul>\n<li>Veli\u010dina ulaza: 19 mm (3\/4&#8243;)<\/li>\n<li>Veli\u010dine izlaza: 25\/38 mm (1&#8243;-1.5&#8243;)<\/li>\n<li>Potro\u0161nja energije: 30A na 12V<\/li>\n<\/ul>\n<p>Pobolj\u0161ajte svoje iskustvo u kupaonici s na\u0161im Ocean Luxury Elektri\u010dnim WC-om, gdje se udobnost susre\u0107e s inovacijama najnovije tehnologije.<\/p>\n","protected":false},"excerpt":{"rendered":"<p>WC Ocean Luxury Silent 12V H455mm &#8211; Elektri\u010dni WC Ocean Luxury Silent 12V H455mm. Predstavljamo na\u0161u prekrasno izra\u0111enu bijelu porculansku<\/p>\n","protected":false},"featured_media":5937303,"comment_status":"open","ping_status":"closed","template":"","meta":[],"product_brand":[3141],"product_cat":[1675],"product_tag":[],"class_list":{"0":"post-739948","1":"product","2":"type-product","3":"status-publish","4":"has-post-thumbnail","6":"product_brand-matromarine-hr","7":"product_cat-brodski-wc","9":"first","10":"instock","11":"shipping-taxable","12":"purchasable","13":"product-type-simple"},"_links":{"self":[{"href":"https:\/\/stoic-curie.212-227-153-4.plesk.page\/hr\/wp-json\/wp\/v2\/product\/739948","targetHints":{"allow":["GET"]}}],"collection":[{"href":"https:\/\/stoic-curie.212-227-153-4.plesk.page\/hr\/wp-json\/wp\/v2\/product"}],"about":[{"href":"https:\/\/stoic-curie.212-227-153-4.plesk.page\/hr\/wp-json\/wp\/v2\/types\/product"}],"replies":[{"embeddable":true,"href":"https:\/\/stoic-curie.212-227-153-4.plesk.page\/hr\/wp-json\/wp\/v2\/comments?post=739948"}],"version-history":[{"count":0,"href":"https:\/\/stoic-curie.212-227-153-4.plesk.page\/hr\/wp-json\/wp\/v2\/product\/739948\/revisions"}],"wp:featuredmedia":[{"embeddable":true,"href":"https:\/\/stoic-curie.212-227-153-4.plesk.page\/hr\/wp-json\/wp\/v2\/media\/5937303"}],"wp:attachment":[{"href":"https:\/\/stoic-curie.212-227-153-4.plesk.page\/hr\/wp-json\/wp\/v2\/media?parent=739948"}],"wp:term":[{"taxonomy":"product_brand","embeddable":true,"href":"https:\/\/stoic-curie.212-227-153-4.plesk.page\/hr\/wp-json\/wp\/v2\/product_brand?post=739948"},{"taxonomy":"product_cat","embeddable":true,"href":"https:\/\/stoic-curie.212-227-153-4.plesk.page\/hr\/wp-json\/wp\/v2\/product_cat?post=739948"},{"taxonomy":"product_tag","embeddable":true,"href":"https:\/\/stoic-curie.212-227-153-4.plesk.page\/hr\/wp-json\/wp\/v2\/product_tag?post=739948"}],"curies":[{"name":"wp","href":"https:\/\/api.w.org\/{rel}","templated":true}]}}