{"id":739949,"date":"2025-03-03T18:06:16","date_gmt":"2025-03-03T17:06:16","guid":{"rendered":"https:\/\/stoic-curie.212-227-153-4.plesk.page\/producto\/crno-okruglo-okno-270-mm\/"},"modified":"2026-02-25T00:00:38","modified_gmt":"2026-02-25T00:00:38","slug":"crno-okruglo-okno-270-mm","status":"publish","type":"product","link":"https:\/\/stoic-curie.212-227-153-4.plesk.page\/hr\/product\/crno-okruglo-okno-270-mm\/","title":{"rendered":"Crno okruglo okno 270 mm"},"content":{"rendered":"<p>Crno okruglo okno 270 mm &#8211; <\/p>\n<p>Nylon okvir i okrugli prozori od akrilnog stakla. Uklju\u010duje prsten za trim. Vijci nisu uklju\u010deni. Veli\u010dina priklju\u010dka 30 mm. CE EN ISO12216 certificirano.<\/p>\n","protected":false},"excerpt":{"rendered":"<p>Crno okruglo okno 270 mm &#8211; Nylon okvir i okrugli prozori od akrilnog stakla. Uklju\u010duje prsten za trim. Vijci nisu<\/p>\n","protected":false},"featured_media":5936529,"comment_status":"open","ping_status":"closed","template":"","meta":[],"product_brand":[3036],"product_cat":[1697,1702],"product_tag":[],"class_list":{"0":"post-739949","1":"product","2":"type-product","3":"status-publish","4":"has-post-thumbnail","6":"product_brand-jba-marine-hr","7":"product_cat-brodska-okna","8":"product_cat-brodske-grotlasca-i-otvori","10":"first","11":"outofstock","12":"shipping-taxable","13":"purchasable","14":"product-type-simple"},"_links":{"self":[{"href":"https:\/\/stoic-curie.212-227-153-4.plesk.page\/hr\/wp-json\/wp\/v2\/product\/739949","targetHints":{"allow":["GET"]}}],"collection":[{"href":"https:\/\/stoic-curie.212-227-153-4.plesk.page\/hr\/wp-json\/wp\/v2\/product"}],"about":[{"href":"https:\/\/stoic-curie.212-227-153-4.plesk.page\/hr\/wp-json\/wp\/v2\/types\/product"}],"replies":[{"embeddable":true,"href":"https:\/\/stoic-curie.212-227-153-4.plesk.page\/hr\/wp-json\/wp\/v2\/comments?post=739949"}],"version-history":[{"count":0,"href":"https:\/\/stoic-curie.212-227-153-4.plesk.page\/hr\/wp-json\/wp\/v2\/product\/739949\/revisions"}],"wp:featuredmedia":[{"embeddable":true,"href":"https:\/\/stoic-curie.212-227-153-4.plesk.page\/hr\/wp-json\/wp\/v2\/media\/5936529"}],"wp:attachment":[{"href":"https:\/\/stoic-curie.212-227-153-4.plesk.page\/hr\/wp-json\/wp\/v2\/media?parent=739949"}],"wp:term":[{"taxonomy":"product_brand","embeddable":true,"href":"https:\/\/stoic-curie.212-227-153-4.plesk.page\/hr\/wp-json\/wp\/v2\/product_brand?post=739949"},{"taxonomy":"product_cat","embeddable":true,"href":"https:\/\/stoic-curie.212-227-153-4.plesk.page\/hr\/wp-json\/wp\/v2\/product_cat?post=739949"},{"taxonomy":"product_tag","embeddable":true,"href":"https:\/\/stoic-curie.212-227-153-4.plesk.page\/hr\/wp-json\/wp\/v2\/product_tag?post=739949"}],"curies":[{"name":"wp","href":"https:\/\/api.w.org\/{rel}","templated":true}]}}