{"id":739954,"date":"2025-03-03T18:06:18","date_gmt":"2025-03-03T17:06:18","guid":{"rendered":"https:\/\/stoic-curie.212-227-153-4.plesk.page\/producto\/kit-za-tusiranje-ugradbeni-attwood-241-x-127-mm\/"},"modified":"2026-02-25T00:00:40","modified_gmt":"2026-02-25T00:00:40","slug":"kit-za-tusiranje-ugradbeni-attwood-241-x-127-mm","status":"publish","type":"product","link":"https:\/\/stoic-curie.212-227-153-4.plesk.page\/hr\/product\/kit-za-tusiranje-ugradbeni-attwood-241-x-127-mm\/","title":{"rendered":"Kit za tu\u0161iranje ugradbeni Attwood 241 x 127 mm"},"content":{"rendered":"<p>Kit za tu\u0161iranje ugradbeni Attwood 241 x 127 mm &#8211; <\/p>\n<p>Ugra\u0111eni tu\u0161 set s mije\u0161a\u010dima tople i hladne vode te fleksibilnom crijevom du\u017eine 185 cm. Antishock plasti\u010dni UV otporni poklopac i ku\u0107i\u0161te. Vertikalna ili horizontalna monta\u017ea.<\/p>\n","protected":false},"excerpt":{"rendered":"<p>Kit za tu\u0161iranje ugradbeni Attwood 241 x 127 mm &#8211; Ugra\u0111eni tu\u0161 set s mije\u0161a\u010dima tople i hladne vode te<\/p>\n","protected":false},"featured_media":5937322,"comment_status":"open","ping_status":"closed","template":"","meta":[],"product_brand":[2806],"product_cat":[1652],"product_tag":[],"class_list":{"0":"post-739954","1":"product","2":"type-product","3":"status-publish","4":"has-post-thumbnail","6":"product_brand-attwood-hr","7":"product_cat-brodski-tusevi","9":"first","10":"instock","11":"shipping-taxable","12":"purchasable","13":"product-type-simple"},"_links":{"self":[{"href":"https:\/\/stoic-curie.212-227-153-4.plesk.page\/hr\/wp-json\/wp\/v2\/product\/739954","targetHints":{"allow":["GET"]}}],"collection":[{"href":"https:\/\/stoic-curie.212-227-153-4.plesk.page\/hr\/wp-json\/wp\/v2\/product"}],"about":[{"href":"https:\/\/stoic-curie.212-227-153-4.plesk.page\/hr\/wp-json\/wp\/v2\/types\/product"}],"replies":[{"embeddable":true,"href":"https:\/\/stoic-curie.212-227-153-4.plesk.page\/hr\/wp-json\/wp\/v2\/comments?post=739954"}],"version-history":[{"count":0,"href":"https:\/\/stoic-curie.212-227-153-4.plesk.page\/hr\/wp-json\/wp\/v2\/product\/739954\/revisions"}],"wp:featuredmedia":[{"embeddable":true,"href":"https:\/\/stoic-curie.212-227-153-4.plesk.page\/hr\/wp-json\/wp\/v2\/media\/5937322"}],"wp:attachment":[{"href":"https:\/\/stoic-curie.212-227-153-4.plesk.page\/hr\/wp-json\/wp\/v2\/media?parent=739954"}],"wp:term":[{"taxonomy":"product_brand","embeddable":true,"href":"https:\/\/stoic-curie.212-227-153-4.plesk.page\/hr\/wp-json\/wp\/v2\/product_brand?post=739954"},{"taxonomy":"product_cat","embeddable":true,"href":"https:\/\/stoic-curie.212-227-153-4.plesk.page\/hr\/wp-json\/wp\/v2\/product_cat?post=739954"},{"taxonomy":"product_tag","embeddable":true,"href":"https:\/\/stoic-curie.212-227-153-4.plesk.page\/hr\/wp-json\/wp\/v2\/product_tag?post=739954"}],"curies":[{"name":"wp","href":"https:\/\/api.w.org\/{rel}","templated":true}]}}