{"id":739955,"date":"2025-03-03T18:06:18","date_gmt":"2025-03-03T17:06:18","guid":{"rendered":"https:\/\/stoic-curie.212-227-153-4.plesk.page\/producto\/kaljuzni-ventilator-attwood-za-strojarnice-turbo4000-24v\/"},"modified":"2026-02-25T00:00:40","modified_gmt":"2026-02-25T00:00:40","slug":"kaljuzni-ventilator-attwood-za-strojarnice-turbo4000-24v","status":"publish","type":"product","link":"https:\/\/stoic-curie.212-227-153-4.plesk.page\/hr\/product\/kaljuzni-ventilator-attwood-za-strojarnice-turbo4000-24v\/","title":{"rendered":"Kalju\u017eni ventilator Attwood za strojarnice TURBO4000 24V"},"content":{"rendered":"<p>Kalju\u017eni ventilator Attwood za strojarnice TURBO4000 24V &#8211; <\/p>\n<p>Vodootporni turbo puhaljci za strojarnice i kabine. U kompletu s 2 remena. Puhaljci su dizajnirani da osiguraju 25% ve\u0107i protok zraka od drugih puhaljaka, a tro\u0161e 40% manje energije. Motor sa niklenim premazom s poklopcem i zatvorenim kabelima za potpunu za\u0161titu od korozije.<\/p>\n","protected":false},"excerpt":{"rendered":"<p>Kalju\u017eni ventilator Attwood za strojarnice TURBO4000 24V &#8211; Vodootporni turbo puhaljci za strojarnice i kabine. U kompletu s 2 remena.<\/p>\n","protected":false},"featured_media":5937324,"comment_status":"open","ping_status":"closed","template":"","meta":[],"product_brand":[2806],"product_cat":[1826,1732],"product_tag":[],"class_list":{"0":"post-739955","1":"product","2":"type-product","3":"status-publish","4":"has-post-thumbnail","6":"product_brand-attwood-hr","7":"product_cat-sustavi-odzracivanja-motora","8":"product_cat-ventilatori-za-provjetravanje-kaljuze","10":"first","11":"instock","12":"shipping-taxable","13":"purchasable","14":"product-type-simple"},"_links":{"self":[{"href":"https:\/\/stoic-curie.212-227-153-4.plesk.page\/hr\/wp-json\/wp\/v2\/product\/739955","targetHints":{"allow":["GET"]}}],"collection":[{"href":"https:\/\/stoic-curie.212-227-153-4.plesk.page\/hr\/wp-json\/wp\/v2\/product"}],"about":[{"href":"https:\/\/stoic-curie.212-227-153-4.plesk.page\/hr\/wp-json\/wp\/v2\/types\/product"}],"replies":[{"embeddable":true,"href":"https:\/\/stoic-curie.212-227-153-4.plesk.page\/hr\/wp-json\/wp\/v2\/comments?post=739955"}],"version-history":[{"count":0,"href":"https:\/\/stoic-curie.212-227-153-4.plesk.page\/hr\/wp-json\/wp\/v2\/product\/739955\/revisions"}],"wp:featuredmedia":[{"embeddable":true,"href":"https:\/\/stoic-curie.212-227-153-4.plesk.page\/hr\/wp-json\/wp\/v2\/media\/5937324"}],"wp:attachment":[{"href":"https:\/\/stoic-curie.212-227-153-4.plesk.page\/hr\/wp-json\/wp\/v2\/media?parent=739955"}],"wp:term":[{"taxonomy":"product_brand","embeddable":true,"href":"https:\/\/stoic-curie.212-227-153-4.plesk.page\/hr\/wp-json\/wp\/v2\/product_brand?post=739955"},{"taxonomy":"product_cat","embeddable":true,"href":"https:\/\/stoic-curie.212-227-153-4.plesk.page\/hr\/wp-json\/wp\/v2\/product_cat?post=739955"},{"taxonomy":"product_tag","embeddable":true,"href":"https:\/\/stoic-curie.212-227-153-4.plesk.page\/hr\/wp-json\/wp\/v2\/product_tag?post=739955"}],"curies":[{"name":"wp","href":"https:\/\/api.w.org\/{rel}","templated":true}]}}